{"id":157142,"date":"2021-10-05T13:04:31","date_gmt":"2021-10-05T18:04:31","guid":{"rendered":"https:\/\/www.acrartex.com\/products\/l8-5\/"},"modified":"2025-10-21T12:06:12","modified_gmt":"2025-10-21T17:06:12","slug":"l8-5","status":"publish","type":"product","link":"https:\/\/www.acrartex.com\/sv\/products\/l8-5\/","title":{"rendered":"L8-5"},"content":{"rendered":"<ul>\n<li>H\u00f6geffektiv LED-lampa<\/li>\n<li>Enkel integration med flytv\u00e4star<\/li>\n<li>Ultraliten och l\u00e4tt design<\/li>\n<li>Vattenaktiverat (s\u00f6tvatten och saltvatten)<\/li>\n<li>Fem \u00e5rs batteritid*<\/li>\n<\/ul>\n<p>&nbsp;<\/p>\n<p>*F\u00f6rutsatt att ljus inte av misstag kommer i kontakt med vatten och f\u00f6rvaras enligt angivna f\u00f6rvaringskrav<\/p>\n","protected":false},"excerpt":{"rendered":"<p>L8-5 \u00e4r en vattenaktiverad LED-lampa f\u00f6r att lokalisera \u00f6verlevande, godk\u00e4nd av den amerikanska kustbevakningen. Lampan \u00e4r godk\u00e4nd f\u00f6r anv\u00e4ndning p\u00e5 flytv\u00e4star eller livr\u00e4ddare f\u00f6r att indikera var \u00f6verlevande befinner sig i vattnet till f\u00f6ljd av en marin olycka eller n\u00f6dsituation. Lampan och linsen i L8-5 producerar ett kraftfullt ljus som varar i minst 8 timmar efter aktivering med en minsta ljusintensitet p\u00e5 1 cd. Under hela sin livsl\u00e4ngd kommer lampan att kontinuerligt avge ett fast vitt ljus f\u00f6r att tydligt indikera en \u00f6verlevandes plats och \u00f6ka sannolikheten f\u00f6r r\u00e4ddning.  <\/p>\n","protected":false},"featured_media":157150,"template":"","meta":{"_acf_changed":false,"om_disable_all_campaigns":false},"product_brand":[],"product_cat":[5583],"product_tag":[12984,12985,12982,12980,12983,12987,9813],"class_list":{"0":"post-157142","1":"product","2":"type-product","3":"status-publish","4":"has-post-thumbnail","6":"product_cat-marin","7":"product_tag-acr-pfd-ljus","8":"product_tag-l8-5-sv","9":"product_tag-marin-flytvast-ljus","10":"product_tag-marin-flytvastlampa","11":"product_tag-marin-pfd-lampa","12":"product_tag-nod-pfd-ljus","13":"product_tag-raddningsljus-sv","14":"pa_product-arv","16":"first","17":"instock","18":"taxable","19":"shipping-taxable","20":"product-type-simple"},"acf":[],"_links":{"self":[{"href":"https:\/\/www.acrartex.com\/sv\/wp-json\/wp\/v2\/product\/157142","targetHints":{"allow":["GET"]}}],"collection":[{"href":"https:\/\/www.acrartex.com\/sv\/wp-json\/wp\/v2\/product"}],"about":[{"href":"https:\/\/www.acrartex.com\/sv\/wp-json\/wp\/v2\/types\/product"}],"wp:featuredmedia":[{"embeddable":true,"href":"https:\/\/www.acrartex.com\/sv\/wp-json\/wp\/v2\/media\/157150"}],"wp:attachment":[{"href":"https:\/\/www.acrartex.com\/sv\/wp-json\/wp\/v2\/media?parent=157142"}],"wp:term":[{"taxonomy":"product_brand","embeddable":true,"href":"https:\/\/www.acrartex.com\/sv\/wp-json\/wp\/v2\/product_brand?post=157142"},{"taxonomy":"product_cat","embeddable":true,"href":"https:\/\/www.acrartex.com\/sv\/wp-json\/wp\/v2\/product_cat?post=157142"},{"taxonomy":"product_tag","embeddable":true,"href":"https:\/\/www.acrartex.com\/sv\/wp-json\/wp\/v2\/product_tag?post=157142"}],"curies":[{"name":"wp","href":"https:\/\/api.w.org\/{rel}","templated":true}]}}