{"id":157047,"date":"2021-03-16T08:12:35","date_gmt":"2021-03-16T08:12:35","guid":{"rendered":"https:\/\/www.acrartex.com\/products\/b406-4\/"},"modified":"2026-01-06T09:38:04","modified_gmt":"2026-01-06T14:38:04","slug":"b406-4","status":"publish","type":"product","link":"https:\/\/www.acrartex.com\/sv\/products\/b406-4\/","title":{"rendered":"B406-4"},"content":{"rendered":"<p>Artex B406-4 s\u00e4nder p\u00e5 alla 3 n\u00f6dfrekvenser (121,5\/243,0 och 406 MHz). ELT aktiveras automatiskt vid en krasch och s\u00e4nder standardtonen p\u00e5 121,5 och 243,0 MHz. Var 50:e sekund i 520 millisekunder (long message protocol) sl\u00e5s 406 MHz-s\u00e4ndaren p\u00e5 och s\u00e4nder ett kodat digitalt meddelande till Cospas\/Sarsat-satellitsystemet. ELT kan programmeras med flygplanets 24-bitarsadress samt latitud-\/longitudinformation fr\u00e5n flygplanets navigationssystem n\u00e4r den anv\u00e4nds med Artex ELT \/NAV Interface -B (P\/N 453-6501). B406-4 \u00e4r utformad f\u00f6r att samverka med Boeings Master Caution System i samband med den DZUS-monterade fj\u00e4rrkontrollpanelen i cockpit. Monteringsh\u00e5rdvaran f\u00f6r B406-4 \u00e4r kompatibel med alla tidigare versioner av Artex 406 MHz ELT:er.     <\/p>\n<p>&nbsp;<\/p>\n<p>ARTEX ELT:er \u00e4r det sj\u00e4lvklara valet f\u00f6r kommersiella flygplan, inklusive Boeing, Bombardier och Embraer.<\/p>\n","protected":false},"excerpt":{"rendered":"<p>B406-4 har modifierats f\u00f6r att samverka med Boeings Master Caution System i kombination med den DZUS-monterade cockpitfj\u00e4rrkontrollpanelen (P\/N 453-0161) f\u00f6r B737 och \u00e4r dessutom godk\u00e4nd f\u00f6r anv\u00e4ndning p\u00e5 alla modeller av B747, B757, B767 och B777.<\/p>\n","protected":false},"featured_media":157052,"template":"","meta":{"_acf_changed":false,"om_disable_all_campaigns":false},"product_brand":[],"product_cat":[5553,8624],"product_tag":[8274,8272,8278,7096,8275,12878,12879,6390,6388,12866,8271,8276,8279,8282,6391,6389,6387,8277,12869,12872,11314,6742,8273,8280,12875,8281,6386,11302,11326],"class_list":{"0":"post-157047","1":"product","2":"type-product","3":"status-publish","4":"has-post-thumbnail","6":"product_cat-flyg","7":"product_cat-kommersiella-flygplan","8":"product_tag-1215-elt-sv","9":"product_tag-406-elt-sv","10":"product_tag-406-mhz-elt-sv","11":"product_tag-artex-sv","12":"product_tag-artex-110-4-sv","13":"product_tag-artex-b406-sv","14":"product_tag-artex-b406-elt-sv","15":"product_tag-artex-c406-sv","16":"product_tag-artex-c406-1-sv","17":"product_tag-artex-c406-2-sv","18":"product_tag-artex-elt-sv","19":"product_tag-artex-elt-110-4-sv","20":"product_tag-artex-elt-406-sv","21":"product_tag-artex-elt-testare","22":"product_tag-artex-me-406-elt-sv","23":"product_tag-artex-me406-sv","24":"product_tag-artex-mig-406","25":"product_tag-artex-net-sv","26":"product_tag-b406-sv","27":"product_tag-b406-elt-sv","28":"product_tag-cospas-sv","29":"product_tag-cospas-sarsat-sv","30":"product_tag-elt-1215-sv","31":"product_tag-elt-406-sv","32":"product_tag-elt-b406-sv","33":"product_tag-elt-lokalisering","34":"product_tag-mig-406-elt","35":"product_tag-sarsat-sv","36":"product_tag-sarsat-cospas-sv","37":"pa_aircraft-type-flygplan","38":"pa_aircraft-type-latta-stralar","39":"pa_aircraft-type-medelstora-jetplan","40":"pa_aircraft-type-passagerarjet","41":"pa_aircraft-type-stora-jetstralar","42":"pa_product-elt-losningar","44":"first","45":"instock","46":"taxable","47":"shipping-taxable","48":"product-type-simple"},"acf":[],"_links":{"self":[{"href":"https:\/\/www.acrartex.com\/sv\/wp-json\/wp\/v2\/product\/157047","targetHints":{"allow":["GET"]}}],"collection":[{"href":"https:\/\/www.acrartex.com\/sv\/wp-json\/wp\/v2\/product"}],"about":[{"href":"https:\/\/www.acrartex.com\/sv\/wp-json\/wp\/v2\/types\/product"}],"wp:featuredmedia":[{"embeddable":true,"href":"https:\/\/www.acrartex.com\/sv\/wp-json\/wp\/v2\/media\/157052"}],"wp:attachment":[{"href":"https:\/\/www.acrartex.com\/sv\/wp-json\/wp\/v2\/media?parent=157047"}],"wp:term":[{"taxonomy":"product_brand","embeddable":true,"href":"https:\/\/www.acrartex.com\/sv\/wp-json\/wp\/v2\/product_brand?post=157047"},{"taxonomy":"product_cat","embeddable":true,"href":"https:\/\/www.acrartex.com\/sv\/wp-json\/wp\/v2\/product_cat?post=157047"},{"taxonomy":"product_tag","embeddable":true,"href":"https:\/\/www.acrartex.com\/sv\/wp-json\/wp\/v2\/product_tag?post=157047"}],"curies":[{"name":"wp","href":"https:\/\/api.w.org\/{rel}","templated":true}]}}