{"id":156758,"date":"2021-03-16T08:22:06","date_gmt":"2021-03-16T08:22:06","guid":{"rendered":"https:\/\/www.acrartex.com\/products\/c406-1-hm\/"},"modified":"2026-03-06T09:25:37","modified_gmt":"2026-03-06T14:25:37","slug":"c406-1-hm","status":"publish","type":"product","link":"https:\/\/www.acrartex.com\/sv\/products\/c406-1-hm\/","title":{"rendered":"C406-1 HM"},"content":{"rendered":"<p>C406-1 HM har testats f\u00f6r att uppfylla de rigor\u00f6sa kraven i TSO C126, inklusive 500 G st\u00f6t, 1000 pund krossning samt flam- och vibrationstester. C406-1 HM finns tillg\u00e4nglig f\u00f6r anv\u00e4ndning med Artex billiga spr\u00f6tantenner, stavantenn eller en bladantenn. C406-1 HM kan anslutas till det valfria Artex ELT \/NAV-gr\u00e4nssnittet, vilket m\u00f6jligg\u00f6r \u00f6verf\u00f6ring av latitud- och longituddata som en del av 406 MHz-meddelandet. C406-1 HM anv\u00e4nder en enda koaxialkabel f\u00f6r att hantera alla tre frekvenser. C406-1 HM ELT finns tillg\u00e4nglig f\u00f6r fasta vingar med en enkelriktad G-switch och helikopterapplikationer (HM) med en fleraxlig G-switch.    <\/p>\n<p>&nbsp;<\/p>\n<p>Omedelbar r\u00e4ddningsinsats med slutf\u00f6rd registrering<\/p>\n<ul>\n<li>Verkar p\u00e5 frekvenserna 121,5, 243 och 406 MHz<\/li>\n<li>V\u00e4rldsomsp\u00e4nnande t\u00e4ckning<\/li>\n<li>Kompatibel med ELT till navigationsgr\u00e4nssnitt<\/li>\n<li>5 \u00e5rs batteritid (ers\u00e4ttningsbatteri artikelnr. 452-0133)<\/li>\n<li>Om du anv\u00e4nder den&#8230;ers\u00e4tter vi den <a href=\"http:\/\/www.survivorclub.com\/\">kostnadsfritt<\/a> . Skicka bara in din ber\u00e4ttelse, skicka tillbaka din begagnade fyr s\u00e5 att vi kan montera den p\u00e5 v\u00e5r Wall of Fame och vi skickar dig en helt ny fyr av samma eller h\u00f6gre v\u00e4rde.<\/li>\n<\/ul>\n<p>ARTEX ELT:er \u00e4r det sj\u00e4lvklara valet f\u00f6r rotorfarkoster, inklusive Sikorsky, Airbus Helicopters, AgustaWestland och Bell.<\/p>\n<p>&nbsp;<\/p>\n<p>Certifieringar<\/p>\n<ul>\n<li>TSO C126<\/li>\n<li>ETSO 2C126<\/li>\n<li>Godk\u00e4nd av Cospas\/Sarsat<\/li>\n<li>Godk\u00e4nd av Transport &amp; Industry Canada<\/li>\n<\/ul>\n<p>&nbsp;<\/p>\n<p>ELT -paketlista<\/p>\n<table style=\"border-collapse: collapse; width: 745pt; border: none;\" width=\"994\">\n<colgroup>\n<col style=\"width: 140pt;\" width=\"187\">\n<col style=\"width: 219pt;\" width=\"292\">\n<col style=\"width: 197pt;\" width=\"263\">\n<col style=\"width: 189pt;\" width=\"252\"> <\/colgroup>\n<tbody>\n<tr style=\"height: 20.0pt;\">\n<td class=\"xl66\" style=\"border: none; height: 20.0pt; width: 140pt; text-align: center; vertical-align: middle; padding-top: 1px; padding-right: 1px; padding-left: 1px;\" width=\"187\" height=\"27\"><\/td>\n<td class=\"xl68\" style=\"border: 0.5pt solid gray; background: #3c404a; width: 219pt; text-align: center; vertical-align: middle; padding-top: 1px; padding-right: 1px; padding-left: 1px;\" width=\"292\"><span style=\"font-size: 11pt;\"><span style=\"color: #b0e40a;\"><span style=\"font-weight: bold;\"><span style=\"font-style: normal;\"><span style=\"text-decoration: none;\"><span style=\"font-family: Calibri,sans-serif;\">Antenn<\/span><\/span><\/span><\/span><\/span><\/span><\/td>\n<td class=\"xl68\" style=\"border: 0.5pt solid gray; background: #3c404a; border-left: none; width: 197pt; text-align: center; vertical-align: middle; padding-top: 1px; padding-right: 1px; padding-left: 1px;\" width=\"263\"><span style=\"font-size: 11pt;\"><span style=\"color: #b0e40a;\"><span style=\"font-weight: bold;\"><span style=\"font-style: normal;\"><span style=\"text-decoration: none;\"><span style=\"font-family: Calibri,sans-serif;\">Fj\u00e4rrbrytare och tillbeh\u00f6r<\/span><\/span><\/span><\/span><\/span><\/span><\/td>\n<td class=\"xl67\" style=\"border: none; background: #3c404a; border-left: none; width: 189pt; text-align: center; vertical-align: middle; border-width: 0.5pt; border-style: solid; border-color: gray windowtext gray gray; padding-top: 1px; padding-right: 1px; padding-left: 1px;\" width=\"252\"><span style=\"font-size: 11pt;\"><span style=\"color: #b0e40a;\"><span style=\"font-weight: bold;\"><span style=\"font-style: normal;\"><span style=\"text-decoration: none;\"><span style=\"font-family: Calibri,sans-serif;\">Manualer\/Godk\u00e4nnanden\/Nedladdningar<\/span><\/span><\/span><\/span><\/span><\/span><\/td>\n<\/tr>\n<tr style=\"height: 20.0pt;\">\n<td class=\"xl69\" style=\"border: 0.5pt solid gray; background: #b0e40a; height: 20.0pt; text-align: center; vertical-align: middle; padding-top: 1px; padding-right: 1px; padding-left: 1px;\" height=\"27\"><span style=\"font-size: 11pt;\"><span style=\"font-weight: 400;\"><span style=\"font-style: normal;\"><span style=\"text-decoration: none;\"><span style=\"font-family: Calibri,sans-serif;\">ELT C406-1 HM 455-5016<\/span><\/span><\/span><\/span><\/span><\/td>\n<td class=\"xl66\" style=\"border: none; text-align: center; vertical-align: middle; padding-top: 1px; padding-right: 1px; padding-left: 1px;\"><span style=\"font-size: 11pt;\"><span style=\"font-weight: 400;\"><span style=\"font-style: normal;\"><span style=\"text-decoration: none;\"><span style=\"font-family: Calibri,sans-serif;\">110-338 (Vit) och 110-338-01 (Svart)<\/span><\/span><\/span><\/span><\/span><\/td>\n<td class=\"xl66\" style=\"border: none; text-align: center; vertical-align: middle; padding-top: 1px; padding-right: 1px; padding-left: 1px;\"><span style=\"font-size: 11pt;\"><span style=\"font-weight: 400;\"><span style=\"font-style: normal;\"><span style=\"text-decoration: none;\"><span style=\"font-family: Calibri,sans-serif;\">455-6196<\/span><\/span><\/span><\/span><\/span><\/td>\n<td class=\"xl66\" style=\"border: none; text-align: center; vertical-align: middle; padding-top: 1px; padding-right: 1px; padding-left: 1px;\"><a href=\"https:\/\/www.dropbox.com\/s\/oh1krqeug21j321\/455-5016_packlist.pdf?dl=1\"><span style=\"font-size: 11pt;\"><span style=\"font-weight: 400;\"><span style=\"font-style: normal;\"><span style=\"text-decoration: none;\"><span style=\"font-family: Calibri,sans-serif;\">Packlista<\/span><\/span><\/span><\/span><\/span><\/a><\/td>\n<\/tr>\n<tr style=\"height: 20.0pt;\">\n<td class=\"xl69\" style=\"border: 0.5pt solid gray; background: #b0e40a; height: 20.0pt; border-top: none; text-align: center; vertical-align: middle; padding-top: 1px; padding-right: 1px; padding-left: 1px;\" height=\"27\"><span style=\"font-size: 11pt;\"><span style=\"font-weight: 400;\"><span style=\"font-style: normal;\"><span style=\"text-decoration: none;\"><span style=\"font-family: Calibri,sans-serif;\">ELT C406-1 HM 455-5017<\/span><\/span><\/span><\/span><\/span><\/td>\n<td class=\"xl66\" style=\"border: none; text-align: center; vertical-align: middle; padding-top: 1px; padding-right: 1px; padding-left: 1px;\"><span style=\"font-size: 11pt;\"><span style=\"font-weight: 400;\"><span style=\"font-style: normal;\"><span style=\"text-decoration: none;\"><span style=\"font-family: Calibri,sans-serif;\">110-340 och 110-340-01 (Skyddskant)<\/span><\/span><\/span><\/span><\/span><\/td>\n<td class=\"xl66\" style=\"border: none; text-align: center; vertical-align: middle; padding-top: 1px; padding-right: 1px; padding-left: 1px;\"><span style=\"font-size: 11pt;\"><span style=\"font-weight: 400;\"><span style=\"font-style: normal;\"><span style=\"text-decoration: none;\"><span style=\"font-family: Calibri,sans-serif;\">455-6196<\/span><\/span><\/span><\/span><\/span><\/td>\n<td class=\"xl66\" style=\"border: none; text-align: center; vertical-align: middle; padding-top: 1px; padding-right: 1px; padding-left: 1px;\"><a href=\"https:\/\/www.dropbox.com\/s\/jy5acnvztahv4rr\/455-5017_packlist.pdf?dl=1\"><span style=\"font-size: 11pt;\"><span style=\"font-weight: 400;\"><span style=\"font-style: normal;\"><span style=\"text-decoration: none;\"><span style=\"font-family: Calibri,sans-serif;\">Packlista<\/span><\/span><\/span><\/span><\/span><\/a><\/td>\n<\/tr>\n<\/tbody>\n<\/table>\n","protected":false},"excerpt":{"rendered":"<p>Artex C406-1 HM s\u00e4nder p\u00e5 alla 3 n\u00f6dfrekvenser (121,5\/243,0 och 406 MHz). ELT aktiveras automatiskt vid en krasch och s\u00e4nder standardtonen p\u00e5 121,5 och 243,0 MHz. Den s\u00e4nder ocks\u00e5 ett 406 MHz kodat digitalt meddelande till satellitsystemet Cospas\/Sarsat, vilket m\u00f6jligg\u00f6r snabb identifiering och minskar svarstiden f\u00f6r s\u00f6k- och r\u00e4ddningstj\u00e4nsten.  <\/p>\n","protected":false},"featured_media":12374,"template":"","meta":{"_acf_changed":false,"om_disable_all_campaigns":false},"product_brand":[],"product_cat":[5553],"product_tag":[5560,8631,6390,6388,6391,6389,6387,6386],"class_list":{"0":"post-156758","1":"product","2":"type-product","3":"status-publish","4":"has-post-thumbnail","6":"product_cat-flyg","7":"product_tag-406-sv","8":"product_tag-406-1-sv","9":"product_tag-artex-c406-sv","10":"product_tag-artex-c406-1-sv","11":"product_tag-artex-me-406-elt-sv","12":"product_tag-artex-me406-sv","13":"product_tag-artex-mig-406","14":"product_tag-mig-406-elt","15":"pa_aircraft-type-rotocraft-sv","16":"pa_product-elt-losningar","17":"pa_product-rescue-beacons-sv","18":"pa_product-rescue-beacons-vhf-sart-sv","20":"first","21":"instock","22":"taxable","23":"shipping-taxable","24":"product-type-simple"},"acf":[],"_links":{"self":[{"href":"https:\/\/www.acrartex.com\/sv\/wp-json\/wp\/v2\/product\/156758","targetHints":{"allow":["GET"]}}],"collection":[{"href":"https:\/\/www.acrartex.com\/sv\/wp-json\/wp\/v2\/product"}],"about":[{"href":"https:\/\/www.acrartex.com\/sv\/wp-json\/wp\/v2\/types\/product"}],"wp:featuredmedia":[{"embeddable":true,"href":"https:\/\/www.acrartex.com\/sv\/wp-json\/wp\/v2\/media\/12374"}],"wp:attachment":[{"href":"https:\/\/www.acrartex.com\/sv\/wp-json\/wp\/v2\/media?parent=156758"}],"wp:term":[{"taxonomy":"product_brand","embeddable":true,"href":"https:\/\/www.acrartex.com\/sv\/wp-json\/wp\/v2\/product_brand?post=156758"},{"taxonomy":"product_cat","embeddable":true,"href":"https:\/\/www.acrartex.com\/sv\/wp-json\/wp\/v2\/product_cat?post=156758"},{"taxonomy":"product_tag","embeddable":true,"href":"https:\/\/www.acrartex.com\/sv\/wp-json\/wp\/v2\/product_tag?post=156758"}],"curies":[{"name":"wp","href":"https:\/\/api.w.org\/{rel}","templated":true}]}}