{"id":156533,"date":"2021-03-16T08:23:22","date_gmt":"2021-03-16T13:23:22","guid":{"rendered":"https:\/\/www.acrartex.com\/products\/tps-8700-test-och-programmeringssats\/"},"modified":"2021-03-16T08:23:22","modified_gmt":"2021-03-16T13:23:22","slug":"tps-8700-test-och-programmeringssats","status":"publish","type":"product","link":"https:\/\/www.acrartex.com\/sv\/products\/tps-8700-test-och-programmeringssats\/","title":{"rendered":"TPS 8700 \u2013 Test- och programmeringssats"},"content":{"rendered":"<p><strong><u>ELT -testning och verifiering av ELT -ID<\/u><\/strong><\/p>\n<p>Flygplans n\u00f6dlokaliseringss\u00e4ndare (ELT) m\u00e5ste ha sitt unika identifieringsnummer registrerat hos de nationella myndigheterna. ARTEX testaren tillhandah\u00e5ller en enkel metod f\u00f6r att verifiera och spara ARTEX ELT-ID efter installation, omprogrammering eller om fyren beh\u00f6ver omregistreras efter ett \u00e4garbyte av flygplan. <\/p>\n<p>&nbsp;<\/p>\n<p><strong><u>Testdata<\/u><\/strong><\/p>\n<p>ARTEX testaren registrerar all data i en intern databas som kan s\u00e4kerhetskopieras till din dator. Data kan visas p\u00e5 datorn oberoende av testaren, och de \u00e4r tidsst\u00e4mplade som bevis p\u00e5 \u00f6verf\u00f6ring och korrekt programmering. Testaren kan skriva ut via ett USB-gr\u00e4nssnitt till en dator. Utskriftsfunktionen kr\u00e4ver ett nedladdningsbart program som finns tillg\u00e4ngligt p\u00e5 ACRARTEX.com.   <\/p>\n<p>&nbsp;<\/p>\n<p><strong><u>Programmering<\/u><\/strong><\/p>\n<p>ARTEX programmeraren\/testaren har alla ovann\u00e4mnda funktioner hos testaren och kan \u00e4ven snabbt och enkelt programmera hela sortimentet av ARTEX ELT:er. Den kan programmera \u00f6nskat protokoll, NAV-data\u00f6verf\u00f6ringshastighet och n\u00f6dv\u00e4ndig information enligt Cospas-Sarsat beskrivningar via till\u00e4mplig programmeringskabel (medf\u00f6ljer). <\/p>\n<p>&nbsp;<\/p>\n<p>*Alla funktioner i 8700 g\u00e4ller endast f\u00f6r ARTEX ELT:er.<\/p>\n<table style=\"width: 500px;\" border=\"1\" cellspacing=\"1\" cellpadding=\"1\" align=\"left\">\n<tbody>\n<tr>\n<td><span style=\"font-size: 12.0pt;\">Funktionstabell f\u00f6r test och programmering<\/span><\/td>\n<td><strong><span style=\"font-size: 12.0pt;\">TPS 8700<\/span><\/strong><\/td>\n<td><strong><span style=\"font-size: 12.0pt;\">TS 8701<\/span><\/strong><\/td>\n<td><strong><span style=\"font-size: 12.0pt;\">TPS 8715<\/span><\/strong><\/td>\n<\/tr>\n<tr>\n<td><span style=\"font-size: 12.0pt;\">Verifiering av ELT -ID och avkodning av 406 MHz-s\u00e4ndning<\/span><\/td>\n<td>x<\/td>\n<td>x<\/td>\n<td>x<\/td>\n<\/tr>\n<tr>\n<td><span style=\"font-size: 12.0pt;\">Testning av f\u00f6rekomst av 121,5 MHz- och 243 MHz-s\u00e4ndningar<\/span><\/td>\n<td>x<\/td>\n<td>x<\/td>\n<td>x<\/td>\n<\/tr>\n<tr>\n<td><span style=\"font-size: 12.0pt;\">Programmering av ARTEX General Aviation ELTs endast (referens PN 8700 f\u00f6r enhet som \u00e4ven kan programmera ELT p\u00e5 transportniv\u00e5)<\/span><\/td>\n<td><\/td>\n<td><\/td>\n<td>x<\/td>\n<\/tr>\n<tr>\n<td><span style=\"font-size: 12.0pt;\">Programmering av alla ARTEX ELT:er<\/span><\/td>\n<td>x<\/td>\n<td><\/td>\n<td><\/td>\n<\/tr>\n<tr>\n<td><span style=\"font-size: 12.0pt;\">Databackup till dator<\/span><\/td>\n<td>x<\/td>\n<td>x<\/td>\n<td>x<\/td>\n<\/tr>\n<tr>\n<td><span style=\"font-size: 12.0pt;\">Utskriftsfunktion via USB-gr\u00e4nssnitt till en dator<\/span><\/td>\n<td>x<\/td>\n<td>x<\/td>\n<td>x<\/td>\n<\/tr>\n<tr>\n<td><span style=\"font-size: 12.0pt;\">Programvara som ing\u00e5r i produkten<\/span><\/td>\n<td>x<\/td>\n<td>x<\/td>\n<td><\/td>\n<\/tr>\n<tr>\n<td><span style=\"font-size: 12.0pt;\">Programvara som inte ing\u00e5r i produkten (programvaran laddas ner efter att kunden har mottagit produkten)<\/span><\/td>\n<td><\/td>\n<td><\/td>\n<td>x<\/td>\n<\/tr>\n<\/tbody>\n<\/table>\n<p>&nbsp;<\/p>\n","protected":false},"excerpt":{"rendered":"<p>TPS 8700 \u00e4r ett robust, kompakt och portabelt system som m\u00f6jligg\u00f6r programmering, verifiering och testning av alla ARTEX ELT:er.<\/p>\n<p> <span style=\"color: #ff0000;\"><strong>OBS: Denna produkt har utg\u00e5tt och har ersatts med <a href=\"https:\/\/www.acrartex.com\/products\/fpt\/\">FPT 8800-seriens ARTEX programmerare<\/a> .<\/strong><\/span><\/p>\n<p>&nbsp;<\/p>\n","protected":false},"featured_media":156537,"template":"","meta":{"_acf_changed":false,"om_disable_all_campaigns":false},"product_brand":[],"product_cat":[5553],"product_tag":[],"class_list":{"0":"post-156533","1":"product","2":"type-product","3":"status-publish","4":"has-post-thumbnail","6":"product_cat-flyg","7":"pa_product-arv","9":"first","10":"instock","11":"taxable","12":"shipping-taxable","13":"product-type-simple"},"acf":[],"_links":{"self":[{"href":"https:\/\/www.acrartex.com\/sv\/wp-json\/wp\/v2\/product\/156533","targetHints":{"allow":["GET"]}}],"collection":[{"href":"https:\/\/www.acrartex.com\/sv\/wp-json\/wp\/v2\/product"}],"about":[{"href":"https:\/\/www.acrartex.com\/sv\/wp-json\/wp\/v2\/types\/product"}],"wp:featuredmedia":[{"embeddable":true,"href":"https:\/\/www.acrartex.com\/sv\/wp-json\/wp\/v2\/media\/156537"}],"wp:attachment":[{"href":"https:\/\/www.acrartex.com\/sv\/wp-json\/wp\/v2\/media?parent=156533"}],"wp:term":[{"taxonomy":"product_brand","embeddable":true,"href":"https:\/\/www.acrartex.com\/sv\/wp-json\/wp\/v2\/product_brand?post=156533"},{"taxonomy":"product_cat","embeddable":true,"href":"https:\/\/www.acrartex.com\/sv\/wp-json\/wp\/v2\/product_cat?post=156533"},{"taxonomy":"product_tag","embeddable":true,"href":"https:\/\/www.acrartex.com\/sv\/wp-json\/wp\/v2\/product_tag?post=156533"}],"curies":[{"name":"wp","href":"https:\/\/api.w.org\/{rel}","templated":true}]}}