{"id":156241,"date":"2021-03-16T08:24:25","date_gmt":"2021-03-16T13:24:25","guid":{"rendered":"https:\/\/www.acrartex.com\/products\/resqlink-400-personal-locator-beacon\/"},"modified":"2026-02-03T13:47:39","modified_gmt":"2026-02-03T18:47:39","slug":"resqlink-400-personal-locator-beacon","status":"publish","type":"product","link":"https:\/\/www.acrartex.com\/sv\/products\/resqlink-400-personal-locator-beacon\/","title":{"rendered":"ResQLink \u2122 400 Personal Locator Beacon"},"content":{"rendered":"<p style=\"margin-left: 0in; margin-right: 0in;\">Med tre niv\u00e5er av integrerad signalteknik \u2013 GPS positionering, en kraftfull 406 MHz-signal och 121,5 MHz-funktion f\u00f6r m\u00e5ls\u00f6kning \u2013 vidarebefordrar ResQLink 400 snabbt och exakt din position till ett v\u00e4rldsomsp\u00e4nnande n\u00e4tverk av s\u00f6k- och r\u00e4ddningssatelliter. Dessutom underl\u00e4ttar en inbyggd stroboskoplampa och infrar\u00f6d stroboskoplampa r\u00e4ddningsinsatser nattetid eller vid andra r\u00e4ddningar i d\u00e5lig sikt. <\/p>\n<p style=\"margin-left: 0in; margin-right: 0in;\">Vart ditt \u00e4ventyr \u00e4n tar dig, oavsett om det \u00e4r en resa till de h\u00f6gsta bergstopparna, den mest ouppt\u00e4ckta terr\u00e4ngen eller de vidstr\u00e4cktaste haven, kan du vara s\u00e4ker p\u00e5 att ResQLink 400 alltid aktiveras enkelt. F\u00e4ll bara ut antennen, tryck p\u00e5 ON-knappen, s\u00e5 g\u00f6r s\u00e4ndaren resten \u00e5t dig genom att enkelt v\u00e4gleda r\u00e4ddare till inom 100 meter eller mindre fr\u00e5n din position. <\/p>\n<p style=\"margin-left: 0in; margin-right: 0in;\">Tack vare innovativa designelement kan multifunktionskl\u00e4mmor anv\u00e4ndas tillsammans med fyrljuset, vilket ger m\u00e5nga b\u00e4rm\u00f6jligheter som adresserar en m\u00e4ngd olika anv\u00e4ndbara till\u00e4mpningar. Den \u00f6kade enkla anv\u00e4ndningen av ResQLink 400 p\u00e5 dig, eller med din utrustning, gjorde alla dina \u00e4ventyr inte bara s\u00e4krare, utan ocks\u00e5 bekv\u00e4mare. <\/p>\n<p style=\"margin-left: 0in; margin-right: 0in;\">Som ledande inom livr\u00e4ddande produkter f\u00f6r b\u00e5de professionellt och fritidsbruk erbjuder ACR o\u00f6vertr\u00e4ffad s\u00e4kerhet och sinnesro med ResQLink 400 Personal Locator Beacon .<\/p>\n<p><strong>2346: ResQlink 400 Base PLB s\u00e4kerhetssats<\/strong> | Detta kit levereras med f\u00f6ljande artiklar:<\/p>\n<p>+ ResQLink 400\u2122 Personal Locator Beacon (endast programmerad i USA)<br \/>\n + C-Strobe\u2122 H2O r\u00e4ddningslampa<br \/>\n + Res-Q\u2122 visselpipa<br \/>\n + RapidDitch torrp\u00e5se<br \/>\n + Signalspegel<\/p>\n","protected":false},"excerpt":{"rendered":"<p style=\"margin-left: 0in; margin-right: 0in;\"><span style=\"font-size: 14px;\">Liten men t\u00e5lig, ResQLink 400 har professionellt konstruerats och testats f\u00f6r att s\u00e4kerst\u00e4lla att den t\u00e5l \u00e4ven de tuffaste elementen. Denna flytande Personal Locator Beacon kr\u00e4ver ingen prenumeration f\u00f6r anv\u00e4ndning och kan anv\u00e4ndas f\u00f6r att f\u00f6rb\u00e4ttra din s\u00e4kerhet i en m\u00e4ngd olika milj\u00f6er. Oavsett om det \u00e4r p\u00e5 land, till sj\u00f6ss eller i luften, kan du lita p\u00e5 att ResQLink satellitprecision och milit\u00e4ra h\u00e5llbarhet g\u00f6r r\u00e4ddningsinsatserna l\u00e4ttillg\u00e4ngliga.  <\/span><\/p>\n<p style=\"margin-left: 0in; margin-right: 0in;\"><span style=\"font-size: 14px;\"><strong>Funktioner och f\u00f6rdelar:<\/strong><\/span><\/p>\n<ul>\n<li><span style=\"font-size: 14px;\">Ingen prenumeration kr\u00e4vs<\/span><\/li>\n<li><span style=\"font-size: 14px;\">GPS och Galileo GNSS<\/span><\/li>\n<li><span style=\"font-size: 14px;\">Inbyggd flytkraft<\/span><\/li>\n<li><span style=\"font-size: 14px;\">Stroboskop och infrar\u00f6d stroboskop<\/span><\/li>\n<li><span style=\"font-size: 14px;\">Global t\u00e4ckning<\/span><\/li>\n<li><span style=\"font-size: 14px;\">MEOSAR-kompatibel<\/span><\/li>\n<li><span style=\"font-size: 14px;\">Liten och l\u00e4tt<\/span><\/li>\n<li><span style=\"font-size: 14px;\">5 \u00e5rs batteritid<\/span><\/li>\n<li><span style=\"font-size: 14px;\">24+ timmars drifttid**<\/span><\/li>\n<li><span style=\"font-size: 14px;\">Multifunktionellt kl\u00e4mmsystem ing\u00e5r<\/span><\/li>\n<\/ul>\n<p><span style=\"font-size: 14px;\">**Baserat p\u00e5 testrapport fr\u00e5n ett ackrediterat laboratorium | <a href=\"https:\/\/www.dropbox.com\/s\/8343nj28z0d7bxa\/Prop%2065%20-%20BPA.pdf?dl=0\">VARNING: PROP 65<\/a> <\/span><\/p>\n","protected":false},"featured_media":156345,"template":"","meta":{"_acf_changed":false,"om_disable_all_campaigns":false},"product_brand":[],"product_cat":[5829,5822,5826,5583,5823,5832,12347,5830,5769,5827],"product_tag":[12471,5560,6160,6169,7094,11654,6170,6175,6165,6162,6163,6176,6161,5773,12448,6166,12460,6174,12369,6173,12348,6168,6178,11721,6177,6167,5772,5770,5844,12431,11731,12415,12359,6172],"class_list":{"0":"post-156241","1":"product","2":"type-product","3":"status-publish","4":"has-post-thumbnail","6":"product_cat-actionsport-terrang","7":"product_cat-inat-landet","8":"product_cat-kommersiell","9":"product_cat-marin","10":"product_cat-nara-stranden","11":"product_cat-paddelsporter-fiske","12":"product_cat-personal-locator-beacon-sv","13":"product_cat-reseutrustning","14":"product_cat-utomhus","15":"product_cat-vandring-klattring-camping","16":"product_tag-2921-sv","17":"product_tag-406-sv","18":"product_tag-406-mhz-sv","19":"product_tag-66-kanaler","20":"product_tag-acr-sv","21":"product_tag-acr-personlig-lokaliseringsfyr-sv","22":"product_tag-enkel-aktivering","23":"product_tag-fiske","24":"product_tag-flottorer","25":"product_tag-flytande","26":"product_tag-flytande-plb","27":"product_tag-forsta-hjalpen","28":"product_tag-fyr","29":"product_tag-gps-sv","30":"product_tag-gps-fyr","31":"product_tag-gps-lokalisering","32":"product_tag-gps-sparare","33":"product_tag-jakt","34":"product_tag-kajakpaddling","35":"product_tag-klattrande","36":"product_tag-landa","37":"product_tag-liten-fyr","38":"product_tag-livraddande-utrustning","39":"product_tag-nara-kusten","40":"product_tag-overlevnadsfyr","41":"product_tag-personlig-epirob","42":"product_tag-personlig-lokaliseringsfyr-sv","43":"product_tag-plb-sv","44":"product_tag-resq-sv","45":"product_tag-resqlank-400","46":"product_tag-senaste-modellen","47":"product_tag-utomhus","48":"product_tag-vandring","49":"product_tag-vandringsfyr","50":"pa_activity-camping-sv","51":"pa_activity-cykel-sv","52":"pa_activity-fiske-sv","53":"pa_activity-klattrande","54":"pa_activity-langdakning","55":"pa_activity-paddelsporter","56":"pa_activity-skidor-snowboardakning","57":"pa_activity-snoskoter","58":"pa_activity-terrang-4x4","59":"pa_activity-vandring-sv","60":"pa_boat-type-bogserbat","61":"pa_boat-type-charter-yacht-sv","62":"pa_boat-type-kommersiellt-fiske","63":"pa_boat-type-motorbat","64":"pa_boat-type-segelbat","65":"pa_boat-type-sportcraft-sv","66":"pa_boat-type-yacht-sv","67":"pa_product-rescue-beacons-sv","68":"pa_terrain-floder-vatmarker-sjoar","69":"pa_terrain-kulle-och-berg","70":"pa_terrain-skog-och-djungel","71":"pa_terrain-tundra-sv","73":"first","74":"instock","75":"taxable","76":"shipping-taxable","77":"purchasable","78":"product-type-variable","79":"has-default-attributes"},"acf":[],"_links":{"self":[{"href":"https:\/\/www.acrartex.com\/sv\/wp-json\/wp\/v2\/product\/156241","targetHints":{"allow":["GET"]}}],"collection":[{"href":"https:\/\/www.acrartex.com\/sv\/wp-json\/wp\/v2\/product"}],"about":[{"href":"https:\/\/www.acrartex.com\/sv\/wp-json\/wp\/v2\/types\/product"}],"wp:featuredmedia":[{"embeddable":true,"href":"https:\/\/www.acrartex.com\/sv\/wp-json\/wp\/v2\/media\/156345"}],"wp:attachment":[{"href":"https:\/\/www.acrartex.com\/sv\/wp-json\/wp\/v2\/media?parent=156241"}],"wp:term":[{"taxonomy":"product_brand","embeddable":true,"href":"https:\/\/www.acrartex.com\/sv\/wp-json\/wp\/v2\/product_brand?post=156241"},{"taxonomy":"product_cat","embeddable":true,"href":"https:\/\/www.acrartex.com\/sv\/wp-json\/wp\/v2\/product_cat?post=156241"},{"taxonomy":"product_tag","embeddable":true,"href":"https:\/\/www.acrartex.com\/sv\/wp-json\/wp\/v2\/product_tag?post=156241"}],"curies":[{"name":"wp","href":"https:\/\/api.w.org\/{rel}","templated":true}]}}