{"id":156219,"date":"2021-03-16T08:25:01","date_gmt":"2021-03-16T13:25:01","guid":{"rendered":"https:\/\/www.acrartex.com\/products\/rcl-85-led-sokarljus\/"},"modified":"2026-02-03T14:07:18","modified_gmt":"2026-02-03T19:07:18","slug":"rcl-85-led-sokarljus","status":"publish","type":"product","link":"https:\/\/www.acrartex.com\/sv\/products\/rcl-85-led-sokarljus\/","title":{"rendered":"RCL -85 LED-s\u00f6karljus"},"content":{"rendered":"<p style=\"margin: 0in 0in 0.0001pt;\"><span style=\"font-size: 10pt;\"><span style=\"line-height: 150%;\">RCL -85 LED:s eleganta design g\u00f6r den till ett attraktivt och kostnadseffektivt val f\u00f6r sm\u00e5 till medelstora fritidsb\u00e5tar s\u00e5v\u00e4l som l\u00e4tta kommersiella fartyg. Denna str\u00e5lkastare levereras med en tr\u00e5dl\u00f6s handh\u00e5llen fj\u00e4rrkontroll f\u00f6r att rotera ljuset 350 grader. Med en 8-graders str\u00e5lvinkel kan ljuset lutas imponerande 90 grader f\u00f6r att g\u00f6ra belysningen av bryggor, bojar och bryggor till en barnlek. Beh\u00f6ver du hj\u00e4lp, anv\u00e4nd Strobe-funktionen f\u00f6r att signalera efter hj\u00e4lp. <strong><span style=\"font-weight: normal;\">RCL -85 \u00e4r v\u00e4derbest\u00e4ndig med<\/span><\/strong> elektroniken placerad i det IP68-vattent\u00e5liga ljushuvudet ist\u00e4llet f\u00f6r i basen f\u00f6r \u00f6kat skydd. ASA-h\u00f6ljet och linsen \u00e4r t\u00e4tade mot elementen f\u00f6r \u00e5ratal av problemfri drift f\u00f6r alla som vill ha en prisv\u00e4rd, ja ljusstark LED-str\u00e5lkastare f\u00f6r b\u00e5tar och lastbilar.      <\/span><\/span><\/p>\n<p style=\"text-align: justify; margin: 0in 0in 0.0001pt;\"><span style=\"font-size: 10pt;\"><span style=\"line-height: 150%;\"><b>Viktiga funktioner:<\/b><\/span><\/span><\/p>\n<ul>\n<li style=\"text-align: justify; margin: 0in 0in 0.0001pt;\"><span style=\"font-size: 10pt;\"><span style=\"line-height: 150%;\">6 h\u00f6gfl\u00f6des-LED (OSRAM)  <\/span><\/span><\/li>\n<li style=\"text-align: justify; margin: 0in 0in 0.0001pt;\"><span style=\"font-size: 10pt;\"><span style=\"line-height: 150%;\">240 000 candela, maximal str\u00e5lningsr\u00e4ckvidd 980 m<\/span><\/span><\/li>\n<li style=\"text-align: justify; margin: 0in 0in 0.0001pt;\"><span style=\"font-size: 10pt;\"><span style=\"line-height: 150%;\">Tr\u00e5dl\u00f6s handh\u00e5llen fj\u00e4rrkontroll (ing\u00e5r)<\/span><\/span><\/li>\n<li style=\"text-align: justify; margin: 0in 0in 0.0001pt;\"><span style=\"font-size: 10pt;\"><span style=\"line-height: 150%;\">350 <sup>\u00b0<\/sup> rotation och 90 <sup>\u00b0<\/sup> lutning<\/span><\/span><\/li>\n<li style=\"text-align: justify; margin: 0in 0in 0.0001pt;\"><span style=\"font-size: 10pt;\"><span style=\"line-height: 150%;\">2 ampere (12V) till 1,1 ampere (24V)<\/span><\/span><\/li>\n<li style=\"text-align: justify; margin: 0in 0in 0.0001pt;\"><span style=\"font-size: 10pt;\"><span style=\"line-height: 150%;\">Effektiva LED-lampor med l\u00e5ng livsl\u00e4ngd \u2013 50 000 driftstimmar<\/span><\/span><\/li>\n<li style=\"text-align: justify; margin: 0in 0in 0.0001pt;\"><span style=\"font-size: 10pt;\"><span style=\"line-height: 150%;\">UV- och v\u00e4derbest\u00e4ndig<\/span><\/span><\/li>\n<li>Ljusstark LED-str\u00e5lkastare f\u00f6r b\u00e5tar och lastbilar<\/li>\n<li style=\"text-align: justify; margin: 0in 0in 0.0001pt;\"><span style=\"font-size: 10.0pt;\">Enkel installation (endast 12\u201324 V str\u00f6manslutning)<\/span><\/li>\n<\/ul>\n","protected":false},"excerpt":{"rendered":"<p style=\"margin: 0in 0in 0.0001pt;\"><span style=\"font-size: 10pt;\"><span style=\"line-height: 150%;\">Den helt nya RCL -85 LED-str\u00e5lkastaren \u00e4r designad f\u00f6r b\u00e5t\u00e4garen som vill slippa besv\u00e4ret med halogenstr\u00e5lkastare men \u00e4nd\u00e5 ha deras \u00f6verkomliga pris i en av de ljusstarka LED-str\u00e5lkastarna f\u00f6r b\u00e5tar och lastbilar. Med imponerande 240 000 candela med 6 High Flux (30W) LED-lampor har du sikt \u00f6ver en halv sj\u00f6mil f\u00f6r att lysa upp v\u00e4gen till din destination. Den enkla installationen kr\u00e4ver bara att du ansluter din 12 till 24-voltsstr\u00f6m till str\u00e5lkastaren, all drift \u00e4r helt tr\u00e5dl\u00f6s.  <\/span><\/span><\/p>\n<p>&nbsp;<\/p>\n<p style=\"margin: 0in 0in 0.0001pt;\"><a href=\"https:\/\/www.dropbox.com\/s\/fk04stqsp2hgk5f\/Prop%2065%20-%20DEHP.pdf?dl=0\">VARNING: F\u00d6RSLAG 65<\/a><\/p>\n<p>&nbsp;<\/p>\n","protected":false},"featured_media":36740,"template":"","meta":{"_acf_changed":false,"om_disable_all_campaigns":false},"product_brand":[],"product_cat":[5822,5583,5823,7092,5825],"product_tag":[12454,12467,12394,7112,12425,7103,12408,11958,7661,12441,7674,7105,7101],"class_list":{"0":"post-156219","1":"product","2":"type-product","3":"status-publish","4":"has-post-thumbnail","6":"product_cat-inat-landet","7":"product_cat-marin","8":"product_cat-nara-stranden","9":"product_cat-stralkastare","10":"product_cat-till-havs","11":"product_tag-1956-sv","12":"product_tag-1957-sv","13":"product_tag-acr-rcl-85-sv","14":"product_tag-acr-sokljus","15":"product_tag-arbetsbilslampa","16":"product_tag-batstralkastare","17":"product_tag-lastbils-sokljus","18":"product_tag-led-batstralkastare-sv","19":"product_tag-led-sokljus","20":"product_tag-ljusstark-led-stralkastare-for-batar-och-lastbilar","21":"product_tag-marin-led-sokarljus","22":"product_tag-marin-sokljus","23":"product_tag-stralkastare-till-salu","24":"pa_product-sokljus","26":"first","27":"instock","28":"taxable","29":"shipping-taxable","30":"purchasable","31":"product-type-variable"},"acf":[],"_links":{"self":[{"href":"https:\/\/www.acrartex.com\/sv\/wp-json\/wp\/v2\/product\/156219","targetHints":{"allow":["GET"]}}],"collection":[{"href":"https:\/\/www.acrartex.com\/sv\/wp-json\/wp\/v2\/product"}],"about":[{"href":"https:\/\/www.acrartex.com\/sv\/wp-json\/wp\/v2\/types\/product"}],"wp:featuredmedia":[{"embeddable":true,"href":"https:\/\/www.acrartex.com\/sv\/wp-json\/wp\/v2\/media\/36740"}],"wp:attachment":[{"href":"https:\/\/www.acrartex.com\/sv\/wp-json\/wp\/v2\/media?parent=156219"}],"wp:term":[{"taxonomy":"product_brand","embeddable":true,"href":"https:\/\/www.acrartex.com\/sv\/wp-json\/wp\/v2\/product_brand?post=156219"},{"taxonomy":"product_cat","embeddable":true,"href":"https:\/\/www.acrartex.com\/sv\/wp-json\/wp\/v2\/product_cat?post=156219"},{"taxonomy":"product_tag","embeddable":true,"href":"https:\/\/www.acrartex.com\/sv\/wp-json\/wp\/v2\/product_tag?post=156219"}],"curies":[{"name":"wp","href":"https:\/\/api.w.org\/{rel}","templated":true}]}}