{"id":156170,"date":"2021-03-16T08:23:13","date_gmt":"2021-03-16T13:23:13","guid":{"rendered":"https:\/\/www.acrartex.com\/products\/artex-elt-345-pilotkit\/"},"modified":"2021-03-16T08:23:13","modified_gmt":"2021-03-16T13:23:13","slug":"artex-elt-345-pilotkit","status":"publish","type":"product","link":"https:\/\/www.acrartex.com\/sv\/products\/artex-elt-345-pilotkit\/","title":{"rendered":"ARTEX ELT 345\u2122 Pilotkit"},"content":{"rendered":"<p>N\u00e4r en n\u00f6dsituation intr\u00e4ffar kan du lita p\u00e5 samma m\u00e4rke som ledande flygplanstillverkare litar p\u00e5 f\u00f6r f\u00f6rstklassig kvalitet, \u00f6verl\u00e4gsen teknik och enast\u00e5ende kundservice. Den nya ARTEX <a href=\"https:\/\/www.acrartex.com\/sv\/products\/elt-345\/\">ELT 345<\/a> \u00e4r byggd enligt branschens str\u00e4ngaste kvalitetsstandarder f\u00f6r att s\u00e4kerst\u00e4lla att ELT fungerar f\u00f6rsta g\u00e5ngen, varje g\u00e5ng. ARTEX ELT 345 s\u00e4nder p\u00e5 frekvenserna 406 MHz och 121,5 MHz samtidigt som den ger positionsnoggrannhet tack vare det inbyggda GPS navigationsgr\u00e4nssnittet. GPS data \u00e4r inb\u00e4ddad i den f\u00f6rsta n\u00f6d\u00f6verf\u00f6ringen och f\u00f6rser s\u00f6k- och r\u00e4ddningspersonal med flygplanets position, inom 100 meter, p\u00e5 mindre \u00e4n en minut. ELT 345 har ett branschl\u00e5gt pris f\u00f6r en ELT som erbjuder samma kvalitet och prestanda som ARTEX varum\u00e4rket byggdes p\u00e5.    <\/p>\n<p>&nbsp;<\/p>\n<p><strong>S\u00e5 h\u00e4r fungerar ARTEX ELT 345:<\/strong><\/p>\n<p>ARTEX ELT 345 kan aktiveras manuellt (via fj\u00e4rrkontrollen i cockpiten eller ELT brytaren) eller automatiskt (G-Switchen k\u00e4nner av en st\u00f6t p\u00e5 2,3 G eller h\u00f6gre) och varnar n\u00e4rmaste s\u00f6k- och r\u00e4ddningstj\u00e4nst om din n\u00f6dsituation. 406 MHz-signalen, som inneh\u00e5ller dina GPS koordinater, s\u00e4nds till Cospas-Sarsat -satelliterna och vidarebefordras till Mission Control Center d\u00e4r den omedelbart dirigeras till n\u00e4rmaste s\u00f6k- och r\u00e4ddningstj\u00e4nst. Din beacon-registrering kommer att ber\u00e4tta f\u00f6r r\u00e4ddningspersonalen <strong>vem<\/strong> du \u00e4r och sj\u00e4lva beaconen l\u00e5ter dem veta <strong>var<\/strong> du befinner dig inom 100 meter. Slutligen hj\u00e4lper den lokala 121,5 MHz-m\u00e5ls\u00f6karsignalen s\u00f6k- och r\u00e4ddningsstyrkorna att identifiera din exakta plats.   <\/p>\n<p>&nbsp;<\/p>\n<p><strong>Enkel installation:<\/strong><\/p>\n<p>ARTEX ELT 345 erbjuder en snabb och enkel eftermonteringsm\u00f6jlighet med flexibla installationsalternativ, s\u00e5som en tv\u00e5tr\u00e5ds fj\u00e4rrbrytare som inte kr\u00e4ver n\u00e5gon flygplansstr\u00f6m. Eftersom det \u00e4r en ELT med en utg\u00e5ng anv\u00e4nder ELT 345 samma RF-utg\u00e5ng och endast en koaxialkabel f\u00f6r att \u00f6verf\u00f6ra b\u00e5de 406 MHz- och 121,5 MHz-signaler. Det inbyggda navigationsgr\u00e4nssnittet kr\u00e4ver inte flygplansstr\u00f6m f\u00f6r att fungera, vilket avsev\u00e4rt minskar installationskostnaden. Monteringsf\u00e4stet i rostfritt st\u00e5l har en flerh\u00e5lskonfiguration som g\u00f6r det snabbt och enkelt att byta ut \u00e4ldre ARTEX ELT:er eller gamla ACK-, Kannad- och AmeriKing-ELT:er.   <\/p>\n<p>Para ihop ELT 345 med ARTEX exklusiva online-satellitbekr\u00e4ftelsesystem, <a title=\"406Test.com\" href=\"http:\/\/www.406test.com\/\">406Test.com<\/a> , och f\u00e5 resultat fr\u00e5n beacon-testning i realtid fr\u00e5n samma satelliter som anv\u00e4nds av Search and Rescue, f\u00f6r att s\u00e4kerst\u00e4lla att ditt ELT system fungerar korrekt. Det finns en anledning till att ARTEX ELT:er \u00e4r fler flygplanstillverkares val \u00e4n n\u00e5gon annan; de litar p\u00e5 ARTEX f\u00f6r att bygga produkter av h\u00f6gsta kvalitet med vetskapen om att de anv\u00e4nds f\u00f6r att r\u00e4dda liv. <\/p>\n<p>&nbsp;<\/p>\n<p><strong>Kitinneh\u00e5ll:<\/strong><\/p>\n<ul style=\"list-style-type: disc;\">\n<li><a href=\"https:\/\/www.acrartex.com\/sv\/products\/elt-345\/\">ELT 345\u2122<\/a> (Artikelnummer 8102)<\/li>\n<li><a href=\"https:\/\/www.acrartex.com\/sv\/products\/resqlink-400-personal-locator-beacon\/\">ResQLink 400\u2122<\/a> Personal Locator Beacon (artikelnummer 2921)<\/li>\n<li><a href=\"https:\/\/www.acrartex.com\/products\/c-light-h20\">C-Light H\u2082O\u2122<\/a> n\u00f6dljus (artikelnummer 3962)<\/li>\n<li>Signalspegel<\/li>\n<li>WW-3 Res-Q\u2122 visselpipa (artikelnummer 1700)<\/li>\n<\/ul>\n","protected":false},"excerpt":{"rendered":"<p>Detta \u00e4r det senaste \u00f6verlevnadskitet f\u00f6r piloter som finns tillg\u00e4ngligt. Det nya <a href=\"https:\/\/www.acrartex.com\/press_releases\/167\">ARTEX ELT 345\u2122 pilotkitet<\/a> \u00e4r den perfekta kombinationen av s\u00e4kerhets- och \u00f6verlevnadsprodukter utformade f\u00f6r att h\u00e5lla flygare s\u00e4kra i en n\u00f6dsituation. Pilotkitet ger flygare ett praktiskt kit f\u00f6r att utrusta sina flygplan med den senaste 406 MHz Emergency Locator Transmitter ( ELT ) tillsammans med personlig \u00f6verlevnadsutrustning f\u00f6r att tillhandah\u00e5lla ett redundant system f\u00f6r att varna s\u00f6k- och r\u00e4ddningspersonal om deras position.  <\/p>\n<p>&nbsp;<\/p>\n<p><a href=\"https:\/\/www.acrartex.com\/products\/elt-345-transmitter\">ARTEX ELT 345<\/a> levereras med fj\u00e4rrbrytare, summer, antenn och installationsh\u00e5rdvara och ger piloter en kostnadseffektiv ELT uppgraderingsl\u00f6sning till \u00e4ldre 121,5 MHz ELT:er som inte l\u00e4ngre \u00f6vervakas av s\u00f6k- och r\u00e4ddningssatelliter, eller som en ers\u00e4ttning f\u00f6r andra 406 MHz ELT:er f\u00f6r den kvalitets- och prismedvetna flygaren.<\/p>\n<p>&nbsp;<\/p>\n<p>Detta kit inneh\u00e5ller f\u00f6ljande viktiga \u00f6verlevnadsprodukter:<\/p>\n<p>&nbsp;<\/p>\n<ul>\n<li>ELT 345\u2122 (inkluderar antenn, fj\u00e4rrbrytare + installation av h\u00e5rdvara)<\/li>\n<li>ResQLink +\u2122 Personal Locator Beacon<\/li>\n<li>C-Light H\u2082O\u2122 n\u00f6dljus<\/li>\n<li>Signalspegel<\/li>\n<li>WW-3 Res-Q\u2122 visselpipa<\/li>\n<\/ul>\n<p>&nbsp;<\/p>\n<p><a href=\"https:\/\/www.dropbox.com\/s\/8343nj28z0d7bxa\/Prop%2065%20-%20BPA.pdf?dl=0\">VARNING: F\u00d6RSLAG 65<\/a><\/p>\n<p>&nbsp;<\/p>\n<p>&nbsp;<\/p>\n","protected":false},"featured_media":156376,"template":"","meta":{"_acf_changed":false,"om_disable_all_campaigns":false},"product_brand":[],"product_cat":[5835,5834,5553,8624],"product_tag":[12471,12384,12427,5557,9319,12398,12468,12443,5772,12411,5770,12455,5842,12431,12373],"class_list":{"0":"post-156170","1":"product","2":"type-product","3":"status-publish","4":"has-post-thumbnail","6":"product_cat-affarsjet","7":"product_cat-allmanflyg","8":"product_cat-flyg","9":"product_cat-kommersiella-flygplan","10":"product_tag-2921-sv","11":"product_tag-c-light-h2o-sv","12":"product_tag-efterlevande","13":"product_tag-elt-sv","14":"product_tag-elt-345-sv","15":"product_tag-nodljus-sv","16":"product_tag-nodlokaliseringsfyr","17":"product_tag-overlevnadskit","18":"product_tag-personlig-lokaliseringsfyr-sv","19":"product_tag-pilotkit","20":"product_tag-plb-sv","21":"product_tag-resq-visselpipa","22":"product_tag-resqlank","23":"product_tag-resqlank-400","24":"product_tag-signalspegel","25":"pa_product-arv","27":"first","28":"instock","29":"taxable","30":"shipping-taxable","31":"product-type-simple"},"acf":[],"_links":{"self":[{"href":"https:\/\/www.acrartex.com\/sv\/wp-json\/wp\/v2\/product\/156170","targetHints":{"allow":["GET"]}}],"collection":[{"href":"https:\/\/www.acrartex.com\/sv\/wp-json\/wp\/v2\/product"}],"about":[{"href":"https:\/\/www.acrartex.com\/sv\/wp-json\/wp\/v2\/types\/product"}],"wp:featuredmedia":[{"embeddable":true,"href":"https:\/\/www.acrartex.com\/sv\/wp-json\/wp\/v2\/media\/156376"}],"wp:attachment":[{"href":"https:\/\/www.acrartex.com\/sv\/wp-json\/wp\/v2\/media?parent=156170"}],"wp:term":[{"taxonomy":"product_brand","embeddable":true,"href":"https:\/\/www.acrartex.com\/sv\/wp-json\/wp\/v2\/product_brand?post=156170"},{"taxonomy":"product_cat","embeddable":true,"href":"https:\/\/www.acrartex.com\/sv\/wp-json\/wp\/v2\/product_cat?post=156170"},{"taxonomy":"product_tag","embeddable":true,"href":"https:\/\/www.acrartex.com\/sv\/wp-json\/wp\/v2\/product_tag?post=156170"}],"curies":[{"name":"wp","href":"https:\/\/api.w.org\/{rel}","templated":true}]}}