{"id":156093,"date":"2021-03-16T08:24:50","date_gmt":"2021-03-16T13:24:50","guid":{"rendered":"https:\/\/www.acrartex.com\/products\/resqlink-view-personal-locator-beacon\/"},"modified":"2026-03-06T10:08:23","modified_gmt":"2026-03-06T15:08:23","slug":"resqlink-view-personal-locator-beacon","status":"publish","type":"product","link":"https:\/\/www.acrartex.com\/sv\/products\/resqlink-view-personal-locator-beacon\/","title":{"rendered":"ResQLink\u2122 View personlig lokaliseringssignal"},"content":{"rendered":"<p style=\"margin-left: 0in; margin-right: 0in;\">Med tre niv\u00e5er av integrerad signalteknik \u2013 GPS-positionering, en kraftfull 406 MHz-signal och 121,5 MHz-funktion f\u00f6r m\u00e5ls\u00f6kning \u2013 vidarebefordrar ResQLink View snabbt och exakt din position till ett v\u00e4rldsomsp\u00e4nnande n\u00e4tverk av s\u00f6k- och r\u00e4ddningssatelliter. Dessutom underl\u00e4ttar en inbyggd blixt och infrar\u00f6d blixt r\u00e4ddningsinsatser nattetid eller andra r\u00e4ddningar vid l\u00e5g sikt. <\/p>\n<p style=\"margin-left: 0in; margin-right: 0in;\">Vart ditt \u00e4ventyr \u00e4n tar dig, oavsett om det \u00e4r en resa till de h\u00f6gsta bergstopparna, den mest ouppt\u00e4ckta terr\u00e4ngen eller de vidstr\u00e4cktaste haven, kan du vara s\u00e4ker p\u00e5 att ResQLink View alltid aktiveras enkelt. F\u00e4ll bara ut antennen, tryck p\u00e5 str\u00f6mbrytaren s\u00e5 g\u00f6r fyren resten \u00e5t dig. Den kommer enkelt att v\u00e4gleda r\u00e4ddningspersonal inom 100 meter eller mindre fr\u00e5n din position. Njut av extra sinnesro med den integrerade digitala displayen f\u00f6r att se fyrens status och GPS-koordinater i realtid under hela r\u00e4ddningsprocessen.   <\/p>\n<p style=\"margin-left: 0in; margin-right: 0in;\">Tack vare innovativa designelement kan multifunktionskl\u00e4mmor anv\u00e4ndas tillsammans med fyrljuset, vilket ger m\u00e5nga b\u00e4rbara alternativ som adresserar en m\u00e4ngd olika anv\u00e4ndbara till\u00e4mpningar. Den \u00f6kade enkla anv\u00e4ndningen av ResQLink View p\u00e5 dig, eller med din utrustning, gjorde alla dina \u00e4ventyr inte bara s\u00e4krare, utan ocks\u00e5 bekv\u00e4mare. <\/p>\n<p style=\"margin-left: 0in; margin-right: 0in;\">Som ledande inom livr\u00e4ddande produkter f\u00f6r b\u00e5de professionellt och fritidsbruk erbjuder ACR o\u00f6vertr\u00e4ffad s\u00e4kerhet och sinnesro med ResQLink View Personal Locator Beacon.<\/p>\n<p style=\"margin-left: 0in; margin-right: 0in;\"><strong>Funktioner och f\u00f6rdelar:<\/strong><\/p>\n<ul>\n<li>Ingen prenumeration kr\u00e4vs<\/li>\n<li>GPS och Galileo GNSS<\/li>\n<li>Inbyggd flytkraft<\/li>\n<li>Stroboskop och infrar\u00f6d stroboskop<\/li>\n<li>Global t\u00e4ckning<\/li>\n<li>MEOSAR-kompatibel<\/li>\n<li>Liten och l\u00e4tt<\/li>\n<li>5 \u00e5rs batteritid<\/li>\n<li>28 timmars drifttid**<\/li>\n<li>Multifunktionskl\u00e4mma ing\u00e5r<\/li>\n<li><span style=\"font-family: Tahoma, sans-serif;\">Exklusiva ACR-skins ing\u00e5r i k\u00f6pet (anpassa din beacon och skr\u00e4ddarsy den efter din livsstil och dina f\u00f6redragna aktiviteter)<\/span><\/li>\n<\/ul>\n<p>&nbsp;<\/p>\n<p><strong>2347: ResQlink View PLB-s\u00e4kerhetssats<\/strong> | Detta kit levereras med f\u00f6ljande artiklar:<\/p>\n<ul>\n<li>ResQLink View\u2122 personlig lokaliseringssignal (endast programmerad i USA)<\/li>\n<li>C-Strobe\u2122 H2O r\u00e4ddningslampa \u2013 <a href=\"https:\/\/www.acrartex.com\/products\/c-strobe-h20\">L\u00e4s mer<\/a><\/li>\n<li>Res-Q\u2122 visselpipa \u2013 <a href=\"https:\/\/www.acrartex.com\/sv\/products\/ww-3-resq-visselpipa\/\">L\u00e4s mer<\/a><\/li>\n<li>RapidDitch torrp\u00e5se<\/li>\n<li>Signalspegel<\/li>\n<\/ul>\n<p>&nbsp;<\/p>\n<p><strong>2361: ResQLink VIEW PLB + ResQFlare s\u00e4kerhetskit<\/strong> | Detta kit inneh\u00e5ller f\u00f6ljande viktiga \u00f6verlevnadsprodukter:<\/p>\n<ul>\n<li>ResQLink View personlig lokaliseringssignal (endast programmerad i USA)<\/li>\n<li>ResQFlare Elektronisk N\u00f6dbloss<\/li>\n<li>C-Strobe H2O r\u00e4ddningsljus<\/li>\n<li>Signalspegel<\/li>\n<li>Res-Q\u2122 visselpipa<\/li>\n<li>RapidDitch torrv\u00e4ska<\/li>\n<\/ul>\n","protected":false},"excerpt":{"rendered":"<p style=\"margin-left: 0in; margin-right: 0in;\">Liten men t\u00e5lig, ResQLink View har professionellt konstruerats och testats f\u00f6r att s\u00e4kerst\u00e4lla att den t\u00e5l \u00e4ven de tuffaste elementen. Denna flytande personliga positioneringss\u00e4ndare kr\u00e4ver ingen prenumeration f\u00f6r anv\u00e4ndning och inkluderar en digital display som visar livestatus och GPS-koordinater. Oavsett om du \u00e4r p\u00e5 land, till sj\u00f6ss eller i luften, kan du lita p\u00e5 att ResQLinks satellitprecision och milit\u00e4ra h\u00e5llbarhet g\u00f6r r\u00e4ddningsaktionen i din handflata.  <\/p>\n<p>**Baserat p\u00e5 testrapport fr\u00e5n ett ackrediterat laboratorium<\/p>\n<p>&nbsp;<\/p>\n<p><a href=\"https:\/\/www.dropbox.com\/s\/8343nj28z0d7bxa\/Prop%2065%20-%20BPA.pdf?dl=0\">VARNING: F\u00d6RSLAG 65<\/a><\/p>\n<p>&nbsp;<\/p>\n","protected":false},"featured_media":12437,"template":"","meta":{"_acf_changed":false,"om_disable_all_campaigns":false},"product_brand":[],"product_cat":[5829,5822,5826,5583,5823,5832,12347,5830,5769,5827],"product_tag":[5560,6160,7094,11654,6175,6165,6162,6163,6161,5773,6166,12438,6174,12369,6173,12348,12407,6168,6178,9177,12423,6167,5770,12393,5844,5842,12379,12359,6172],"class_list":{"0":"post-156093","1":"product","2":"type-product","3":"status-publish","4":"has-post-thumbnail","6":"product_cat-actionsport-terrang","7":"product_cat-inat-landet","8":"product_cat-kommersiell","9":"product_cat-marin","10":"product_cat-nara-stranden","11":"product_cat-paddelsporter-fiske","12":"product_cat-personal-locator-beacon-sv","13":"product_cat-reseutrustning","14":"product_cat-utomhus","15":"product_cat-vandring-klattring-camping","16":"product_tag-406-sv","17":"product_tag-406-mhz-sv","18":"product_tag-acr-sv","19":"product_tag-acr-personlig-lokaliseringsfyr-sv","20":"product_tag-fiske","21":"product_tag-flottorer","22":"product_tag-flytande","23":"product_tag-flytande-plb","24":"product_tag-fyr","25":"product_tag-gps-sv","26":"product_tag-gps-lokalisering","27":"product_tag-ingen-prenumeration","28":"product_tag-jakt","29":"product_tag-kajakpaddling","30":"product_tag-klattrande","31":"product_tag-landa","32":"product_tag-lcd-skarm","33":"product_tag-liten-fyr","34":"product_tag-livraddande-utrustning","35":"product_tag-marin","36":"product_tag-palitlig","37":"product_tag-personlig-epirob","38":"product_tag-plb-sv","39":"product_tag-plb-425-sv","40":"product_tag-resq-sv","41":"product_tag-resqlank","42":"product_tag-resqlank-vy","43":"product_tag-vandring","44":"product_tag-vandringsfyr","45":"pa_activity-camping-sv","46":"pa_activity-cykel-sv","47":"pa_activity-fiske-sv","48":"pa_activity-klattrande","49":"pa_activity-langdakning","50":"pa_activity-paddelsporter","51":"pa_activity-skidor-snowboardakning","52":"pa_activity-snoskoter","53":"pa_activity-terrang-4x4","54":"pa_activity-vandring-sv","55":"pa_boat-type-charter-yacht-sv","56":"pa_boat-type-kommersiellt-fiske","57":"pa_boat-type-motorbat","58":"pa_boat-type-segelbat","59":"pa_boat-type-sportcraft-sv","60":"pa_boat-type-yacht-sv","61":"pa_product-rescue-beacons-sv","62":"pa_terrain-floder-vatmarker-sjoar","63":"pa_terrain-kulle-och-berg","64":"pa_terrain-skog-och-djungel","65":"pa_terrain-tundra-sv","67":"first","68":"instock","69":"taxable","70":"shipping-taxable","71":"purchasable","72":"product-type-variable","73":"has-default-attributes"},"acf":[],"_links":{"self":[{"href":"https:\/\/www.acrartex.com\/sv\/wp-json\/wp\/v2\/product\/156093","targetHints":{"allow":["GET"]}}],"collection":[{"href":"https:\/\/www.acrartex.com\/sv\/wp-json\/wp\/v2\/product"}],"about":[{"href":"https:\/\/www.acrartex.com\/sv\/wp-json\/wp\/v2\/types\/product"}],"wp:featuredmedia":[{"embeddable":true,"href":"https:\/\/www.acrartex.com\/sv\/wp-json\/wp\/v2\/media\/12437"}],"wp:attachment":[{"href":"https:\/\/www.acrartex.com\/sv\/wp-json\/wp\/v2\/media?parent=156093"}],"wp:term":[{"taxonomy":"product_brand","embeddable":true,"href":"https:\/\/www.acrartex.com\/sv\/wp-json\/wp\/v2\/product_brand?post=156093"},{"taxonomy":"product_cat","embeddable":true,"href":"https:\/\/www.acrartex.com\/sv\/wp-json\/wp\/v2\/product_cat?post=156093"},{"taxonomy":"product_tag","embeddable":true,"href":"https:\/\/www.acrartex.com\/sv\/wp-json\/wp\/v2\/product_tag?post=156093"}],"curies":[{"name":"wp","href":"https:\/\/api.w.org\/{rel}","templated":true}]}}