{"id":155581,"date":"2021-03-16T08:25:07","date_gmt":"2021-03-16T13:25:07","guid":{"rendered":"https:\/\/www.acrartex.com\/products\/rcl-95-led-sokarljus\/"},"modified":"2026-02-03T14:13:20","modified_gmt":"2026-02-03T19:13:20","slug":"rcl-95-led-sokarljus","status":"publish","type":"product","link":"https:\/\/www.acrartex.com\/sv\/products\/rcl-95-led-sokarljus\/","title":{"rendered":"RCL -95 LED-s\u00f6karljus"},"content":{"rendered":"<p style=\"margin: 0in 0in 0.0001pt;\"><span style=\"font-size: 10pt;\"><span style=\"line-height: 150%;\">Anv\u00e4nd RCL -95 LED-str\u00e5lkastaren med antingen<b> <\/b>Med en tr\u00e5dbunden joystick p\u00e5 instrumentbr\u00e4dan eller den tr\u00e5dl\u00f6sa handh\u00e5llna fj\u00e4rrkontrollen kan du rotera lampan 360 grader kontinuerligt med antingen snabb eller l\u00e5ngsam hastighet utan att beh\u00f6va stanna h\u00e5rt. Med en 8-graders str\u00e5lvinkel kan lampan lutas imponerande 135 grader f\u00f6r att g\u00f6ra belysningen av dragbroar, bojar och bryggor till en barnlek. Den automatiska hemfunktionen parkerar bekv\u00e4mt s\u00f6kljuset tillbaka till \u00f6nskad startplats varje g\u00e5ng du st\u00e4nger av s\u00f6kljuset. <strong><span style=\"font-weight: normal;\">RCL -95 \u00e4r den ljusaste LED-b\u00e5ts\u00f6klampan som \u00e4r v\u00e4derbest\u00e4ndig, med<\/span><\/strong> elektroniken placerad i det IP68-vattenbest\u00e4ndiga lamphuvudet ist\u00e4llet f\u00f6r i basen f\u00f6r \u00f6kat skydd. ASA-h\u00f6ljet och linsen \u00e4r f\u00f6rseglade mot elementen f\u00f6r \u00e5ratal av problemfri drift.     <\/span><\/span><\/p>\n<p style=\"margin: 0in 0in 0.0001pt;\"><b>Viktiga funktioner:<\/b><\/p>\n<ul>\n<li style=\"text-align: justify; margin: 0in 0in 0.0001pt;\"><span style=\"font-size: 10pt;\"><span style=\"line-height: 150%;\">10 h\u00f6gfl\u00f6des-LED (OSRAM)  <\/span><\/span><\/li>\n<li style=\"text-align: justify; margin: 0in 0in 0.0001pt;\"><span style=\"font-size: 10pt;\"><span style=\"line-height: 150%;\">460 000 candela, maxstr\u00e4cka 1 372 m, en av de ljusaste LED-b\u00e5tstr\u00e5lkastarna<\/span><\/span><\/li>\n<li style=\"text-align: justify; margin: 0in 0in 0.0001pt;\"><span style=\"font-size: 10pt;\"><span style=\"line-height: 150%;\">Tr\u00e5dl\u00f6s handh\u00e5llen fj\u00e4rrkontroll och tr\u00e5dbunden joystick f\u00f6r instrumentpanelen (b\u00e5da ing\u00e5r)<\/span><\/span><\/li>\n<li style=\"text-align: justify; margin: 0in 0in 0.0001pt;\"><span style=\"font-size: 10pt;\"><span style=\"line-height: 150%;\">360 <sup>\u00b0<\/sup> kontinuerlig rotation och 135 <sup>\u00b0<\/sup> lutning<\/span><\/span><\/li>\n<li style=\"text-align: justify; margin: 0in 0in 0.0001pt;\"><span style=\"font-size: 10pt;\"><span style=\"line-height: 150%;\">Automatisk hem\u00e5terg\u00e5ng n\u00e4r den \u00e4r avst\u00e4ngd<\/span><\/span><\/li>\n<li style=\"text-align: justify; margin: 0in 0in 0.0001pt;\"><span style=\"font-size: 10pt;\"><span style=\"line-height: 150%;\">4 ampere (12V) till 2 ampere (24V)<\/span><\/span><\/li>\n<li style=\"text-align: justify; margin: 0in 0in 0.0001pt;\"><span style=\"font-size: 10pt;\"><span style=\"line-height: 150%;\">Effektiva LED-lampor med l\u00e5ng livsl\u00e4ngd \u2013 50 000 driftstimmar<\/span><\/span><\/li>\n<li style=\"text-align: justify; margin: 0in 0in 0.0001pt;\"><span style=\"font-size: 10pt;\"><span style=\"line-height: 150%;\">UV- och v\u00e4derbest\u00e4ndig<\/span><\/span><\/li>\n<li style=\"text-align: justify; margin: 0in 0in 0.0001pt;\"><span style=\"font-size: 10pt;\"><span style=\"line-height: 150%;\">Enkel installation (12\u201324 V str\u00f6manslutning och 5 m tr\u00e5dbunden joystickkabel)<\/span><\/span><\/li>\n<li>Perfekt f\u00f6r arbetslastbilar, sk\u00e5pbilar, b\u00e5tar och arbetsb\u00e5tar<\/li>\n<\/ul>\n<p><b>Tillbeh\u00f6r:<\/b><b><\/b><\/p>\n<ul>\n<li><b><\/b><span style=\"font-size: 10pt;\"><span style=\"line-height: 150%;\">Tr\u00e5dl\u00f6s fj\u00e4rrkontroll f\u00f6r instrumentpanelmontering (artikelnr 9635)<\/span><\/span><\/li>\n<li><span style=\"font-size: 10pt;\"><span style=\"line-height: 150%;\">RCL -95 Ers\u00e4ttningsmonteringsplatta f\u00f6r GOLIGHT\u00ae (artikelnr 9639)*<\/span><\/span><\/li>\n<li><span style=\"font-size: 10pt;\"><span style=\"line-height: 150%;\">RCL -95 5 m f\u00f6rl\u00e4ngningskabel (artikelnr 9638)<\/span><\/span><\/li>\n<li><span style=\"font-size: 10pt;\"><span style=\"line-height: 150%;\">Kabelh\u00e4rva f\u00f6r RCL -95 joystick (artikelnr 9640)<\/span><\/span><\/li>\n<\/ul>\n<p><span style=\"font-size: 10pt;\"><span style=\"line-height: 150%;\">*Detta eftermonteringspaket kan anv\u00e4ndas vid byte av GOLIGHT\u00ae Stryker- eller RadioRay-str\u00e5lkastare mot RCL -95-str\u00e5lkastaren. Obs: Detta kit fungerar inte f\u00f6r den b\u00e4rbara versionen av RadioRay (GOLIGHT \u00e4r ett registrerat varum\u00e4rke som tillh\u00f6r GOLIGHT Inc.) <\/span><\/span><\/p>\n","protected":false},"excerpt":{"rendered":"<p style=\"margin: 0in 0in 0.0001pt;\"><span style=\"font-size: 10pt;\"><span style=\"line-height: 150%;\">Den helt nya RCL -95 LED-s\u00f6karljuset \u00e4r designat f\u00f6r prestanda och enkelhet och f\u00f6r att vara en av de ljusaste LED-s\u00f6karljusen f\u00f6r b\u00e5tar. Med branschens b\u00e4sta 460 000 candela och 10 High Flux (50W) LED-lampor har du sikt \u00f6ver \u00be sj\u00f6mil f\u00f6r att lysa upp v\u00e4gen till din destination.   <\/span><\/span><span style=\"font-size: 10.0pt;\">RCL -95 LEDs eleganta design g\u00f6r den till ett attraktivt och kostnadseffektivt val f\u00f6r sm\u00e5 till medelstora fritidsb\u00e5tar s\u00e5v\u00e4l som l\u00e4tta kommersiella fartyg.<\/span><\/p>\n<p>&nbsp;<\/p>\n<p style=\"margin: 0in 0in 0.0001pt;\"><a href=\"https:\/\/www.dropbox.com\/s\/0ezw0kexbm120vv\/Prop%2065%20-%20Lead%20and%20Lead%20Compounds.pdf?dl=0\">VARNING: F\u00d6RSLAG 65<\/a><\/p>\n","protected":false},"featured_media":36733,"template":"","meta":{"_acf_changed":false,"om_disable_all_campaigns":false},"product_brand":[],"product_cat":[5822,5583,5823,7092,5825],"product_tag":[11996,12009,11986,7112,7103,11958,7674,7105,11976],"class_list":{"0":"post-155581","1":"product","2":"type-product","3":"status-publish","4":"has-post-thumbnail","6":"product_cat-inat-landet","7":"product_cat-marin","8":"product_cat-nara-stranden","9":"product_cat-stralkastare","10":"product_cat-till-havs","11":"product_tag-1958-sv","12":"product_tag-1959-sv","13":"product_tag-acr-rcl-95-sv","14":"product_tag-acr-sokljus","15":"product_tag-batstralkastare","16":"product_tag-led-batstralkastare-sv","17":"product_tag-marin-led-sokarljus","18":"product_tag-marin-sokljus","19":"product_tag-stralkastare-for-forsaljning","20":"pa_product-sokljus","22":"first","23":"instock","24":"taxable","25":"shipping-taxable","26":"purchasable","27":"product-type-variable"},"acf":[],"_links":{"self":[{"href":"https:\/\/www.acrartex.com\/sv\/wp-json\/wp\/v2\/product\/155581","targetHints":{"allow":["GET"]}}],"collection":[{"href":"https:\/\/www.acrartex.com\/sv\/wp-json\/wp\/v2\/product"}],"about":[{"href":"https:\/\/www.acrartex.com\/sv\/wp-json\/wp\/v2\/types\/product"}],"wp:featuredmedia":[{"embeddable":true,"href":"https:\/\/www.acrartex.com\/sv\/wp-json\/wp\/v2\/media\/36733"}],"wp:attachment":[{"href":"https:\/\/www.acrartex.com\/sv\/wp-json\/wp\/v2\/media?parent=155581"}],"wp:term":[{"taxonomy":"product_brand","embeddable":true,"href":"https:\/\/www.acrartex.com\/sv\/wp-json\/wp\/v2\/product_brand?post=155581"},{"taxonomy":"product_cat","embeddable":true,"href":"https:\/\/www.acrartex.com\/sv\/wp-json\/wp\/v2\/product_cat?post=155581"},{"taxonomy":"product_tag","embeddable":true,"href":"https:\/\/www.acrartex.com\/sv\/wp-json\/wp\/v2\/product_tag?post=155581"}],"curies":[{"name":"wp","href":"https:\/\/api.w.org\/{rel}","templated":true}]}}