{"id":155510,"date":"2021-03-16T08:27:35","date_gmt":"2021-03-16T13:27:35","guid":{"rendered":"https:\/\/www.acrartex.com\/products\/rcl-50-led-sokarljus\/"},"modified":"2026-02-03T13:57:46","modified_gmt":"2026-02-03T18:57:46","slug":"rcl-50-led-sokarljus","status":"publish","type":"product","link":"https:\/\/www.acrartex.com\/sv\/products\/rcl-50-led-sokarljus\/","title":{"rendered":"RCL -50 LED-s\u00f6karljus"},"content":{"rendered":"<p>RCL -50 LED forts\u00e4tter att anv\u00e4nda samma robusta design som den ursprungliga RCL -50D och inkluderar en effektiv 6-LED-upps\u00e4ttning som producerar \u00f6ver 100 000 candela ljus. Byggd f\u00f6r sm\u00e5 till medelstora b\u00e5tar, aluminiumh\u00f6ljet och den f\u00f6rseglade glaslinsen skyddar f\u00f6r \u00e5ratal av problemfri drift. Andra funktioner inkluderar en tr\u00e5dbunden fj\u00e4rrkontroll som l\u00e5ter anv\u00e4ndare rotera 360 grader kontinuerligt vid h\u00f6ga eller l\u00e5ga hastigheter utan att beh\u00f6va stoppa h\u00e5rt. Med en 10-graders str\u00e5lvinkel ger lampan \u00e4ven elevationsvinklar p\u00e5 20 grader upp och ner f\u00f6r att g\u00f6ra belysning av dragbroar, bojar och bryggor till en barnlek.   <\/p>\n<p>Aluminiumh\u00f6ljet \u00e4r belagt med en UV-stabilisator f\u00f6r att klara \u00e5ratal i den tuffa marina milj\u00f6n. Str\u00e5lkastarens mekanismer \u00e4r helt inkapslade och skyddar med exakt str\u00e5lvinkelkontroll och RCL -50 LED-lampor \u00e4r konstruerade f\u00f6r att fungera i \u00f6ver 40 000 driftstimmar. Med exklusiva XRCiZ\u2122, ett f\u00f6rprogrammerat system som roterar oberoende var 30:e dag fr\u00e5n aktivering f\u00f6r att skydda mot korrosion och alla elektriska kontakter fungerar. RCL -50 LED \u00e4r v\u00e4derbest\u00e4ndig och drivs med 12 eller 24 DC.   <\/p>\n<p>&nbsp;<\/p>\n<h3>Huvudfunktioner hos nya RCL -50 LED:<\/h3>\n<ul>\n<li>Ultraljust 6-LED-upps\u00e4ttning genererar \u00f6ver 100 000 candela per maximal ljusstyrka<\/li>\n<li>Effektiva LED-lampor med l\u00e5ng livsl\u00e4ngd \u2013 40 000 driftstimmar<\/li>\n<li>Minskad str\u00f6mf\u00f6rbrukning med upp till 50 % p\u00e5 12V-fartyg<\/li>\n<li>Styrenheten har toppmodern elektronik f\u00f6r att skydda ljuset fr\u00e5n de flesta str\u00f6mavbrott.<\/li>\n<li>Intern h\u00f6jningsmekanism f\u00f6r exakt lutningskontroll av str\u00e5len; skyddar h\u00f6jningsmekanismen fr\u00e5n v\u00e4der<\/li>\n<li>Robust, trippelprimerat och t\u00e4tat h\u00f6lje i marin aluminium (finns i vitt eller svart)<\/li>\n<li>Inkluderar fingertoppsfj\u00e4rrkontroll f\u00f6r Point Pad; upp till tre fj\u00e4rrstyrda Point Pad-enheter kan installeras i systemet; alternativ f\u00f6r ytmontering\/inf\u00e4lld montering ing\u00e5r<\/li>\n<li>Den exklusiva XRCiZ\u2122-funktionen roterar och flyttar ljusaggregatet var 30:e dag fr\u00e5n aktivering f\u00f6r att h\u00e5lla alla lagerytor fria fr\u00e5n korrosion och alla elektriska kontakter funktionella.<\/li>\n<li>Inkluderar kablage p\u00e5 4,57 m<\/li>\n<li>Tv\u00e5v\u00e4xlad motor<\/li>\n<\/ul>\n<p>&nbsp;<\/p>\n<h3>Tillg\u00e4ngliga konfigurationer:<\/h3>\n<p>RCL-50 LED finns i ett antal olika praktiska konfigurationer enligt nedan.<\/p>\n<p>&nbsp;<\/p>\n<p><em><strong>Artikelnummer f\u00f6r s\u00f6kljussatser som anv\u00e4nder URP-102-pekplattan och URC-103 huvudkontrollenheten:<\/strong><\/em><\/p>\n<table>\n<tbody>\n<tr>\n<td width=\"103\"><strong>ARTIKELNUMMER<\/strong><\/td>\n<td width=\"619\"><strong>BESKRIVNING<\/strong><\/td>\n<\/tr>\n<tr>\n<td width=\"103\">1960<\/td>\n<td width=\"619\">RCL-50 LED, vit, med URC-103 huvudkontroll och URC-102 pekplatta<\/td>\n<\/tr>\n<tr>\n<td width=\"103\">1961<\/td>\n<td width=\"619\">RCL-50 LED, svart, med URC-103 huvudkontroll och URC-102 pekplatta<\/td>\n<\/tr>\n<\/tbody>\n<\/table>\n<p><strong> <\/strong><\/p>\n<p><strong> <\/strong><em><strong>Artikelnummer f\u00f6r s\u00f6kljussatser som anv\u00e4nder URP-103-pekplattan och URC-104 huvudkontrollenheten:<\/strong><\/em><\/p>\n<table>\n<tbody>\n<tr>\n<td width=\"103\"><strong>ARTIKELNUMMER<\/strong><\/td>\n<td width=\"619\"><strong>BESKRIVNING<\/strong><\/td>\n<\/tr>\n<tr>\n<td width=\"103\">1980<\/td>\n<td width=\"619\">RCL-50 LED, vit, med ny URC-104 huvudkontroll, URP-103 pekplatta och URH-103 handh\u00e5llen tr\u00e5dl\u00f6s fj\u00e4rrkontroll<\/td>\n<\/tr>\n<tr>\n<td width=\"103\">1981<\/td>\n<td width=\"619\">RCL-50 LED, svart, med ny URC-104 huvudkontroll, URP-103 pekplatta och URH-103 handh\u00e5llen tr\u00e5dl\u00f6s fj\u00e4rrkontroll<\/td>\n<\/tr>\n<tr>\n<td width=\"103\">1982<\/td>\n<td width=\"619\">RCL-50 LED, vit, med ny URC-104 huvudkontroll och URC-103 pekplatta<\/td>\n<\/tr>\n<tr>\n<td width=\"103\">1983<\/td>\n<td width=\"619\">RCL-50 LED, svart, med ny URC-104 huvudkontroll och URC-103 pekplatta<\/td>\n<\/tr>\n<\/tbody>\n<\/table>\n","protected":false},"excerpt":{"rendered":"<p>&nbsp;<\/p>\n<p>Denna robusta str\u00e5lkastare \u00e4r designad f\u00f6r sm\u00e5 till medelstora fritidsb\u00e5tar och mindre kommersiella fartyg och har en ny 6-LED-lampa med \u00f6ver 100 000 candela-effekt. Den nya RCL -50 \u00e4r byggd f\u00f6r den tuffa marina milj\u00f6n och anv\u00e4nder samma bepr\u00f6vade pressgjutna aluminiumh\u00f6lje med helt nya interna mekaniska kontroller f\u00f6r att driva och rotera den ultraljusa LED-lampan. <\/p>\n<p>RCL -50 LED:s traditionellt eleganta design g\u00f6r den till ett attraktivt och kostnadseffektivt val f\u00f6r sportyachter, yachter, sportfiskare, arbetsb\u00e5tar och l\u00e4tta kommersiella fartyg. Med effektivare lysdioder har RCL -50 LED minskat str\u00f6mf\u00f6rbrukningen med upp till 50 % p\u00e5 12V-fartyg. <\/p>\n<p>&nbsp;<\/p>\n<p style=\"margin-left: 0in; margin-right: 0in;\"><span style=\"font-size: 11pt;\"><span style=\"font-family: Calibri,sans-serif;\"><a style=\"color: blue; text-decoration: underline;\" href=\"https:\/\/www.dropbox.com\/scl\/fi\/8sck4rivcx2jzxj8j61pu\/Prop-65-Lead-and-Lead-Compounds.pdf?rlkey=nsnudjcdonl81ck0z1eyzvq7b&amp;e=1&amp;dl=0\"><span style=\"color: #000000;\">VARNING: F\u00d6RSLAG 65<\/span><\/a><\/span><\/span><\/p>\n<p>&nbsp;<\/p>\n","protected":false},"featured_media":155668,"template":"","meta":{"_acf_changed":false,"om_disable_all_campaigns":false},"product_brand":[],"product_cat":[5822,5826,5583,5823,7092,5825],"product_tag":[11991,12001,11982,7117,11903,11923,11958,12013,12025,7093,11965,11949,11937,7099,7097,11972,11912],"class_list":{"0":"post-155510","1":"product","2":"type-product","3":"status-publish","4":"has-post-thumbnail","6":"product_cat-inat-landet","7":"product_cat-kommersiell","8":"product_cat-marin","9":"product_cat-nara-stranden","10":"product_cat-stralkastare","11":"product_cat-till-havs","12":"product_tag-1960-sv","13":"product_tag-1961-sv","14":"product_tag-aluminium-sokljus","15":"product_tag-fjarrstyrd-stralkastare","16":"product_tag-fjarrstyrda-stralkastare","17":"product_tag-galjus","18":"product_tag-led-batstralkastare-sv","19":"product_tag-pn-1960-sv","20":"product_tag-pn-1961-sv","21":"product_tag-rcl-sv","22":"product_tag-rcl-50-led-sv","23":"product_tag-rcl-50-sv","24":"product_tag-rcl-50b-sv","25":"product_tag-sokarljus","26":"product_tag-stralkastare","27":"product_tag-stralkastare-for-liten-yacht","28":"product_tag-utomhusstralkastare","29":"pa_product-sokljus","31":"first","32":"onbackorder","33":"taxable","34":"shipping-taxable","35":"purchasable","36":"product-type-variable"},"acf":[],"_links":{"self":[{"href":"https:\/\/www.acrartex.com\/sv\/wp-json\/wp\/v2\/product\/155510","targetHints":{"allow":["GET"]}}],"collection":[{"href":"https:\/\/www.acrartex.com\/sv\/wp-json\/wp\/v2\/product"}],"about":[{"href":"https:\/\/www.acrartex.com\/sv\/wp-json\/wp\/v2\/types\/product"}],"wp:featuredmedia":[{"embeddable":true,"href":"https:\/\/www.acrartex.com\/sv\/wp-json\/wp\/v2\/media\/155668"}],"wp:attachment":[{"href":"https:\/\/www.acrartex.com\/sv\/wp-json\/wp\/v2\/media?parent=155510"}],"wp:term":[{"taxonomy":"product_brand","embeddable":true,"href":"https:\/\/www.acrartex.com\/sv\/wp-json\/wp\/v2\/product_brand?post=155510"},{"taxonomy":"product_cat","embeddable":true,"href":"https:\/\/www.acrartex.com\/sv\/wp-json\/wp\/v2\/product_cat?post=155510"},{"taxonomy":"product_tag","embeddable":true,"href":"https:\/\/www.acrartex.com\/sv\/wp-json\/wp\/v2\/product_tag?post=155510"}],"curies":[{"name":"wp","href":"https:\/\/api.w.org\/{rel}","templated":true}]}}