{"id":155407,"date":"2021-03-16T08:27:47","date_gmt":"2021-03-16T13:27:47","guid":{"rendered":"https:\/\/www.acrartex.com\/products\/resqflare-sakerhetskit-elektronisk-led-nodsignal-och-signalering-for-bat\/"},"modified":"2025-12-19T00:00:42","modified_gmt":"2025-12-19T05:00:42","slug":"resqflare-sakerhetskit-elektronisk-led-nodsignal-och-signalering-for-bat","status":"publish","type":"product","link":"https:\/\/www.acrartex.com\/sv\/products\/resqflare-sakerhetskit-elektronisk-led-nodsignal-och-signalering-for-bat\/","title":{"rendered":"ResQFlare s\u00e4kerhetskit \u2013 Elektronisk LED-n\u00f6dsignal och signalering f\u00f6r b\u00e5t"},"content":{"rendered":"<h2>B\u00e5tfacklor har blivit mycket s\u00e4krare med det nya ResQFlare s\u00e4kerhetspaketet<\/h2>\n<p style=\"margin: 0in;\"><span style=\"font-size: 10pt;\"><span style=\"font-size: 11.0pt;\"><span style=\"background: white;\"><span style=\"color: black;\">Detta paket inneh\u00e5ller f\u00f6ljande viktiga s\u00e4kerhetsprodukter:<\/span><\/span><\/span><\/span><\/p>\n<ul>\n<li style=\"margin-top: 0in; margin-right: 13.5pt; margin-bottom: .0001pt; margin: 0in;\"><a href=\"https:\/\/www.acrartex.com\/sv\/products\/resqflare-elektronisk-led-nodsignal-for-bat\/\"><span style=\"font-size: 10pt;\"><span style=\"background: white;\"><span style=\"font-size: 11.0pt;\"><span style=\"background: white;\"><span style=\"color: black;\">ResQFlare \u2122 Elektronisk n\u00f6dsignal f\u00f6r b\u00e5t<\/span><\/span><\/span><\/span><\/span><\/a><\/li>\n<li style=\"margin-top: 0in; margin-right: 13.5pt; margin-bottom: .0001pt; margin: 0in;\"><a href=\"https:\/\/www.acrartex.com\/sv\/products\/resqflare-elektronisk-led-nodsignal-for-bat\/\"><span style=\"font-size: 10pt;\"><span style=\"background: white;\"><span style=\"font-size: 11.0pt;\"><span style=\"background: white;\"><span style=\"color: black;\">ACR -n\u00f6dflagga<\/span><\/span><\/span><\/span><\/span><\/a><\/li>\n<li style=\"margin-top: 0in; margin-right: 13.5pt; margin-bottom: .0001pt; margin: 0in;\"><a href=\"https:\/\/www.acrartex.com\/sv\/products\/c-blixtar\/\"><span style=\"font-size: 10pt;\"><span style=\"background: white;\"><span style=\"font-size: 11.0pt;\"><span style=\"background: white;\"><span style=\"color: black;\">C-Strobe\u2122 r\u00e4ddningsljus<\/span><\/span><\/span><\/span><\/span><\/a><\/li>\n<li style=\"margin-top: 0in; margin-right: 13.5pt; margin-bottom: .0001pt; margin: 0in;\"><span style=\"font-size: 10pt;\"><span style=\"background: white;\"><span style=\"font-size: 11.0pt;\"><span style=\"background: white;\"><span style=\"color: black;\">Signalspegel<\/span><\/span><\/span><\/span><\/span><\/li>\n<li style=\"margin-top: 0in; margin-right: 13.5pt; margin-bottom: .0001pt; margin: 0in;\"><span style=\"font-size: 10pt;\"><span style=\"background: white;\"><span style=\"font-size: 11.0pt;\"><span style=\"color: black;\">RapidDitch torrv\u00e4ska<\/span><\/span><\/span><\/span><\/li>\n<\/ul>\n<p style=\"margin: 0in;\"><span style=\"font-size: 10pt;\"><span style=\"font-size: 11.0pt;\"><span style=\"background: white;\"><span style=\"color: black;\"><a href=\"https:\/\/www.acrartex.com\/sv\/products\/resqflare-elektronisk-led-nodsignal-for-bat\/\">L\u00e4s mer om hur ResQFlare och Distress Flag<\/a> inte bara uppfyller USCG:s regler f\u00f6r flares utan ocks\u00e5 h\u00e5ller din familj s\u00e4krare.<\/span><\/span><\/span><\/span><\/p>\n<ul>\n<li style=\"margin: 0in 0in 0.0001pt;\"><span style=\"font-size: 10pt;\"><span style=\"font-size: 11.0pt;\">Inget utg\u00e5ngsdatum (utbytbara C-batterier)<\/span><\/span><\/li>\n<li style=\"margin: 0in 0in 0.0001pt;\"><span style=\"font-size: 10pt;\"><span style=\"font-size: 11.0pt;\">Familjes\u00e4ker (ingen brinnande l\u00e5ga), s\u00e4krare att anv\u00e4nda med uppbl\u00e5sbara flytv\u00e4star (PFD) och livflottar<\/span><\/span><\/li>\n<li style=\"margin: 0in 0in 0.0001pt;\"><span style=\"font-size: 10pt;\"><span style=\"font-size: 11.0pt;\">L\u00e4tt att anv\u00e4nda (s\u00e5 \u00e4ven dina barn och nyb\u00f6rjare kan anv\u00e4nda den i h\u00e4ndelse av en n\u00f6dsituation)  <\/span><\/span><\/li>\n<li style=\"margin: 0in 0in 0.0001pt;\"><span style=\"font-size: 10pt;\"><span style=\"font-size: 11.0pt;\">Inga problem med de befintliga str\u00e4nga obligatoriska avfallskraven f\u00f6r pyrotekniska facklor (som lagligen anses vara farligt material)<\/span><\/span><\/li>\n<li style=\"margin: 0in 0in 0.0001pt;\"><span style=\"font-size: 10pt;\"><span style=\"font-size: 11.0pt;\">Vattent\u00e4t och flytbar  <\/span><\/span><\/li>\n<li style=\"margin: 0in 0in 0.0001pt;\"><span style=\"font-size: 10pt;\"><span style=\"font-size: 11.0pt;\">Eng\u00e5ngsk\u00f6p (mindre kostnad under produktens livsl\u00e4ngd)<\/span><\/span><\/li>\n<\/ul>\n<h2><span style=\"font-size: 10pt;\"><b><span style=\"font-size: 12.0pt;\">Produktegenskaper och f\u00f6rdelar med b\u00e5tutbredningskit:<\/span><\/b><\/span><\/h2>\n<ul>\n<li style=\"margin: 0in 0in 0.0001pt;\"><span style=\"font-size: 10pt;\"><span style=\"font-size: 11.0pt;\">ResQFlare och den medf\u00f6ljande n\u00f6dflaggan, n\u00e4r de b\u00e4rs tillsammans, kvalificerar som en ers\u00e4ttning f\u00f6r b\u00e4rande av USCG:s pyrotekniska b\u00e5tfacklor och b\u00e5tfacklorvapen (endast USA)<\/span><\/span><\/li>\n<li style=\"margin-right: 13.5pt; margin: 0in 0in 0.0001pt;\"><span style=\"font-size: 10pt;\"><span style=\"background: white;\"><span style=\"color: black;\"><span style=\"font-size: 11.0pt;\">Starkt ljus i alla riktningar (360\u00b0 sikt) som \u00e4r synligt i \u00f6ver 9,6 km<\/span><\/span><\/span><\/span><\/li>\n<li style=\"margin-right: 13.5pt; margin: 0in 0in 0.0001pt;\"><span style=\"font-size: 10pt;\"><span style=\"background: white;\"><span style=\"color: black;\"><span style=\"font-size: 11.0pt;\">Vattent\u00e4t torrv\u00e4ska med rem f\u00f6rvarar all s\u00e4kerhetsutrustning p\u00e5 en bekv\u00e4m plats<\/span><\/span><\/span><\/span><\/li>\n<li style=\"margin-right: 13.5pt; margin: 0in 0in 0.0001pt;\"><span style=\"color: #000000;\"><span style=\"font-size: 14.6667px;\">Signalspegel och n\u00f6dflagga ger n\u00f6dlarm under dagtid<\/span><\/span><\/li>\n<li style=\"margin: 0in 0in 0.0001pt;\"><span style=\"font-size: 10pt;\"><span style=\"font-size: 11.0pt;\"><span style=\"color: black;\">Livv\u00e4sts r\u00e4ddningslampa hj\u00e4lper till vid visuell n\u00f6dsituation<\/span><\/span><\/span><\/li>\n<\/ul>\n<h3 style=\"margin: 0in 0in 0.0001pt;\"><strong>ResQFlare i nyheterna:<\/strong><\/h3>\n<p><a href=\"https:\/\/www.sailingworld.com\/story\/gear\/safe-distress-flare-alternative\/\">Sailing World \u2013 Ett s\u00e4kert alternativ till n\u00f6dsignal<\/a><\/p>\n<p><a href=\"https:\/\/www.greatlakesscuttlebutt.com\/news\/featured-news\/this-year-s-boating-finds\/\">Great Lakes Scuttlebutt \u2013 \u00c5rets b\u00e5tfynd<\/a><\/p>\n<p><a href=\"https:\/\/lakelandboating.com\/acr-electronics-introduces-new-alternative-to-pyrotechnic-flares\/\">Lakeland Boating \u2013 ACR Electronics introducerar nytt alternativ till pyrotekniska facklor<\/a><\/p>\n","protected":false},"excerpt":{"rendered":"<p style=\"margin: 0in;\">ResQFlare elektroniska n\u00f6drakett ger dig den utrustning som beh\u00f6vs f\u00f6r att h\u00e5lla dig s\u00e4ker och g\u00f6r att du kan signalera efter hj\u00e4lp om du skulle hamna i en n\u00f6dsituation ute p\u00e5 vattnet. ResQFlare levereras med en n\u00f6dflagga f\u00f6r dagtid och n\u00e4r de b\u00e4rs tillsammans uppfyller dessa tv\u00e5 artiklar g\u00e4llande krav fr\u00e5n den amerikanska kustbevakningen, vilket g\u00f6r att de kan b\u00e4ras ist\u00e4llet f\u00f6r traditionella pyrotekniska n\u00f6draketer (endast USA). ResQFlare s\u00e4kerhetskitet ger b\u00e5t\u00e4gare bekv\u00e4mligheten av att inte l\u00e4ngre beh\u00f6va k\u00f6pa eller g\u00f6ra sig av med pyrotekniska n\u00f6draketer och blir ett ov\u00e4rderligt s\u00e4kerhetstillbeh\u00f6r.  <\/p>\n<h4><span style=\"color: #ff0000;\"><strong>Stolt tillverkad i USA!<\/strong><\/span><\/h4>\n<p style=\"margin: 0in;\"><a href=\"https:\/\/www.dropbox.com\/s\/0ezw0kexbm120vv\/Prop%2065%20-%20Lead%20and%20Lead%20Compounds.pdf?dl=0\">VARNING: F\u00d6RSLAG 65<\/a><\/p>\n<p><a href=\"https:\/\/www.acrartex.com\/wp-content\/uploads\/2021\/03\/10_Off_Tag_.webp\"><img loading=\"lazy\" decoding=\"async\" class=\"alignnone wp-image-126151\" src=\"https:\/\/www.acrartex.com\/wp-content\/uploads\/2021\/03\/10_Off_Tag_.webp\" alt=\"\" width=\"145\" height=\"60\" srcset=\"https:\/\/www.acrartex.com\/wp-content\/uploads\/2021\/03\/10_Off_Tag_.webp 300w, https:\/\/www.acrartex.com\/wp-content\/uploads\/2021\/03\/10_Off_Tag_-60x25.webp 60w, https:\/\/www.acrartex.com\/wp-content\/uploads\/2021\/03\/10_Off_Tag_-110x45.webp 110w\" sizes=\"auto, (max-width: 145px) 100vw, 145px\" \/><\/a><\/p>\n<p style=\"margin: 0in;\">\n","protected":false},"featured_media":155565,"template":"","meta":{"_acf_changed":false,"om_disable_all_campaigns":false},"product_brand":[],"product_cat":[5822,5826,5583,5823,5832,5830,5825,5769],"product_tag":[11843,11853,11797,11932,11787,11832,11775,11808,11898,11887,11821,11877,11946,11815,11763,11910,11919,11866],"class_list":{"0":"post-155407","1":"product","2":"type-product","3":"status-publish","4":"has-post-thumbnail","6":"product_cat-inat-landet","7":"product_cat-kommersiell","8":"product_cat-marin","9":"product_cat-nara-stranden","10":"product_cat-paddelsporter-fiske","11":"product_cat-reseutrustning","12":"product_cat-till-havs","13":"product_cat-utomhus","14":"product_tag-batfackla","15":"product_tag-batfacklor","16":"product_tag-blossa","17":"product_tag-blosspistol","18":"product_tag-e-flare-sv","19":"product_tag-eflare-sv","20":"product_tag-elektronisk-flare-sv","21":"product_tag-facklor","22":"product_tag-handhallen-bloss","23":"product_tag-led-blandning","24":"product_tag-led-nodljus","25":"product_tag-marin-flare","26":"product_tag-nodbloss","27":"product_tag-nodflamma","28":"product_tag-resqflare-sv","29":"product_tag-rod-flam","30":"product_tag-rokfackla","31":"product_tag-signalfacklor","33":"first","34":"instock","35":"taxable","36":"shipping-taxable","37":"purchasable","38":"product-type-simple"},"acf":[],"_links":{"self":[{"href":"https:\/\/www.acrartex.com\/sv\/wp-json\/wp\/v2\/product\/155407","targetHints":{"allow":["GET"]}}],"collection":[{"href":"https:\/\/www.acrartex.com\/sv\/wp-json\/wp\/v2\/product"}],"about":[{"href":"https:\/\/www.acrartex.com\/sv\/wp-json\/wp\/v2\/types\/product"}],"wp:featuredmedia":[{"embeddable":true,"href":"https:\/\/www.acrartex.com\/sv\/wp-json\/wp\/v2\/media\/155565"}],"wp:attachment":[{"href":"https:\/\/www.acrartex.com\/sv\/wp-json\/wp\/v2\/media?parent=155407"}],"wp:term":[{"taxonomy":"product_brand","embeddable":true,"href":"https:\/\/www.acrartex.com\/sv\/wp-json\/wp\/v2\/product_brand?post=155407"},{"taxonomy":"product_cat","embeddable":true,"href":"https:\/\/www.acrartex.com\/sv\/wp-json\/wp\/v2\/product_cat?post=155407"},{"taxonomy":"product_tag","embeddable":true,"href":"https:\/\/www.acrartex.com\/sv\/wp-json\/wp\/v2\/product_tag?post=155407"}],"curies":[{"name":"wp","href":"https:\/\/api.w.org\/{rel}","templated":true}]}}