{"id":155337,"date":"2021-04-09T11:16:10","date_gmt":"2021-04-09T16:16:10","guid":{"rendered":"https:\/\/www.acrartex.com\/products\/sarlink\/"},"modified":"2021-04-09T11:16:10","modified_gmt":"2021-04-09T16:16:10","slug":"sarlink","status":"publish","type":"product","link":"https:\/\/www.acrartex.com\/sv\/products\/sarlink\/","title":{"rendered":"SARLink\u2122"},"content":{"rendered":"<p><strong>Om SARLink<\/strong><\/p>\n<p>SARLink utvecklades f\u00f6r att uppfylla kraven f\u00f6r drift i tuffa milj\u00f6er. Enheten \u00e4r vattent\u00e4t ner till ett djup av en meter och har IP-67-klassning. Ytterligare milj\u00f6tester inkluderar fall, vibrationer, st\u00f6tar, korrosion och termisk chock. SARLink \u00e4r robust anpassad f\u00f6r att klara av dagens ensamarbetare, polis, brandbek\u00e4mpning, s\u00f6k- och r\u00e4ddningspersonal, akutsjukv\u00e5rd och annan r\u00e4ddningstj\u00e4nstpersonal.   <\/p>\n<p>SARLink erbjuder en h\u00f6guppl\u00f6st LCD-peksk\u00e4rm i f\u00e4rg d\u00e4r anv\u00e4ndarmenyalternativ visas som l\u00e4tt igenk\u00e4nnliga ikoner. Peksk\u00e4rmen ger snabb \u00e5tkomst till anv\u00e4ndarmenyer och enkel textinmatning via ett QWERTY-tangentbord p\u00e5 sk\u00e4rmen. SARLink har tv\u00e5 dedikerade batterier; ett laddningsbart litiumjonbatteri f\u00f6r Iridium-sp\u00e5rning, sms och n\u00f6dmeddelanden, och ett dedikerat litiumbatteri f\u00f6r 406 MHz-lokaliseringsfyren i enlighet med Cospas-Sarsat str\u00e4nga systemkrav. Om Iridium-batteriet \u00e4r urladdat kommer det dedikerade 406 MHz-batteriet att ge en oberoende 24 timmars n\u00f6ds\u00e4ndning.   <\/p>\n<p><strong>N\u00f6dmeddelanden<\/strong><\/p>\n<p>SARLink levererar samtidiga och redundanta n\u00f6dmeddelanden via b\u00e5de Cospas-Sarsat och Iridium satellitn\u00e4tverk n\u00e4r SOS-knappen aktiveras. Inbyggd GPS delningsteknik g\u00f6r att b\u00e5da aviseringarna inkluderar exakt geolokaliseringsdata. Tv\u00e5v\u00e4gskommunikationsfunktionen i kombination med n\u00f6dlarm m\u00f6jligg\u00f6r verifiering av n\u00f6dsituationen samt m\u00f6jligheten att hj\u00e4lpa till med r\u00e4ddningsinsatsen genom att ge detaljerad information om situationens art.  <\/p>\n<p><strong>Sp\u00e5rning<\/strong><\/p>\n<p>SARLink ger m\u00f6jlighet att \u00f6verf\u00f6ra exakt positionsinformation (PLI) med valbara intervall fr\u00e5n en g\u00e5ng per minut till en g\u00e5ng per dag. Manuellt aktiverad incheckning st\u00f6ds ocks\u00e5 och ytterligare funktioner inkluderar m\u00f6jligheten att skapa, spara och skicka anv\u00e4ndardefinierade waypoints. SARLink anv\u00e4nder ett \u00f6ppet dataformatprotokoll och st\u00f6der 10 byte- och 30 byte-format samtidigt som det \u00e4ven inkluderar m\u00f6jligheten att fj\u00e4rrkonfigureras tr\u00e5dl\u00f6st.  <\/p>\n<p><strong>Tv\u00e5v\u00e4gsmeddelanden<\/strong><\/p>\n<p>SARLink erbjuder tv\u00e5v\u00e4gs satellitmeddelanden via Iridiums n\u00e4tverk, vilket ger 100 % global t\u00e4ckning utan luckor, kanter eller omr\u00e5den med svag signal. SARLink kan kommunicera med andra mobila enheter, inklusive mobiltelefoner, satellittelefoner och andra SARLink-enheter, med hj\u00e4lp av tv\u00e5v\u00e4gsmeddelanden som st\u00f6ds av klientens backend-plattform. Dessa meddelandealternativ inkluderar fritext med hj\u00e4lp av det inbyggda QWERTY-tangentbordet, standardmeddelanden och en kombination av fritext och standardmeddelanden. Kortfattade koder st\u00f6ds ocks\u00e5. Kontaktlistor kan f\u00f6rdefinieras och standardmeddelanden kan skrivas av systemadministrat\u00f6ren och l\u00e4sas in p\u00e5 alla enheter. SARLink st\u00f6der \u00e4ven e-postmeddelanden.     <\/p>\n<p><strong>SARLink-anv\u00e4ndning<\/strong><\/p>\n<p>F\u00f6r att kunna anv\u00e4nda all SARLink-funktionalitet m\u00e5ste 406 MHz Locator Beacon vara registrerad hos NOAA ( <a href=\"https:\/\/beaconregistration.noaa.gov\/RGDB\/registerUsername\">klicka h\u00e4r f\u00f6r att registrera dig hos NOAA<\/a> ). Dessutom m\u00e5ste anv\u00e4ndare k\u00f6pa en prenumeration p\u00e5 Iridium Airtime och samarbeta med en Backend Service Provider (BES) f\u00f6r att f\u00e5 backend-tj\u00e4nsten. Utan en Iridium Airtime-prenumeration eller en BES kommer anv\u00e4ndare inte att kunna anv\u00e4nda sp\u00e5rning, tv\u00e5v\u00e4gskommunikation och Iridiums n\u00f6dlarmfunktioner. Kontakta ACR Electronics p\u00e5 954-981-3333 om du har fr\u00e5gor om Iridium Airtime eller leverant\u00f6rer av backend-tj\u00e4nster.   <\/p>\n","protected":false},"excerpt":{"rendered":"<p>H\u00e5ll s\u00e4kerheten vid din sida med SARLink\u2122 Dual-Mode Rescue Communication Device. Denna handh\u00e5llna maskin \u00e4r utrustad med en LED-peksk\u00e4rm s\u00e5 att du enkelt kan skicka och ta emot meddelanden, och global sp\u00e5rning s\u00e5 att du kan h\u00e5lla dig uppdaterad, \u00e4ven n\u00e4r dina \u00e4ventyr tar dig bort fr\u00e5n vanliga v\u00e4gar. Om du skulle st\u00f6ta p\u00e5 en n\u00f6dsituation kan du med SARLink SOS-knappen snabbt skicka n\u00f6dmeddelanden till satellitn\u00e4tverk.  <\/p>\n<p>&nbsp;<\/p>\n<p><strong>Denna produkt \u00e4r inte tillg\u00e4nglig f\u00f6r kommersiell f\u00f6rs\u00e4ljning.<\/strong><\/p>\n<p>&nbsp;<\/p>\n","protected":false},"featured_media":155384,"template":"","meta":{"_acf_changed":false,"om_disable_all_campaigns":false},"product_brand":[],"product_cat":[5838,5839,5841,5820,5837],"product_tag":[11654,6742,5585,5772,11665,11645,11293,11685,11709,11697,11674,11302],"class_list":{"0":"post-155337","1":"product","2":"type-product","3":"status-publish","4":"has-post-thumbnail","6":"product_cat-flygpatrull","7":"product_cat-marinstyrkorna","8":"product_cat-mark-specialstyrkor","9":"product_cat-militar","10":"product_cat-polis-kommun","11":"product_tag-acr-personlig-lokaliseringsfyr-sv","12":"product_tag-cospas-sarsat-sv","13":"product_tag-epirb-sv","14":"product_tag-personlig-lokaliseringsfyr-sv","15":"product_tag-personlig-platsbeacon","16":"product_tag-personliga-lokaliseringsfyrar","17":"product_tag-sarlank","18":"product_tag-sarlank-406","19":"product_tag-sarlink-gps-personlig-lokaliseringssandare","20":"product_tag-sarlink-gps-plub-sv","21":"product_tag-sarlink-personlig-lokaliseringsfyr-sv","22":"product_tag-sarsat-sv","23":"pa_product-arv","25":"first","26":"outofstock","27":"taxable","28":"shipping-taxable","29":"product-type-simple"},"acf":[],"_links":{"self":[{"href":"https:\/\/www.acrartex.com\/sv\/wp-json\/wp\/v2\/product\/155337","targetHints":{"allow":["GET"]}}],"collection":[{"href":"https:\/\/www.acrartex.com\/sv\/wp-json\/wp\/v2\/product"}],"about":[{"href":"https:\/\/www.acrartex.com\/sv\/wp-json\/wp\/v2\/types\/product"}],"wp:featuredmedia":[{"embeddable":true,"href":"https:\/\/www.acrartex.com\/sv\/wp-json\/wp\/v2\/media\/155384"}],"wp:attachment":[{"href":"https:\/\/www.acrartex.com\/sv\/wp-json\/wp\/v2\/media?parent=155337"}],"wp:term":[{"taxonomy":"product_brand","embeddable":true,"href":"https:\/\/www.acrartex.com\/sv\/wp-json\/wp\/v2\/product_brand?post=155337"},{"taxonomy":"product_cat","embeddable":true,"href":"https:\/\/www.acrartex.com\/sv\/wp-json\/wp\/v2\/product_cat?post=155337"},{"taxonomy":"product_tag","embeddable":true,"href":"https:\/\/www.acrartex.com\/sv\/wp-json\/wp\/v2\/product_tag?post=155337"}],"curies":[{"name":"wp","href":"https:\/\/api.w.org\/{rel}","templated":true}]}}