{"id":155205,"date":"2021-04-09T11:17:01","date_gmt":"2021-04-09T16:17:01","guid":{"rendered":"https:\/\/www.acrartex.com\/products\/406link-beacon-sjalvtestningstjanst\/"},"modified":"2021-04-09T11:17:01","modified_gmt":"2021-04-09T16:17:01","slug":"406link-beacon-sjalvtestningstjanst","status":"publish","type":"product","link":"https:\/\/www.acrartex.com\/sv\/products\/406link-beacon-sjalvtestningstjanst\/","title":{"rendered":"406Link Beacon sj\u00e4lvtestningstj\u00e4nst"},"content":{"rendered":"<p>Nu kan du och 5 kontakter ta emot f\u00f6rkonfigurerade satellitbekr\u00e4ftelsemeddelanden n\u00e4r ni testar er EPIRB eller Personal Locator Beacon fr\u00e5n ACR , ARTEX och Ocean Signal .<\/p>\n<p>406Link \u00e4r det f\u00f6rsta och enda avancerade satellittestsystemet som kan ta emot sj\u00e4lvtestmeddelanden fr\u00e5n din Personal Locator Beacon ( PLB ) och n\u00f6dradios\u00e4ndare ( EPIRB ). Denna valfria prenumerationstj\u00e4nst \u00e4r utformad f\u00f6r att f\u00f6rb\u00e4ttra funktionaliteten hos din s\u00e4ndare och ge dig och dina n\u00e4ra och k\u00e4ra testbekr\u00e4ftelse fr\u00e5n satelliterna p\u00e5 att din s\u00e4ndare fungerar korrekt. <\/p>\n<p>Obs: En 406Link-prenumeration \u00e4r oberoende av ACR produktappen som anv\u00e4nds tillsammans med GlobalFix V5- och V6-epirbs och ResQLink AIS PLB .<\/p>\n<p>406Link fungerar genom att skicka en specialkodad testsignal till de station\u00e4ra GEO-satelliterna 35 000 kilometer upp i himlen till ett n\u00e4tverk av s\u00f6k- och r\u00e4ddningssatelliter. N\u00e4r satelliterna tar emot signalen plockas den upp av ACR markstationer i Nordamerika. P\u00e5 mindre \u00e4n en minut bearbetar v\u00e5r patenterade programvara dina sj\u00e4lvtestdata och skickar sedan ett bekr\u00e4ftelsemeddelande och en bild av din faktiska plats till dig och dina angivna kontakter via e-post och SMS.  <\/p>\n<p>N\u00e4r du utf\u00f6r ett GPS sj\u00e4lvtest visas dina GPS koordinater p\u00e5 en karta och 406Link inkluderar en l\u00e4nk i ditt e-postmeddelande och\/eller SMS som tydligt visar din position inom 100 meter.<\/p>\n<p>https:\/\/www.youtube.com\/watch?v=dU_zXBAfX00<\/p>\n<p><strong>Med 406Link kan du:  <\/strong><\/p>\n<ul>\n<li>Testa din s\u00e4ndare med samma satellitsystem som anv\u00e4nds i riktiga s\u00f6k- och r\u00e4ddningsinsatser<\/li>\n<li>Skicka anpassade bekr\u00e4ftelsemeddelanden via e-post och SMS till upp till 5 kontakter\n<ul>\n<li>Skicka GPS position (Inte tillg\u00e4ngligt p\u00e5 alla beacon-modeller)<\/li>\n<\/ul>\n<\/li>\n<li>F\u00f6rb\u00e4ttra funktionaliteten hos din ACR , Ocean Signal eller Artex 406 MHz-s\u00e4ndare<\/li>\n<li>Skapa sinnesro f\u00f6r dig och dina n\u00e4ra och k\u00e4ra<\/li>\n<li>406Link \u00e4r inte en &#8220;inchecknings&#8221;- eller &#8220;jag m\u00e5r bra&#8221;-tj\u00e4nst, det \u00e4r ett env\u00e4gsbekr\u00e4ftelsetest som visar att ditt sj\u00e4lvtestmeddelande f\u00f6r beacon mottogs av samma s\u00f6k- och r\u00e4ddningssatelliter som anv\u00e4ndes i en verklig n\u00f6dsituation.<\/li>\n<\/ul>\n<p><strong>F\u00f6r n\u00e4rvarande endast tillg\u00e4nglig i USA.<\/strong><\/p>\n","protected":false},"excerpt":{"rendered":"<p>F\u00f6rs\u00e4ljningen av nya 406Link-prenumerationer har upph\u00f6rt fr\u00e5n och med den 1 september 2023. Befintliga prenumerationer kommer att st\u00f6djas och kommer att forts\u00e4tta fungera som vanligt under hela den \u00e5rliga prenumerationsperioden. 406Link-tj\u00e4nsten kommer inte l\u00e4ngre att st\u00f6djas fr\u00e5n och med den 1 september 2024.  <\/p>\n<p>\u00c4ven om 406Link-tj\u00e4nsten inte l\u00e4ngre kommer att vara tillg\u00e4nglig f\u00f6r k\u00f6p, ta g\u00e4rna en titt p\u00e5 <a href=\"https:\/\/acrelectronics.lt.acemlnc.com\/Prod\/link-tracker?redirectUrl=aHR0cHMlM0ElMkYlMkZiaXZ5c3RpY2suY29tJTJG&amp;a=%7C%7C798920491%7C%7C&amp;account=acrelectronics.activehosted.com&amp;email=y47OuVGNLVmypvt5SysuK4mcDWscx9eGrUGJW43GCh5nUjWjzE%2B2Wl9%2F%3AXZsLcuuUP%2Fd5fWs60R8xl%2Bdi4p087Lif&amp;s=8c317dd875871e7647efafcf8d0907b8&amp;i=455A691A0A5674&amp;sig=5YcfKU4g3N9zX2LkQhUUFTb1aniVKGLWUYxdT5yGmpaa&amp;iat=1692974463\" data-ac-default-color=\"1\"><span style=\"font-weight: inherit;\">ACR Bivy Stick Satellite Communicator<\/span><\/a> <span style=\"font-weight: inherit;\">som inte bara ger m\u00f6jlighet att skicka bekr\u00e4ftelsemeddelanden liknande 406Link-tj\u00e4nsten, utan ocks\u00e5 m\u00f6jligg\u00f6r tv\u00e5v\u00e4gsmeddelanden bland m\u00e5nga andra f\u00f6rdelar.<\/span><\/p>\n<p>Observera att en 406Link-prenumeration \u00e4r en valfri tj\u00e4nst och inte kr\u00e4vs f\u00f6r att din beacon ska fungera som avsett. Oavsett om en prenumeration \u00e4r ansluten till din beacon kommer beaconen fortfarande att s\u00e4nda ditt n\u00f6dmeddelande och Search and Rescue kommer att kunna identifiera din plats. <\/p>\n","protected":false},"featured_media":155210,"template":"","meta":{"_acf_changed":false,"om_disable_all_campaigns":false},"product_brand":[],"product_cat":[5583,5769],"product_tag":[],"class_list":{"0":"post-155205","1":"product","2":"type-product","3":"status-publish","4":"has-post-thumbnail","6":"product_cat-marin","7":"product_cat-utomhus","8":"pa_product-arv","10":"first","11":"instock","12":"virtual","13":"taxable","14":"product-type-subscription"},"acf":[],"_links":{"self":[{"href":"https:\/\/www.acrartex.com\/sv\/wp-json\/wp\/v2\/product\/155205","targetHints":{"allow":["GET"]}}],"collection":[{"href":"https:\/\/www.acrartex.com\/sv\/wp-json\/wp\/v2\/product"}],"about":[{"href":"https:\/\/www.acrartex.com\/sv\/wp-json\/wp\/v2\/types\/product"}],"wp:featuredmedia":[{"embeddable":true,"href":"https:\/\/www.acrartex.com\/sv\/wp-json\/wp\/v2\/media\/155210"}],"wp:attachment":[{"href":"https:\/\/www.acrartex.com\/sv\/wp-json\/wp\/v2\/media?parent=155205"}],"wp:term":[{"taxonomy":"product_brand","embeddable":true,"href":"https:\/\/www.acrartex.com\/sv\/wp-json\/wp\/v2\/product_brand?post=155205"},{"taxonomy":"product_cat","embeddable":true,"href":"https:\/\/www.acrartex.com\/sv\/wp-json\/wp\/v2\/product_cat?post=155205"},{"taxonomy":"product_tag","embeddable":true,"href":"https:\/\/www.acrartex.com\/sv\/wp-json\/wp\/v2\/product_tag?post=155205"}],"curies":[{"name":"wp","href":"https:\/\/api.w.org\/{rel}","templated":true}]}}