{"id":155147,"date":"2021-04-09T11:16:18","date_gmt":"2021-04-09T16:16:18","guid":{"rendered":"https:\/\/www.acrartex.com\/products\/dgl-1\/"},"modified":"2021-04-09T11:16:18","modified_gmt":"2021-04-09T16:16:18","slug":"dgl-1","status":"publish","type":"product","link":"https:\/\/www.acrartex.com\/sv\/products\/dgl-1\/","title":{"rendered":"DGL-1"},"content":{"rendered":"<p>Flottoperat\u00f6rer kommer att kunna \u00f6verf\u00f6ra ELT:er mellan flygplan p\u00e5 ett mycket effektivt och bekv\u00e4mt s\u00e4tt. DGL-1 levereras f\u00e4st vid ett topplock. Topplocket och dongeln finns kvar i flygplanet. N\u00e4r en ELT \u00e4r installerad omprogrammerar DGL-1 ELT med flygplanets 24-bitarsadress. DGL-1 \u00e4r en perfekt matchning f\u00f6r operat\u00f6ren som vill ha automatisk programmeringsfunktion men inte \u00f6nskar positionsdatafunktionen hos Artex ELT \/NAV-gr\u00e4nssnittet.    <\/p>\n<p>\u2022 Utformad specifikt f\u00f6r flottoperat\u00f6rer<\/p>\n<p>\u2022 Befintliga C406-1\/2-, G406-4- och B406-4-installationer kan enkelt uppgraderas<\/p>\n<p>\u2022 F\u00f6renklar underh\u00e5llet avsev\u00e4rt och minskar driftstopp<\/p>\n<p>\u2022 Installationen blir en del av den permanenta AC-kabelh\u00e4rvan<\/p>\n<p>\u2022 Fast kabeldragningsalternativ f\u00f6r identifiering av flottflygplan<\/p>\n<p>\u2022 S\u00e4kerst\u00e4ller korrekt ELT -programmering f\u00f6r reservdelar<\/p>\n","protected":false},"excerpt":{"rendered":"<p>Med Artex DGL-1 programmeringsdongel kommer flottoperat\u00f6rer att effektivt kunna \u00f6verf\u00f6ra ELT:er fr\u00e5n flygplan till flygplan. DGL-1 \u00e4r en perfekt matchning f\u00f6r operat\u00f6rer som vill ha automatisk programmeringsfunktion, men inte \u00f6nskar positionsdatafunktionen hos Artex ELT \/NAV-gr\u00e4nssnittet. DGL-1 levereras f\u00e4st vid ett topplock, som tillsammans med dongeln finns kvar p\u00e5 flygplanet. N\u00e4r en ELT \u00e4r installerad omprogrammerar DGL-1 ELT med flygplanets 24-bitarsadress. Slutsats: den h\u00e4r enheten f\u00f6renklar underh\u00e5llet avsev\u00e4rt och minskar stillest\u00e5ndstiden.    <\/p>\n","protected":false},"featured_media":155174,"template":"","meta":{"_acf_changed":false,"om_disable_all_campaigns":false},"product_brand":[],"product_cat":[5835,5834,5553,8624],"product_tag":[11354,11364,11317,11325,11343,11334],"class_list":{"0":"post-155147","1":"product","2":"type-product","3":"status-publish","4":"has-post-thumbnail","6":"product_cat-affarsjet","7":"product_cat-allmanflyg","8":"product_cat-flyg","9":"product_cat-kommersiella-flygplan","10":"product_tag-dlg-sv","11":"product_tag-dlg-1-sv","12":"product_tag-elt-dongel","13":"product_tag-elt-programmeringsdongel","14":"product_tag-elt-programdongel","15":"product_tag-programmeringsdongel","17":"first","18":"instock","19":"taxable","20":"shipping-taxable","21":"product-type-simple"},"acf":[],"_links":{"self":[{"href":"https:\/\/www.acrartex.com\/sv\/wp-json\/wp\/v2\/product\/155147","targetHints":{"allow":["GET"]}}],"collection":[{"href":"https:\/\/www.acrartex.com\/sv\/wp-json\/wp\/v2\/product"}],"about":[{"href":"https:\/\/www.acrartex.com\/sv\/wp-json\/wp\/v2\/types\/product"}],"wp:featuredmedia":[{"embeddable":true,"href":"https:\/\/www.acrartex.com\/sv\/wp-json\/wp\/v2\/media\/155174"}],"wp:attachment":[{"href":"https:\/\/www.acrartex.com\/sv\/wp-json\/wp\/v2\/media?parent=155147"}],"wp:term":[{"taxonomy":"product_brand","embeddable":true,"href":"https:\/\/www.acrartex.com\/sv\/wp-json\/wp\/v2\/product_brand?post=155147"},{"taxonomy":"product_cat","embeddable":true,"href":"https:\/\/www.acrartex.com\/sv\/wp-json\/wp\/v2\/product_cat?post=155147"},{"taxonomy":"product_tag","embeddable":true,"href":"https:\/\/www.acrartex.com\/sv\/wp-json\/wp\/v2\/product_tag?post=155147"}],"curies":[{"name":"wp","href":"https:\/\/api.w.org\/{rel}","templated":true}]}}