{"id":155143,"date":"2021-04-09T11:16:19","date_gmt":"2021-04-09T16:16:19","guid":{"rendered":"https:\/\/www.acrartex.com\/products\/sarlink-view-plb\/"},"modified":"2021-04-09T11:16:19","modified_gmt":"2021-04-09T16:16:19","slug":"sarlink-view-plb","status":"publish","type":"product","link":"https:\/\/www.acrartex.com\/sv\/products\/sarlink-view-plb\/","title":{"rendered":"SARLink\u2122 View PLB"},"content":{"rendered":"<p><span style=\"color: #3366ff;\"><strong>Denna produkt har utg\u00e5tt ur sortimentet.<\/strong><\/span><\/p>\n<p>Ge dig ut med f\u00f6rtroende. Med tre niv\u00e5er av integrerad signalteknik \u2013 GPS positionering, en kraftfull 406 MHz-signal och 121,5 MHz-positioneringskapacitet \u2013 vidarebefordrar SARLink\u2122 View snabbt och exakt din position till ett v\u00e4rldsomsp\u00e4nnande n\u00e4tverk av s\u00f6k- och r\u00e4ddningssatelliter, vilket minskar s\u00f6ktiden och \u00f6kar dina chanser att \u00f6verleva. Det \u00e4r en p\u00e5litlig signalteknik som har r\u00e4ddat mer \u00e4n 50 000 liv.<br \/>\n lever sedan 1982.  <\/p>\n<p>SARLink\u2122 View s\u00e4nder ut en unik registrerad n\u00f6dsignal som inte bara talar om f\u00f6r r\u00e4ddningspersonalen var du befinner dig, utan \u00e4ven vem du \u00e4r. Den inbyggda GPS kan fastst\u00e4lla din position inom 100 meter och anv\u00e4nder sedan en kraftfull 406 MHz-signal f\u00f6r att vidarebefordra ditt n\u00f6danrop till SAR-satelliter i omloppsbana. N\u00e4r lokal s\u00f6k- och r\u00e4ddningstj\u00e4nst s\u00e4tts in v\u00e4gleder en separat m\u00e5ls\u00f6karsignal och integrerat LED-stroboskopljus r\u00e4ddningspersonalen till din plats.<br \/>\n SARLink\u2122 View har en digital display som l\u00e5ter dig se alla beaconens operativa aktiviteter.  <\/p>\n<p>Sk\u00e4rmen visar GPS LAT\/LON, bruksanvisning, anv\u00e4ndningstips, s\u00e4ndningsfrekvens samt batterikapacitet. Den digitala displayen g\u00f6r det ocks\u00e5 enkelt och l\u00e4ttf\u00f6rst\u00e5eligt att testa din beacon genom att visuellt v\u00e4gleda dig genom sj\u00e4lvtestet steg f\u00f6r steg. Du beh\u00f6ver inte l\u00e4ngre f\u00f6rlita dig p\u00e5 att lyssna p\u00e5 pipsignaler och titta.<br \/>\n f\u00f6r lysdioder.  <\/p>\n<p>SARLink\u2122 View \u00e4r l\u00e4tt i vikt och tillr\u00e4ckligt liten f\u00f6r att enkelt kunna b\u00e4ras i en ryggs\u00e4ck eller ficka av skid\u00e5kare, vandrare, j\u00e4gare, kajakpaddlare, kl\u00e4ttrare, piloter, sn\u00f6skoter\u00e5kare eller andra friluftsentusiaster. Exklusivt f\u00f6r ACR : Inbyggt GPS testl\u00e4ge l\u00e5ter dig testa GPS funktionen upp till 60 g\u00e5nger under enhetens livsl\u00e4ngd.<br \/>\n av batteriet. Utnyttja samma f\u00e4lttestade r\u00e4ddningsteknik som anv\u00e4nds av den amerikanska milit\u00e4ren, den amerikanska kustbevakningen, NATO:s specialstyrkor och arktiska uppt\u00e4cktsresande.  <\/p>\n","protected":false},"excerpt":{"rendered":"<p>Str\u00f6va tryggt omkring med SARLink\u2122 View Personal Locator Beacon ( PLB ). Denna n\u00f6ds\u00e4ndare \u00e4r tillr\u00e4ckligt kraftfull f\u00f6r att s\u00e4nda ut en unik n\u00f6dsignal som inte bara talar om f\u00f6r r\u00e4ddningspersonal var du befinner dig, utan \u00e4ven vem du \u00e4r. Denna PLB anv\u00e4nder en kraftfull 406 MHz-signal f\u00f6r att vidarebefordra ditt n\u00f6danrop till SAR-satelliter i omloppsbana, medan den inbyggda GPS fastst\u00e4ller din position inom 100 meter. N\u00e4r lokal r\u00e4ddningstj\u00e4nst s\u00e4tts in samverkar en separat m\u00e5ls\u00f6karsignal och ett integrerat LED-blixtljus f\u00f6r att v\u00e4gleda r\u00e4ddningspersonal till din plats.   <\/p>\n<p><span style=\"color: #3366ff;\"><strong>Denna produkt har utg\u00e5tt ur sortimentet.<\/strong><\/span><\/p>\n","protected":false},"featured_media":155188,"template":"","meta":{"_acf_changed":false,"om_disable_all_campaigns":false},"product_brand":[],"product_cat":[5769],"product_tag":[11314,6742,9192,6144,5785,5783,11376,11293,11336,11350,11368,11359,11344,11302,11326],"class_list":{"0":"post-155143","1":"product","2":"type-product","3":"status-publish","4":"has-post-thumbnail","6":"product_cat-utomhus","7":"product_tag-cospas-sv","8":"product_tag-cospas-sarsat-sv","9":"product_tag-epirber","10":"product_tag-plb-350-sv","11":"product_tag-plb-350c-sv-2","12":"product_tag-plb-350c-sv","13":"product_tag-sar-sv","14":"product_tag-sarlank","15":"product_tag-sarlankvy","16":"product_tag-sarlankvy-406","17":"product_tag-sarlink-view-gps-personlig-lokaliseringsfyr","18":"product_tag-sarlink-visa-gps-plan","19":"product_tag-sarlink-visa-personlig-lokaliseringsfyr","20":"product_tag-sarsat-sv","21":"product_tag-sarsat-cospas-sv","22":"pa_product-arv","24":"first","25":"outofstock","26":"taxable","27":"shipping-taxable","28":"product-type-simple"},"acf":[],"_links":{"self":[{"href":"https:\/\/www.acrartex.com\/sv\/wp-json\/wp\/v2\/product\/155143","targetHints":{"allow":["GET"]}}],"collection":[{"href":"https:\/\/www.acrartex.com\/sv\/wp-json\/wp\/v2\/product"}],"about":[{"href":"https:\/\/www.acrartex.com\/sv\/wp-json\/wp\/v2\/types\/product"}],"wp:featuredmedia":[{"embeddable":true,"href":"https:\/\/www.acrartex.com\/sv\/wp-json\/wp\/v2\/media\/155188"}],"wp:attachment":[{"href":"https:\/\/www.acrartex.com\/sv\/wp-json\/wp\/v2\/media?parent=155143"}],"wp:term":[{"taxonomy":"product_brand","embeddable":true,"href":"https:\/\/www.acrartex.com\/sv\/wp-json\/wp\/v2\/product_brand?post=155143"},{"taxonomy":"product_cat","embeddable":true,"href":"https:\/\/www.acrartex.com\/sv\/wp-json\/wp\/v2\/product_cat?post=155143"},{"taxonomy":"product_tag","embeddable":true,"href":"https:\/\/www.acrartex.com\/sv\/wp-json\/wp\/v2\/product_tag?post=155143"}],"curies":[{"name":"wp","href":"https:\/\/api.w.org\/{rel}","templated":true}]}}