{"id":155116,"date":"2021-04-09T11:16:33","date_gmt":"2021-04-09T16:16:33","guid":{"rendered":"https:\/\/www.acrartex.com\/products\/firefly-3-waterbug-stroboskopljus\/"},"modified":"2021-04-09T11:16:33","modified_gmt":"2021-04-09T16:16:33","slug":"firefly-3-waterbug-stroboskopljus","status":"publish","type":"product","link":"https:\/\/www.acrartex.com\/sv\/products\/firefly-3-waterbug-stroboskopljus\/","title":{"rendered":"Firefly \u00ae3 \u200b\u200bWaterbug Stroboskopljus"},"content":{"rendered":"<p>Firefly \u00e4r den toppmoderna arvtagaren till sina ber\u00f6mda f\u00f6reg\u00e5ngare, Firefly och 4G.<\/p>\n<ul>\n<li>Toppmodern lampa-\/objektivkombination f\u00f6r h\u00f6gintensiv blixt<\/li>\n<li>Stor skjutbrytare m\u00f6jligg\u00f6r enkel man\u00f6vrering med handskar<\/li>\n<li>Specialdesignad basplattform g\u00f6r att enheten enkelt kan st\u00e5 uppr\u00e4tt<\/li>\n<li>H\u00e5llare i rostfritt st\u00e5l f\u00e4ster batteriluckan s\u00e4kert p\u00e5 h\u00f6ljet<\/li>\n<li>Integrerade surrnings\u00f6glor ger en s\u00e4ker f\u00f6rankringspunkt<\/li>\n<li>Idealisk f\u00f6r flytv\u00e4star, s\u00e4kerhetsselar, flytrockar, arbetsdr\u00e4kter, r\u00e4ddningsdr\u00e4kter, ryggs\u00e4ckar och flygdr\u00e4kter.<\/li>\n<\/ul>\n","protected":false},"excerpt":{"rendered":"<p>Med sin speciella vattenaktiveringsfunktion sl\u00e5s denna kraftfulla r\u00e4ddningsblixt automatiskt p\u00e5 n\u00e4r den \u00e4r aktiverad och i kontakt med vatten.<\/p>\n<p>&nbsp;<\/p>\n","protected":false},"featured_media":155126,"template":"","meta":{"_acf_changed":false,"om_disable_all_campaigns":false},"product_brand":[],"product_cat":[5583,5839,5820,5825,5769],"product_tag":[11275,11068,11268,9803,11081,7950],"class_list":{"0":"post-155116","1":"product","2":"type-product","3":"status-publish","4":"has-post-thumbnail","6":"product_cat-marin","7":"product_cat-marinstyrkorna","8":"product_cat-militar","9":"product_cat-till-havs","10":"product_cat-utomhus","11":"product_tag-eldfluga3","12":"product_tag-firefly-sv","13":"product_tag-radda","14":"product_tag-raddningsstroboskopljus","15":"product_tag-stroboskopljus-sv","16":"product_tag-vattenkryp","17":"pa_product-arv","19":"first","20":"outofstock","21":"taxable","22":"shipping-taxable","23":"product-type-simple"},"acf":[],"_links":{"self":[{"href":"https:\/\/www.acrartex.com\/sv\/wp-json\/wp\/v2\/product\/155116","targetHints":{"allow":["GET"]}}],"collection":[{"href":"https:\/\/www.acrartex.com\/sv\/wp-json\/wp\/v2\/product"}],"about":[{"href":"https:\/\/www.acrartex.com\/sv\/wp-json\/wp\/v2\/types\/product"}],"wp:featuredmedia":[{"embeddable":true,"href":"https:\/\/www.acrartex.com\/sv\/wp-json\/wp\/v2\/media\/155126"}],"wp:attachment":[{"href":"https:\/\/www.acrartex.com\/sv\/wp-json\/wp\/v2\/media?parent=155116"}],"wp:term":[{"taxonomy":"product_brand","embeddable":true,"href":"https:\/\/www.acrartex.com\/sv\/wp-json\/wp\/v2\/product_brand?post=155116"},{"taxonomy":"product_cat","embeddable":true,"href":"https:\/\/www.acrartex.com\/sv\/wp-json\/wp\/v2\/product_cat?post=155116"},{"taxonomy":"product_tag","embeddable":true,"href":"https:\/\/www.acrartex.com\/sv\/wp-json\/wp\/v2\/product_tag?post=155116"}],"curies":[{"name":"wp","href":"https:\/\/api.w.org\/{rel}","templated":true}]}}