{"id":155114,"date":"2021-03-16T08:17:27","date_gmt":"2021-03-16T13:17:27","guid":{"rendered":"https:\/\/www.acrartex.com\/products\/sm-2-markeringsljus\/"},"modified":"2021-03-16T08:17:27","modified_gmt":"2021-03-16T13:17:27","slug":"sm-2-markeringsljus","status":"publish","type":"product","link":"https:\/\/www.acrartex.com\/sv\/products\/sm-2-markeringsljus\/","title":{"rendered":"SM-2 Markeringsljus"},"content":{"rendered":"<p>Den r\u00e4tar upp sig automatiskt och aktiveras n\u00e4r den \u00e4r i vattnet och b\u00f6rjar blinka, och fungerar i upp till 60 timmar med ett 6-volts lanternbatteri. Perfekt f\u00f6r kommersiell marin, petromarin, kryssningsb\u00e5tar och alla till\u00e4mpningar som beh\u00f6ver en p\u00e5litlig COB-lampa. <\/p>\n<ul>\n<li>Starkare ljus i alla riktningar<\/li>\n<li>Uppgraderat h\u00f6lje i polykarbonatblandning, f\u00f6rb\u00e4ttrad slagt\u00e5lighet; UV-, temperatur- och kemikaliebest\u00e4ndig<\/li>\n<li>Perfekt f\u00f6r kommersiell marin, petromarin, dykare, kryssare och alla till\u00e4mpningar som beh\u00f6ver en p\u00e5litlig COB-lampa<\/li>\n<li>R\u00e4ttar sig automatiskt och aktiveras i vattnet<\/li>\n<li>H\u00f6gintensivt xenonblixtljus ger 360\u00b0 sikt i mer \u00e4n 4,8 km<\/li>\n<li>Flyter uppr\u00e4tt under alla f\u00f6rh\u00e5llanden<\/li>\n<li>Minst 36 timmars kontinuerlig drifttid<\/li>\n<\/ul>\n<p>En fr\u00e5ga om balans<br \/>\n Markeringslyktor \u00e4r avsedda att flyta uppr\u00e4tt f\u00f6r maximal synlighet. 6-volts lyktbatterier fungerar som ballast f\u00f6r dessa lampor. \u00c4ven om batterierna kan ha samma storlek, g\u00f6r de olika kemiska egenskaperna att de har varierande vikter. Det \u00e4r absolut n\u00f6dv\u00e4ndigt att endast de f\u00f6reslagna 6-volts batterimodellerna anv\u00e4nds. F\u00f6r lite ballast och lampan kommer att ligga p\u00e5 sidan och vara ineffektiv; f\u00f6r mycket vikt och lampan kan sjunka. Om det r\u00e5der n\u00e5gra tvivel om batteriets l\u00e4mpliga vikt, testa lampan genom att placera den i grunt vatten. Om den flyter uppr\u00e4tt \u00e4r det bra, men om SM-2 sjunker \u00e4r batteriet f\u00f6r tungt.      <\/p>\n<p>F\u00f6reslagna batterityper, skruvpolbatterier:<\/p>\n<ul>\n<li>ANSI\/NEDA: 915, 915C, 915D, 915AC<\/li>\n<li>Duracell: M915, PC915<\/li>\n<li>Rayovac\u00ae: 942, 945<\/li>\n<li>Eveready\u00ae: 510S<\/li>\n<\/ul>\n<p>F\u00f6reslagna batterityper, fj\u00e4derpolbatterier:<\/p>\n<ul>\n<li>ANSI\/NEDA: 908, 908C, 908D, 908AC<\/li>\n<li>Duracell: M908, PC908<\/li>\n<li>Rayovac\u00ae: 941, 944<\/li>\n<li>Eveready\u00ae: 509, 1209<\/li>\n<li>Elaggregat: EN529 (inte 529)<\/li>\n<li>Panasonic: W-4FD<\/li>\n<\/ul>\n","protected":false},"excerpt":{"rendered":"<p>SM-2 har utg\u00e5tt och ersatts med den <a href=\"https:\/\/www.acrartex.com\/products\/sm-3-lifebuoy-self-igniting-light\">nya SM-3 bojmarkeringslyktan (godk\u00e4nd av USCG\/MED)<\/a> .<\/p>\n<p>SM-2 \u00e4r ett h\u00f6gintensivt xenon-blixtljus som ger 360\u00b0 sikt i mer \u00e4n 4,8 km. Detta markeringsljus aktiveras automatiskt och b\u00f6rjar blinka i vattnet och fungerar i upp till 60 timmar med ett 6-volts lanternbatteri. Perfekt f\u00f6r kommersiella marinb\u00e5tar, bensinb\u00e5tar, kryssare och alla andra till\u00e4mpningar som beh\u00f6ver ett p\u00e5litligt bes\u00e4ttnings\u00f6verbordsmarkeringsljus (COB). SM-2 flyter uppr\u00e4tt under alla f\u00f6rh\u00e5llanden och s\u00e4kerst\u00e4ller att det forts\u00e4tter att lysa n\u00e4r du beh\u00f6ver det som mest.  <\/p>\n<p>&nbsp;<\/p>\n<p><span style=\"color: #e74c3c;\">KOD: <strong>SHIPFREE20<\/strong> Fri markfrakt p\u00e5 best\u00e4llningar \u00f6ver 30 U$. G\u00e4ller ej Hawaii och Alaska <\/span><\/p>\n<p>&nbsp;<\/p>\n","protected":false},"featured_media":155213,"template":"","meta":{"_acf_changed":false,"om_disable_all_campaigns":false},"product_brand":[],"product_cat":[5583],"product_tag":[11333,7940,11392,11385,11381,11316,11362,11265,11375,11282,11277,11288,11270,11304,11294,11286,11400,11349,11327,11370,11341],"class_list":{"0":"post-155114","1":"product","2":"type-product","3":"status-publish","4":"has-post-thumbnail","6":"product_cat-marin","7":"product_tag-acr-elektronik-sv","8":"product_tag-blixt","9":"product_tag-butik-for-blixtljus","10":"product_tag-ett-stroboskopljus","11":"product_tag-forsaljning-av-stroboskopljus","12":"product_tag-kop-acr","13":"product_tag-marina-stroboskopljus","14":"product_tag-markeringsljus","15":"product_tag-nodljus-med-blixt","16":"product_tag-sm-2-sv-2","17":"product_tag-sm-2-sv","18":"product_tag-sm-2-markeringsljus","19":"product_tag-sm2-sv","20":"product_tag-sm2-blixt","21":"product_tag-sm2-ljus","22":"product_tag-sm2-markeringsljus","23":"product_tag-stroboskopelektronik","24":"product_tag-stroboskopiskt-raddningsljus","25":"product_tag-stroboskopljus-sv-2","26":"product_tag-stroboskopljuset","27":"product_tag-uppblasbart-liv","28":"pa_product-arv","30":"first","31":"outofstock","32":"taxable","33":"shipping-taxable","34":"product-type-simple"},"acf":[],"_links":{"self":[{"href":"https:\/\/www.acrartex.com\/sv\/wp-json\/wp\/v2\/product\/155114","targetHints":{"allow":["GET"]}}],"collection":[{"href":"https:\/\/www.acrartex.com\/sv\/wp-json\/wp\/v2\/product"}],"about":[{"href":"https:\/\/www.acrartex.com\/sv\/wp-json\/wp\/v2\/types\/product"}],"wp:featuredmedia":[{"embeddable":true,"href":"https:\/\/www.acrartex.com\/sv\/wp-json\/wp\/v2\/media\/155213"}],"wp:attachment":[{"href":"https:\/\/www.acrartex.com\/sv\/wp-json\/wp\/v2\/media?parent=155114"}],"wp:term":[{"taxonomy":"product_brand","embeddable":true,"href":"https:\/\/www.acrartex.com\/sv\/wp-json\/wp\/v2\/product_brand?post=155114"},{"taxonomy":"product_cat","embeddable":true,"href":"https:\/\/www.acrartex.com\/sv\/wp-json\/wp\/v2\/product_cat?post=155114"},{"taxonomy":"product_tag","embeddable":true,"href":"https:\/\/www.acrartex.com\/sv\/wp-json\/wp\/v2\/product_tag?post=155114"}],"curies":[{"name":"wp","href":"https:\/\/api.w.org\/{rel}","templated":true}]}}