{"id":155099,"date":"2021-03-16T08:16:59","date_gmt":"2021-03-16T13:16:59","guid":{"rendered":"https:\/\/www.acrartex.com\/products\/c-blixtar\/"},"modified":"2026-04-06T09:45:35","modified_gmt":"2026-04-06T14:45:35","slug":"c-blixtar","status":"publish","type":"product","link":"https:\/\/www.acrartex.com\/sv\/products\/c-blixtar\/","title":{"rendered":"C-blixtar"},"content":{"rendered":"<p>C-Strobe aktiveras manuellt med en enkel vridknapp och C-Strobe H2O-modellen har tv\u00e5 aktiveringsmetoder; ljuset kan enkelt aktiveras med ett enkelt tryck p\u00e5 p\u00e5\/av-knappen eller, i aktiverat l\u00e4ge, automatiskt n\u00e4r det s\u00e4nks ned i vatten. Den funktionsrika C-Strobe H2O-modellen har ocks\u00e5 3 driftl\u00e4gen: strobe, fast sken och SOS. <\/p>\n<p>&nbsp;<\/p>\n<p>Den smala, l\u00e4tta och m\u00e5ngsidiga designen f\u00e5r enkelt plats i fickan eller h\u00e4ngs diskret upp n\u00e4r den f\u00e4sts p\u00e5 en flytv\u00e4st eller ryggs\u00e4ck. De flexibla surrnings\u00f6glorna p\u00e5 sidan av produkten m\u00f6jligg\u00f6r flera monteringsalternativ, inklusive v\u00e4vbandet p\u00e5 din ryggs\u00e4ck eller remmar p\u00e5 din flytv\u00e4st. <sup>Kardborrebandet<\/sup> kan f\u00e4stas runt surrnings\u00f6glorna och skapar otaliga ytterligare monteringsm\u00f6jligheter. Lampan levereras ocks\u00e5 med ett kl\u00e4mma som \u00e4r utformat f\u00f6r att enkelt glida \u00f6ver din uppbl\u00e5sbara flytv\u00e4sts orala uppbl\u00e5sningsr\u00f6r f\u00f6r att f\u00f6rvara din lampa inuti din flytv\u00e4st.   <\/p>\n<p>&nbsp;<\/p>\n<p><strong>Drag:<\/strong><\/p>\n<ul>\n<li>F\u00f6r lokaliseringshj\u00e4lp vid n\u00f6dsituationer med svagt ljus<\/li>\n<li>Otroligt ljusstark vit LED-lampa p\u00e5 45 lumen<\/li>\n<li>Den omfattande kontinuerliga driftstiden p\u00e5 mer \u00e4n 120 timmar<\/li>\n<li>Vattent\u00e4t \u2013 Testad i 24 timmar p\u00e5 1 m djup<\/li>\n<li>Slagt\u00e5ligt h\u00f6lje<\/li>\n<li>Anv\u00e4nder tv\u00e5 &#8220;AA&#8221; 1,5V-batterier (ing\u00e5r ej)<\/li>\n<li>USCG\/SOLAS-godk\u00e4nd<\/li>\n<li>Perfekt f\u00f6r flytv\u00e4star, camping, cykling, bil etc.<\/li>\n<li>Inkluderat kardborreband (med kardad version) som anv\u00e4nds tillsammans med integrerade surrnings\u00f6glor f\u00f6r flexibel montering<\/li>\n<li>Inkluderat PFD-kl\u00e4mma (med kartad version) f\u00f6r enkel fasts\u00e4ttning p\u00e5 oral uppbl\u00e5sningsslang<\/li>\n<li><span style=\"color: black;\">Vattenaktiveringssensorer \u2013 Automatisk aktivering vid kontakt med vatten (endast med C-Light H20 (3964.1)<\/span><\/li>\n<\/ul>\n","protected":false},"excerpt":{"rendered":"<p>De kompakta, robusta och vattent\u00e4ta C-Strobe (icke-vattenaktiverade) och C-Strobe H2O (vattenaktiverade) \u00e4r USCG\/SOLAS-godk\u00e4nda och har en 45 lumen LED som vanligtvis lyser kontinuerligt i 120 timmar i stroboskopl\u00e4ge. Dessa personliga n\u00f6dblixtar har ett slagt\u00e5ligt h\u00f6lje \u2013 vilket g\u00f6r dem till p\u00e5litliga och m\u00e5ngsidiga lampor n\u00e4r effektiv n\u00f6dbelysning beh\u00f6vs. <\/p>\n<p>&nbsp;<\/p>\n<p><a href=\"https:\/\/www.dropbox.com\/s\/8343nj28z0d7bxa\/Prop%2065%20-%20BPA.pdf?dl=0\">VARNING: F\u00d6RSLAG 65<\/a><\/p>\n<p>&nbsp;<\/p>\n<p>&nbsp;<\/p>\n","protected":false},"featured_media":155107,"template":"","meta":{"_acf_changed":false,"om_disable_all_campaigns":false},"product_brand":[],"product_cat":[5829,5822,5826,5583,5823,5832,5830,7980,5825,5769,5827],"product_tag":[11251,9799,11239,9797,11064,11066,7995,9801,11245,11242,7270],"class_list":{"0":"post-155099","1":"product","2":"type-product","3":"status-publish","4":"has-post-thumbnail","6":"product_cat-actionsport-terrang","7":"product_cat-inat-landet","8":"product_cat-kommersiell","9":"product_cat-marin","10":"product_cat-nara-stranden","11":"product_cat-paddelsporter-fiske","12":"product_cat-reseutrustning","13":"product_cat-signaleringsprodukter-sv","14":"product_cat-till-havs","15":"product_cat-utomhus","16":"product_cat-vandring-klattring-camping","17":"product_tag-acr-c-blixt","18":"product_tag-acr-blixt","19":"product_tag-acr-stroboskopljus-sv","20":"product_tag-marint-stroboskopljus","21":"product_tag-nodblixt","22":"product_tag-nodblixtljus-sv","23":"product_tag-pfd-ljus","24":"product_tag-raddningsljus","25":"product_tag-sakerhetsstroboskopljus","26":"product_tag-stroboskopiska-sakerhetsljus","27":"product_tag-stroboskopljus","28":"pa_activity-camping-sv","29":"pa_activity-cykel-sv","30":"pa_activity-fiske-sv","31":"pa_activity-klattrande","32":"pa_activity-langdakning","33":"pa_activity-paddelsporter","34":"pa_activity-skidor-snowboardakning","35":"pa_activity-snoskoter","36":"pa_activity-terrang-4x4","37":"pa_activity-vandring-sv","38":"pa_boat-size-0-20-sv","39":"pa_boat-size-21-40-sv","40":"pa_boat-size-40-80-sv","41":"pa_boat-size-80-sv","42":"pa_boat-type-bogserbat","43":"pa_boat-type-charter-yacht-sv","44":"pa_boat-type-kommersiellt-fiske","45":"pa_boat-type-lastfartyg","46":"pa_boat-type-motorbat","47":"pa_boat-type-segelbat","48":"pa_boat-type-sportcraft-sv","49":"pa_boat-type-yacht-sv","50":"pa_product-raddningsljus","51":"pa_product-sakerhetstillbehor","52":"pa_product-signaleringsprodukter-sv","53":"pa_terrain-floder-vatmarker-sjoar","54":"pa_terrain-kulle-och-berg","55":"pa_terrain-skog-och-djungel","56":"pa_terrain-tundra-sv","58":"first","59":"instock","60":"taxable","61":"shipping-taxable","62":"purchasable","63":"product-type-variable"},"acf":[],"_links":{"self":[{"href":"https:\/\/www.acrartex.com\/sv\/wp-json\/wp\/v2\/product\/155099","targetHints":{"allow":["GET"]}}],"collection":[{"href":"https:\/\/www.acrartex.com\/sv\/wp-json\/wp\/v2\/product"}],"about":[{"href":"https:\/\/www.acrartex.com\/sv\/wp-json\/wp\/v2\/types\/product"}],"wp:featuredmedia":[{"embeddable":true,"href":"https:\/\/www.acrartex.com\/sv\/wp-json\/wp\/v2\/media\/155107"}],"wp:attachment":[{"href":"https:\/\/www.acrartex.com\/sv\/wp-json\/wp\/v2\/media?parent=155099"}],"wp:term":[{"taxonomy":"product_brand","embeddable":true,"href":"https:\/\/www.acrartex.com\/sv\/wp-json\/wp\/v2\/product_brand?post=155099"},{"taxonomy":"product_cat","embeddable":true,"href":"https:\/\/www.acrartex.com\/sv\/wp-json\/wp\/v2\/product_cat?post=155099"},{"taxonomy":"product_tag","embeddable":true,"href":"https:\/\/www.acrartex.com\/sv\/wp-json\/wp\/v2\/product_tag?post=155099"}],"curies":[{"name":"wp","href":"https:\/\/api.w.org\/{rel}","templated":true}]}}