{"id":155069,"date":"2021-04-09T11:16:44","date_gmt":"2021-04-09T16:16:44","guid":{"rendered":"https:\/\/www.acrartex.com\/products\/firefly-2-doublefly-blixt-glodlampa-for-raddningsljus\/"},"modified":"2021-04-09T11:16:44","modified_gmt":"2021-04-09T16:16:44","slug":"firefly-2-doublefly-blixt-glodlampa-for-raddningsljus","status":"publish","type":"product","link":"https:\/\/www.acrartex.com\/sv\/products\/firefly-2-doublefly-blixt-glodlampa-for-raddningsljus\/","title":{"rendered":"Firefly \u00ae 2 Doublefly blixt-\/gl\u00f6dlampa f\u00f6r r\u00e4ddningsljus"},"content":{"rendered":"<p>Xenon 360\u00b0-ljusstr\u00e5len blinkar med en sekunds intervall i minst 8 timmar (2 timmars kontinuerlig drift i gl\u00f6dlampsl\u00e4ge).<\/p>\n<ul>\n<li>Multifunktionsbrytare v\u00e4ljer mellan blixtljus f\u00f6r sikt p\u00e5 l\u00e5nga avst\u00e5nd eller fast gl\u00f6dljus f\u00f6r b\u00e4rgningsarbete p\u00e5 n\u00e4ra h\u00e5ll<\/li>\n<li>Stor skjutbrytare m\u00f6jligg\u00f6r enkel man\u00f6vrering med handskar<\/li>\n<li>Specialdesignad basplattform g\u00f6r att enheten enkelt kan st\u00e5 uppr\u00e4tt<\/li>\n<li>Aluminiumh\u00e5llare f\u00e4ster batteriluckan s\u00e4kert p\u00e5 h\u00f6ljet<\/li>\n<li>H\u00f6gintensiv xenonlampa och gl\u00f6dlampa<\/li>\n<li>Idealisk f\u00f6r flytv\u00e4star, s\u00e4kerhetsselar, flytrockar, arbetsdr\u00e4kter, r\u00e4ddningsdr\u00e4kter, ryggs\u00e4ckar och flygdr\u00e4kter.<\/li>\n<\/ul>\n","protected":false},"excerpt":{"rendered":"<p>Med Doubleflys multifunktionsbrytare kan du v\u00e4lja mellan ett h\u00f6gintensivt stroboskop som syns p\u00e5 avst\u00e5nd bortom 1 nm (1,9 km), eller ett fast gl\u00f6dande ljus f\u00f6r n\u00e4rbildsfotografering.<\/p>\n","protected":false},"featured_media":155075,"template":"","meta":{"_acf_changed":false,"om_disable_all_campaigns":false},"product_brand":[],"product_cat":[5829,5583,5832,5830,5769,5827],"product_tag":[7940,11200,11068,11206,9813],"class_list":{"0":"post-155069","1":"product","2":"type-product","3":"status-publish","4":"has-post-thumbnail","6":"product_cat-actionsport-terrang","7":"product_cat-marin","8":"product_cat-paddelsporter-fiske","9":"product_cat-reseutrustning","10":"product_cat-utomhus","11":"product_cat-vandring-klattring-camping","12":"product_tag-blixt","13":"product_tag-dubbelfly","14":"product_tag-firefly-sv","15":"product_tag-glodande","16":"product_tag-raddningsljus-sv","17":"pa_product-arv","19":"first","20":"outofstock","21":"taxable","22":"shipping-taxable","23":"product-type-simple"},"acf":[],"_links":{"self":[{"href":"https:\/\/www.acrartex.com\/sv\/wp-json\/wp\/v2\/product\/155069","targetHints":{"allow":["GET"]}}],"collection":[{"href":"https:\/\/www.acrartex.com\/sv\/wp-json\/wp\/v2\/product"}],"about":[{"href":"https:\/\/www.acrartex.com\/sv\/wp-json\/wp\/v2\/types\/product"}],"wp:featuredmedia":[{"embeddable":true,"href":"https:\/\/www.acrartex.com\/sv\/wp-json\/wp\/v2\/media\/155075"}],"wp:attachment":[{"href":"https:\/\/www.acrartex.com\/sv\/wp-json\/wp\/v2\/media?parent=155069"}],"wp:term":[{"taxonomy":"product_brand","embeddable":true,"href":"https:\/\/www.acrartex.com\/sv\/wp-json\/wp\/v2\/product_brand?post=155069"},{"taxonomy":"product_cat","embeddable":true,"href":"https:\/\/www.acrartex.com\/sv\/wp-json\/wp\/v2\/product_cat?post=155069"},{"taxonomy":"product_tag","embeddable":true,"href":"https:\/\/www.acrartex.com\/sv\/wp-json\/wp\/v2\/product_tag?post=155069"}],"curies":[{"name":"wp","href":"https:\/\/api.w.org\/{rel}","templated":true}]}}