{"id":155017,"date":"2021-03-16T08:17:46","date_gmt":"2021-03-16T13:17:46","guid":{"rendered":"https:\/\/www.acrartex.com\/products\/firefly-pro-nodblixtljus\/"},"modified":"2025-12-01T05:43:35","modified_gmt":"2025-12-01T10:43:35","slug":"firefly-pro-nodblixtljus","status":"publish","type":"product","link":"https:\/\/www.acrartex.com\/sv\/products\/firefly-pro-nodblixtljus\/","title":{"rendered":"Firefly \u00ae PRO n\u00f6dblixtljus"},"content":{"rendered":"<p>N\u00e4r det g\u00e4ller att r\u00e4dda liv \u00e4r allt annat \u00e4n det b\u00e4sta ett alternativ. Firefly PRO r\u00e4ddningsblixtljusen \u00e4r n\u00e5gra av de ljusaste och mest funktionsrika blixtljusen p\u00e5 marknaden idag. Med tre aktiveringsfunktioner kan du v\u00e4xla mellan ultraljust blixtljus eller SOS-blixtljus f\u00f6r att visuellt varna r\u00e4ddningstj\u00e4nsten om din plats, och sedan v\u00e4xla till fast sken f\u00f6r r\u00e4ddningsinsatser p\u00e5 n\u00e4ra h\u00e5ll. V\u00e4lj mellan Firefly PRO SOLAS (ej vattenaktiverad) eller Firefly PRO Waterbug (vattenaktiverad) versioner.   <\/p>\n<p>V\u00e5ra innovativa nya lysdioder med bred ljusemission producerar en 360\u00b0 ljusstr\u00e5le (41 candela) som ger en sikt p\u00e5 \u00f6ver 5 km. V\u00e5rt svala vita ljus har ingen gul nyans, vilket m\u00f6jligg\u00f6r en mer synlig ljusstr\u00e5le som kan ses p\u00e5 l\u00e4ngre avst\u00e5nd. Med en energieffektiv mikroprocessor och omdesignad elektronik har Firefly PRO maximal livsl\u00e4ngd \u00e4ven under de tuffaste f\u00f6rh\u00e5llanden. Med en enda upps\u00e4ttning AA-litiumbatterier blinkar Firefly PRO kontinuerligt i \u00f6ver 56 timmar eller anv\u00e4nder fast sken i 28 timmar. Det \u00e4r dubbelt s\u00e5 l\u00e4nge som v\u00e5ra konkurrenter och \u00f6vertr\u00e4ffar USCG- och SOLAS-kraven med \u00f6ver 48 timmar.    <\/p>\n<p>Den kompakta storleken f\u00e5r enkelt plats i en uppbl\u00e5sbar flytv\u00e4st eller ficka f\u00f6r bekv\u00e4m anv\u00e4ndning. Det milit\u00e4ra h\u00f6ljet \u00e4r robust nog att motst\u00e5 \u00e5ratal av misshandel och de tuffaste milj\u00f6erna. De tv\u00e5 surrnings\u00f6glorna och det medf\u00f6ljande kardborrebandet g\u00f6r det extremt enkelt att montera Firefly PRO p\u00e5 din flytv\u00e4st, b\u00e4lte eller ryggs\u00e4ck s\u00e5 att blixtljuset \u00e4r l\u00e4tt\u00e5tkomligt n\u00e4r du beh\u00f6ver det.  <\/p>\n","protected":false},"excerpt":{"rendered":"<p>Firefly PRO r\u00e4ddningsblixtljusen \u00e4r n\u00e5gra av de ljusaste och mest funktionsrika blixtljusen p\u00e5 marknaden idag. Med tre aktiveringsfunktioner kan du v\u00e4xla mellan ultraljust blixtljus eller SOS-blixtljus f\u00f6r att visuellt varna r\u00e4ddningstj\u00e4nsten om din plats, och sedan v\u00e4xla till fast sken f\u00f6r r\u00e4ddningsinsatser p\u00e5 n\u00e4ra h\u00e5ll. V\u00e4lj mellan Firefly PRO SOLAS (ej vattenaktiverad) eller Firefly PRO Waterbug (vattenaktiverad) versioner.  <\/p>\n<p>Dessa n\u00f6dblixtar har ett innovativt ljuseffektshanteringssystem som producerar \u00f6ver 41 candela ljus per blixt i upp till 56 timmars anv\u00e4ndning (med AA-litiumbatterier). Med hj\u00e4lp av lysdioder med bred ljusemission klarar den \u00e4ven de tuffaste f\u00f6rh\u00e5llandena och skapar en superstark blixt som syns p\u00e5 \u00f6ver 5 kilometers avst\u00e5nd. <\/p>\n","protected":false},"featured_media":36741,"template":"","meta":{"_acf_changed":false,"om_disable_all_campaigns":false},"product_brand":[],"product_cat":[5829,5838,5822,5826,5583,5839,5841,5820,5823,5832,5837,5830,7980,5825,5769,5827],"product_tag":[11099,11104,11077,7940,11068,11070,11084,7936,11064,11066,11108,9803,11095,11087,11091,11081,11073],"class_list":{"0":"post-155017","1":"product","2":"type-product","3":"status-publish","4":"has-post-thumbnail","6":"product_cat-actionsport-terrang","7":"product_cat-flygpatrull","8":"product_cat-inat-landet","9":"product_cat-kommersiell","10":"product_cat-marin","11":"product_cat-marinstyrkorna","12":"product_cat-mark-specialstyrkor","13":"product_cat-militar","14":"product_cat-nara-stranden","15":"product_cat-paddelsporter-fiske","16":"product_cat-polis-kommun","17":"product_cat-reseutrustning","18":"product_cat-signaleringsprodukter-sv","19":"product_cat-till-havs","20":"product_cat-utomhus","21":"product_cat-vandring-klattring-camping","22":"product_tag-3970-3-sv","23":"product_tag-3970-4-sv","24":"product_tag-3971-3-sv","25":"product_tag-blixt","26":"product_tag-firefly-sv","27":"product_tag-firefly-pro-sv","28":"product_tag-firefly-pro-solas-sv","29":"product_tag-ljus","30":"product_tag-nodblixt","31":"product_tag-nodblixtljus-sv","32":"product_tag-raddningsblixt","33":"product_tag-raddningsstroboskopljus","34":"product_tag-solas-flytvastlampa","35":"product_tag-solas-stroboskopljus","36":"product_tag-solas-godkand-pdf-lampa","37":"product_tag-stroboskopljus-sv","38":"product_tag-uscg-stroboskop","39":"pa_activity-camping-sv","40":"pa_activity-cykel-sv","41":"pa_activity-fiske-sv","42":"pa_activity-klattrande","43":"pa_activity-langdakning","44":"pa_activity-paddelsporter","45":"pa_activity-skidor-snowboardakning","46":"pa_activity-snoskoter","47":"pa_activity-terrang-4x4","48":"pa_activity-vandring-sv","49":"pa_aircraft-type-enmotorig","50":"pa_aircraft-type-experimentell","51":"pa_aircraft-type-flermotorig","52":"pa_aircraft-type-latta-stralar","53":"pa_aircraft-type-medelstora-jetplan","54":"pa_aircraft-type-rotocraft-sv","55":"pa_aircraft-type-stora-jetstralar","56":"pa_aircraft-type-turboprop-sv","57":"pa_boat-size-0-20-sv","58":"pa_boat-size-21-40-sv","59":"pa_boat-size-40-80-sv","60":"pa_boat-size-80-sv","61":"pa_boat-type-bogserbat","62":"pa_boat-type-charter-yacht-sv","63":"pa_boat-type-kommersiellt-fiske","64":"pa_boat-type-lastfartyg","65":"pa_boat-type-motorbat","66":"pa_boat-type-segelbat","67":"pa_boat-type-sportcraft-sv","68":"pa_boat-type-yacht-sv","69":"pa_product-raddningsljus","70":"pa_product-sakerhetstillbehor","71":"pa_product-signaleringsprodukter-sv","73":"first","74":"instock","75":"taxable","76":"shipping-taxable","77":"purchasable","78":"product-type-variable"},"acf":[],"_links":{"self":[{"href":"https:\/\/www.acrartex.com\/sv\/wp-json\/wp\/v2\/product\/155017","targetHints":{"allow":["GET"]}}],"collection":[{"href":"https:\/\/www.acrartex.com\/sv\/wp-json\/wp\/v2\/product"}],"about":[{"href":"https:\/\/www.acrartex.com\/sv\/wp-json\/wp\/v2\/types\/product"}],"wp:featuredmedia":[{"embeddable":true,"href":"https:\/\/www.acrartex.com\/sv\/wp-json\/wp\/v2\/media\/36741"}],"wp:attachment":[{"href":"https:\/\/www.acrartex.com\/sv\/wp-json\/wp\/v2\/media?parent=155017"}],"wp:term":[{"taxonomy":"product_brand","embeddable":true,"href":"https:\/\/www.acrartex.com\/sv\/wp-json\/wp\/v2\/product_brand?post=155017"},{"taxonomy":"product_cat","embeddable":true,"href":"https:\/\/www.acrartex.com\/sv\/wp-json\/wp\/v2\/product_cat?post=155017"},{"taxonomy":"product_tag","embeddable":true,"href":"https:\/\/www.acrartex.com\/sv\/wp-json\/wp\/v2\/product_tag?post=155017"}],"curies":[{"name":"wp","href":"https:\/\/api.w.org\/{rel}","templated":true}]}}