{"id":154976,"date":"2021-03-16T08:18:06","date_gmt":"2021-03-16T13:18:06","guid":{"rendered":"https:\/\/www.acrartex.com\/products\/ts-8701-testset\/"},"modified":"2021-03-16T08:18:06","modified_gmt":"2021-03-16T13:18:06","slug":"ts-8701-testset","status":"publish","type":"product","link":"https:\/\/www.acrartex.com\/sv\/products\/ts-8701-testset\/","title":{"rendered":"TS 8701 \u2013 Testset"},"content":{"rendered":"<p><strong>ELT -testning och verifiering av ELT -ID<\/strong><\/p>\n<p>Flygplans n\u00f6dlokaliseringss\u00e4ndare (ELT) m\u00e5ste ha sitt unika identifieringsnummer registrerat hos de nationella myndigheterna. ARTEX testaren tillhandah\u00e5ller en enkel metod f\u00f6r att verifiera och spara ARTEX ELT-ID efter installation, omprogrammering eller om fyren beh\u00f6ver omregistreras efter ett \u00e4garbyte av flygplan. <\/p>\n<p><strong>ELT -avkodning<\/strong><\/p>\n<p>ARTEX testaren avkodar \u00f6verf\u00f6ringen av 406 MHz Cospas-Sarsat -s\u00e4ndningar. S\u00e4ndningen kan avl\u00e4sas direkt via antennkabeln eller via sj\u00e4lva antennen. Enheten indikerar ocks\u00e5 om 121,5 MHz finns. Testaren \u00e4r endast en avkodningsenhet och m\u00e4ter inte effekt. Kontakta din lokala myndighet f\u00f6r ELT -m\u00e4tningskrav f\u00f6r \u00e5rliga inspektioner.    <\/p>\n<p><strong>Testdata<\/strong><\/p>\n<p>ARTEX testaren registrerar all data i en intern databas som kan s\u00e4kerhetskopieras till din dator. Data kan visas p\u00e5 datorn oberoende av testaren, och de \u00e4r tidsst\u00e4mplade som bevis p\u00e5 \u00f6verf\u00f6ring och korrekt programmering. Testaren kan skriva ut via ett USB-gr\u00e4nssnitt till en dator. Utskriftsfunktionen kr\u00e4ver ett nedladdningsbart program som finns tillg\u00e4ngligt p\u00e5 ACRARTEX.com.   <\/p>\n<p>&nbsp;<\/p>\n<p>*Alla funktioner i 8701 g\u00e4ller endast f\u00f6r ARTEX ELT:er.<\/p>\n<table style=\"width: 602px;\" border=\"0\">\n<tbody>\n<tr>\n<td>Funktionstabell f\u00f6r test och programmering<\/td>\n<td><strong>TPS 8700<\/strong><\/td>\n<td><strong>TS 8701<\/strong><\/td>\n<td><strong>TPS 8715<\/strong><\/td>\n<\/tr>\n<tr>\n<td>Verifiering av ELT -ID och avkodning av 406 MHz-s\u00e4ndning<\/td>\n<td><strong>x<\/strong><\/td>\n<td><strong>x<\/strong><\/td>\n<td><strong>x<\/strong><\/td>\n<\/tr>\n<tr>\n<td>Testning av f\u00f6rekomst av 121,5 MHz- och 243 MHz-s\u00e4ndningar<\/td>\n<td><strong>x<\/strong><\/td>\n<td><strong>x<\/strong><\/td>\n<td><strong>x<\/strong><\/td>\n<\/tr>\n<tr>\n<td>Programmering av ARTEX General Aviation ELTs endast (referens PN 8700 f\u00f6r enhet som \u00e4ven kan programmera ELT p\u00e5 transportniv\u00e5)<\/td>\n<td><strong> <\/strong><\/td>\n<td><strong> <\/strong><\/td>\n<td><strong>x<\/strong><\/td>\n<\/tr>\n<tr>\n<td>Programmering av alla ARTEX ELT:er<\/td>\n<td><strong>x<\/strong><\/td>\n<td><strong> <\/strong><\/td>\n<td><strong> <\/strong><\/td>\n<\/tr>\n<tr>\n<td>Databackup till dator<\/td>\n<td><strong>x<\/strong><\/td>\n<td><strong>x<\/strong><\/td>\n<td><strong>x<\/strong><\/td>\n<\/tr>\n<tr>\n<td>Utskriftsfunktion via USB-gr\u00e4nssnitt till en dator<\/td>\n<td><strong>x<\/strong><\/td>\n<td><strong>x<\/strong><\/td>\n<td><strong>x<\/strong><\/td>\n<\/tr>\n<tr>\n<td>Programvara som ing\u00e5r i produkten<\/td>\n<td><strong>x<\/strong><\/td>\n<td><strong>x<\/strong><\/td>\n<td><strong> <\/strong><\/td>\n<\/tr>\n<tr>\n<td>Programvara som inte ing\u00e5r i produkten (programvaran laddas ner efter att kunden har mottagit produkten)<\/td>\n<td><strong> <\/strong><\/td>\n<td><strong> <\/strong><\/td>\n<td><strong>x<\/strong><\/td>\n<\/tr>\n<tr>\n<td><\/td>\n<td><strong> <\/strong><\/td>\n<td><strong> <\/strong><\/td>\n<td><strong> <\/strong><\/td>\n<\/tr>\n<\/tbody>\n<\/table>\n","protected":false},"excerpt":{"rendered":"<p>ARTEX 8701-testaren \u00e4r det enda systemet du beh\u00f6ver f\u00f6r att testa och verifiera alla ARTEX elektroniska str\u00f6mf\u00f6rs\u00f6rjningsenheter. Dess kompakta och b\u00e4rbara design g\u00f6r den praktisk att ha till hands s\u00e5 att du enkelt kan testa vilken ELT som helst, n\u00e4r som helst. <\/p>\n<p><a title=\"sarcalc-skrivbordsprogramvara.zip\" href=\"https:\/\/www.acrartex.com\/media\/1377582\/sarcalc-desktop-software.zip\">SARCALC-skrivbordsprogramvara<\/a><\/p>\n<p><strong><span style=\"color: #ff0000;\">OBS: Denna produkt har utg\u00e5tt och har ersatts med<\/span> <a href=\"https:\/\/www.acrartex.com\/products\/fpt\/\">FPT 8800-seriens ARTEX programmerare<\/a> .<\/strong><\/p>\n<p>&nbsp;<\/p>\n","protected":false},"featured_media":154983,"template":"","meta":{"_acf_changed":false,"om_disable_all_campaigns":false},"product_brand":[],"product_cat":[5835,5834,5553,8624],"product_tag":[10962,10956,10952,5557,10944,10932,10954,10950,10941,10929,10935,10938,10947,10959],"class_list":{"0":"post-154976","1":"product","2":"type-product","3":"status-publish","4":"has-post-thumbnail","6":"product_cat-affarsjet","7":"product_cat-allmanflyg","8":"product_cat-flyg","9":"product_cat-kommersiella-flygplan","10":"product_tag-8701-sv","11":"product_tag-allmanflyg","12":"product_tag-avkodning","13":"product_tag-elt-sv","14":"product_tag-elt-programmerare","15":"product_tag-elt-programmering","16":"product_tag-ga-sv","17":"product_tag-kontroll","18":"product_tag-programmerare","19":"product_tag-programmering","20":"product_tag-testa","21":"product_tag-testning","22":"product_tag-tps-sv","23":"product_tag-tps-8701-sv","24":"pa_product-arv","26":"first","27":"instock","28":"taxable","29":"shipping-taxable","30":"product-type-simple"},"acf":[],"_links":{"self":[{"href":"https:\/\/www.acrartex.com\/sv\/wp-json\/wp\/v2\/product\/154976","targetHints":{"allow":["GET"]}}],"collection":[{"href":"https:\/\/www.acrartex.com\/sv\/wp-json\/wp\/v2\/product"}],"about":[{"href":"https:\/\/www.acrartex.com\/sv\/wp-json\/wp\/v2\/types\/product"}],"wp:featuredmedia":[{"embeddable":true,"href":"https:\/\/www.acrartex.com\/sv\/wp-json\/wp\/v2\/media\/154983"}],"wp:attachment":[{"href":"https:\/\/www.acrartex.com\/sv\/wp-json\/wp\/v2\/media?parent=154976"}],"wp:term":[{"taxonomy":"product_brand","embeddable":true,"href":"https:\/\/www.acrartex.com\/sv\/wp-json\/wp\/v2\/product_brand?post=154976"},{"taxonomy":"product_cat","embeddable":true,"href":"https:\/\/www.acrartex.com\/sv\/wp-json\/wp\/v2\/product_cat?post=154976"},{"taxonomy":"product_tag","embeddable":true,"href":"https:\/\/www.acrartex.com\/sv\/wp-json\/wp\/v2\/product_tag?post=154976"}],"curies":[{"name":"wp","href":"https:\/\/api.w.org\/{rel}","templated":true}]}}