{"id":154958,"date":"2021-03-16T08:18:12","date_gmt":"2021-03-16T13:18:12","guid":{"rendered":"https:\/\/www.acrartex.com\/products\/programmerad-pa-for-c406-n\/"},"modified":"2021-03-16T08:18:12","modified_gmt":"2021-03-16T13:18:12","slug":"programmerad-pa-for-c406-n","status":"publish","type":"product","link":"https:\/\/www.acrartex.com\/sv\/products\/programmerad-pa-for-c406-n\/","title":{"rendered":"Programmerad PA f\u00f6r C406-N"},"content":{"rendered":"","protected":false},"excerpt":{"rendered":"<p>Artex-programmeringsadaptern (PA) \u00e4r ett valfritt tillbeh\u00f6r till C406-N-serien av ELT:er och omprogrammerar automatiskt en C406-N ELT och skriver \u00f6ver tidigare lagrade data f\u00f6r effektivt underh\u00e5ll av flottan.<\/p>\n<p>&nbsp;<\/p>\n","protected":false},"featured_media":154962,"template":"","meta":{"_acf_changed":false,"om_disable_all_campaigns":false},"product_brand":[],"product_cat":[5553,2927],"product_tag":[10854,10858,10861,10874,10867,10872,10870,10851,10864],"class_list":{"0":"post-154958","1":"product","2":"type-product","3":"status-publish","4":"has-post-thumbnail","6":"product_cat-flyg","7":"product_cat-okategoriserad","8":"product_tag-adapter-sv","9":"product_tag-artex-programmeringsadapter","10":"product_tag-artex-programmeringsadapter-pa","11":"product_tag-artikelnummer-453-5078","12":"product_tag-automatiskt-omprogrammera-c406-n-elt","13":"product_tag-effektivt-underhall-av-flottan","14":"product_tag-overskrivning-av-tidigare-lagrad-data","15":"product_tag-programmeringsadapter","16":"product_tag-valfritt-elt-tillbehor","18":"first","19":"instock","20":"taxable","21":"shipping-taxable","22":"product-type-simple"},"acf":[],"_links":{"self":[{"href":"https:\/\/www.acrartex.com\/sv\/wp-json\/wp\/v2\/product\/154958","targetHints":{"allow":["GET"]}}],"collection":[{"href":"https:\/\/www.acrartex.com\/sv\/wp-json\/wp\/v2\/product"}],"about":[{"href":"https:\/\/www.acrartex.com\/sv\/wp-json\/wp\/v2\/types\/product"}],"wp:featuredmedia":[{"embeddable":true,"href":"https:\/\/www.acrartex.com\/sv\/wp-json\/wp\/v2\/media\/154962"}],"wp:attachment":[{"href":"https:\/\/www.acrartex.com\/sv\/wp-json\/wp\/v2\/media?parent=154958"}],"wp:term":[{"taxonomy":"product_brand","embeddable":true,"href":"https:\/\/www.acrartex.com\/sv\/wp-json\/wp\/v2\/product_brand?post=154958"},{"taxonomy":"product_cat","embeddable":true,"href":"https:\/\/www.acrartex.com\/sv\/wp-json\/wp\/v2\/product_cat?post=154958"},{"taxonomy":"product_tag","embeddable":true,"href":"https:\/\/www.acrartex.com\/sv\/wp-json\/wp\/v2\/product_tag?post=154958"}],"curies":[{"name":"wp","href":"https:\/\/api.w.org\/{rel}","templated":true}]}}