{"id":154954,"date":"2021-03-16T08:18:16","date_gmt":"2021-03-16T13:18:16","guid":{"rendered":"https:\/\/www.acrartex.com\/products\/ww-3-resq-visselpipa\/"},"modified":"2021-03-16T08:18:16","modified_gmt":"2021-03-16T13:18:16","slug":"ww-3-resq-visselpipa","status":"publish","type":"product","link":"https:\/\/www.acrartex.com\/sv\/products\/ww-3-resq-visselpipa\/","title":{"rendered":"WW-3 ResQ\u2122 visselpipa"},"content":{"rendered":"<ul>\n<li>F\u00e5r uppm\u00e4rksamhet!<\/li>\n<li>H\u00f6g, g\u00e4ll, dubbel ton h\u00f6rbar p\u00e5 l\u00e5ngt avst\u00e5nd<\/li>\n<li>Unik platt design f\u00f6rhindrar att vatten h\u00e5ller sig kvar<\/li>\n<li>Uppfyller USCG-kraven<\/li>\n<li>Hj\u00e4lpmedel vid r\u00e4ddning p\u00e5 land eller till sj\u00f6ss<\/li>\n<li>Anv\u00e4nds p\u00e5 flytv\u00e4star, flytv\u00e4star, utrustning f\u00f6r d\u00e5ligt v\u00e4der, flytbojar, flottar, nyckelringar etc.<\/li>\n<li>Komplett med 80 cm l\u00e5ng rem<\/li>\n<\/ul>\n","protected":false},"excerpt":{"rendered":"<p>F\u00e5 uppm\u00e4rksamhet n\u00e4r du beh\u00f6ver den med WW-3 ResQ\u2122-visslan. Denna kompakta \u00f6verlevnadsvisslan \u00e4r speciellt utvecklad f\u00f6r att lokalisera b\u00e5tf\u00f6rare som har fallit \u00f6verbord, men den kan ocks\u00e5 hj\u00e4lpa till vid r\u00e4ddningar p\u00e5 land. WW-3 ResQ avger ett g\u00e4llt tv\u00e5tonigt ljud p\u00e5 upp till 100 decibel, vilket \u00e4r h\u00f6rbart \u00f6ver stora avst\u00e5nd. Den unika, platta designen p\u00e5 denna visselpipa hindrar den fr\u00e5n att h\u00e5lla vatten, och dess 80 cm l\u00e5nga snodd f\u00e4sts enkelt p\u00e5 flytv\u00e4star, flottar och annan v\u00e4derutrustning. Och som gr\u00e4dde p\u00e5 moset \u00e4r denna r\u00e4ddningsvissla byggd f\u00f6r att uppfylla USCG:s krav.    <\/p>\n","protected":false},"featured_media":154960,"template":"","meta":{"_acf_changed":false,"om_disable_all_campaigns":false},"product_brand":[],"product_cat":[5829,5822,5826,5583,5823,5832,5830,7980,5825,5769,5827],"product_tag":[10849,10855,10852,10850,10863,5844,10860,10869,10857,10866],"class_list":{"0":"post-154954","1":"product","2":"type-product","3":"status-publish","4":"has-post-thumbnail","6":"product_cat-actionsport-terrang","7":"product_cat-inat-landet","8":"product_cat-kommersiell","9":"product_cat-marin","10":"product_cat-nara-stranden","11":"product_cat-paddelsporter-fiske","12":"product_cat-reseutrustning","13":"product_cat-signaleringsprodukter-sv","14":"product_cat-till-havs","15":"product_cat-utomhus","16":"product_cat-vandring-klattring-camping","17":"product_tag-2-trads-elt-rswt-granssnitt","18":"product_tag-nodfornodenheter","19":"product_tag-nodvisselpipor","20":"product_tag-nodvissla","21":"product_tag-plastvissla","22":"product_tag-resq-sv","23":"product_tag-sakerhetsvissla","24":"product_tag-signal-sv","25":"product_tag-visselpipa-sakerhet","26":"product_tag-vissla","27":"pa_product-sakerhetstillbehor","28":"pa_product-signaleringsprodukter-sv","30":"first","31":"instock","32":"taxable","33":"shipping-taxable","34":"purchasable","35":"product-type-simple"},"acf":[],"_links":{"self":[{"href":"https:\/\/www.acrartex.com\/sv\/wp-json\/wp\/v2\/product\/154954","targetHints":{"allow":["GET"]}}],"collection":[{"href":"https:\/\/www.acrartex.com\/sv\/wp-json\/wp\/v2\/product"}],"about":[{"href":"https:\/\/www.acrartex.com\/sv\/wp-json\/wp\/v2\/types\/product"}],"wp:featuredmedia":[{"embeddable":true,"href":"https:\/\/www.acrartex.com\/sv\/wp-json\/wp\/v2\/media\/154960"}],"wp:attachment":[{"href":"https:\/\/www.acrartex.com\/sv\/wp-json\/wp\/v2\/media?parent=154954"}],"wp:term":[{"taxonomy":"product_brand","embeddable":true,"href":"https:\/\/www.acrartex.com\/sv\/wp-json\/wp\/v2\/product_brand?post=154954"},{"taxonomy":"product_cat","embeddable":true,"href":"https:\/\/www.acrartex.com\/sv\/wp-json\/wp\/v2\/product_cat?post=154954"},{"taxonomy":"product_tag","embeddable":true,"href":"https:\/\/www.acrartex.com\/sv\/wp-json\/wp\/v2\/product_tag?post=154954"}],"curies":[{"name":"wp","href":"https:\/\/api.w.org\/{rel}","templated":true}]}}