{"id":154864,"date":"2021-03-16T08:18:39","date_gmt":"2021-03-16T13:18:39","guid":{"rendered":"https:\/\/www.acrartex.com\/products\/8603-stangantenn-trippelband\/"},"modified":"2021-03-16T08:18:39","modified_gmt":"2021-03-16T13:18:39","slug":"8603-stangantenn-trippelband","status":"publish","type":"product","link":"https:\/\/www.acrartex.com\/sv\/products\/8603-stangantenn-trippelband\/","title":{"rendered":"8603 St\u00e5ngantenn, trippelband"},"content":{"rendered":"<p>V\u00e5r nya stavantenn \u00e4r f\u00f6rst\u00e4rkt med glas och polyesterh\u00f6ljet t\u00e4cker v\u00e5r innovativa Tri-Band-teknik, vilket ger 121,5, 243 och 406 MHz ett kompakt paket. Denna h\u00f6geffektiva antenn har en enda BNC-kontakt f\u00f6r de installationer som kr\u00e4ver en enda kontakt. Utformad enligt TSO C91a och C128b.  <\/p>\n","protected":false},"excerpt":{"rendered":"<p>ARTEX 8603-antennen \u00e4r f\u00f6rst\u00e4rkt med glas och har ett polyesterh\u00f6lje som t\u00e4cker v\u00e5r innovativa Tri-Band-teknik, vilket effektivt sammanf\u00f6r frekvenserna 121,5, 243 och 406 MHz i ett kompakt paket. Denna mycket effektiva antenn har en enda BNC-kontakt f\u00f6r de installationer som kr\u00e4ver en enda kontakt. <\/p>\n","protected":false},"featured_media":154867,"template":"","meta":{"_acf_changed":false,"om_disable_all_campaigns":false},"product_brand":[],"product_cat":[5834,5553],"product_tag":[10055,10279,10283,10281,10050,10640,10053,5557,10285,10639,9929,10048],"class_list":{"0":"post-154864","1":"product","2":"type-product","3":"status-publish","4":"has-post-thumbnail","6":"product_cat-allmanflyg","7":"product_cat-flyg","8":"product_tag-121-243-antenn","9":"product_tag-121-406-antenn","10":"product_tag-406-antennpisk","11":"product_tag-406-antennstav","12":"product_tag-antenn-triband","13":"product_tag-artikelnummer-8603","14":"product_tag-dubbelfrekvensantenn","15":"product_tag-elt-sv","16":"product_tag-stang","17":"product_tag-stavantenn-elt","18":"product_tag-tri-band-sv","19":"product_tag-tribandantenn","20":"pa_aircraft-speed-0-200-knop","21":"pa_aircraft-type-enmotorig","22":"pa_aircraft-type-experimentell","23":"pa_aircraft-type-flermotorig","24":"pa_product-elt-losningar","25":"pa_product-sakerhetstillbehor","27":"first","28":"instock","29":"taxable","30":"shipping-taxable","31":"product-type-simple"},"acf":[],"_links":{"self":[{"href":"https:\/\/www.acrartex.com\/sv\/wp-json\/wp\/v2\/product\/154864","targetHints":{"allow":["GET"]}}],"collection":[{"href":"https:\/\/www.acrartex.com\/sv\/wp-json\/wp\/v2\/product"}],"about":[{"href":"https:\/\/www.acrartex.com\/sv\/wp-json\/wp\/v2\/types\/product"}],"wp:featuredmedia":[{"embeddable":true,"href":"https:\/\/www.acrartex.com\/sv\/wp-json\/wp\/v2\/media\/154867"}],"wp:attachment":[{"href":"https:\/\/www.acrartex.com\/sv\/wp-json\/wp\/v2\/media?parent=154864"}],"wp:term":[{"taxonomy":"product_brand","embeddable":true,"href":"https:\/\/www.acrartex.com\/sv\/wp-json\/wp\/v2\/product_brand?post=154864"},{"taxonomy":"product_cat","embeddable":true,"href":"https:\/\/www.acrartex.com\/sv\/wp-json\/wp\/v2\/product_cat?post=154864"},{"taxonomy":"product_tag","embeddable":true,"href":"https:\/\/www.acrartex.com\/sv\/wp-json\/wp\/v2\/product_tag?post=154864"}],"curies":[{"name":"wp","href":"https:\/\/api.w.org\/{rel}","templated":true}]}}