{"id":154848,"date":"2021-03-16T08:18:44","date_gmt":"2021-03-16T13:18:44","guid":{"rendered":"https:\/\/www.acrartex.com\/products\/110-337-11-antenn-406-blad\/"},"modified":"2021-03-16T08:18:44","modified_gmt":"2021-03-16T13:18:44","slug":"110-337-11-antenn-406-blad","status":"publish","type":"product","link":"https:\/\/www.acrartex.com\/sv\/products\/110-337-11-antenn-406-blad\/","title":{"rendered":"110-337-11 Antenn, 406-blad"},"content":{"rendered":"<p>Trippelbands h\u00f6ghastighetsbladantenn som kombinerar frekvenserna 121,5, 243 och 406 MHz i ett kompakt paket. 110-337-11 erbjuder tv\u00e5 kontakter f\u00f6r de installationer som kr\u00e4ver denna upps\u00e4ttning. Utformad f\u00f6r att uppfylla TSOA C91a-kraven, plus Eurocae ED 62 flamtest.  <\/p>\n<p>Erbjuder tv\u00e5 s\u00e4kra f\u00e4stmetoder f\u00f6r att f\u00e4sta antennen p\u00e5 flygplanet. V\u00e4lj antingen skruvmontering eller montering p\u00e5 bottenplatta. <\/p>\n","protected":false},"excerpt":{"rendered":"<p>Antennen 110-337-11 \u00e4r utrustad med v\u00e5r innovativa Tri-Band-teknik, som sammanf\u00f6r frekvenserna 121,5, 243 och 406 MHz i ett kompakt paket. Denna h\u00f6ghastighetsbladantenn erbjuder tv\u00e5 kontakter f\u00f6r de installationer som kr\u00e4ver just denna upps\u00e4ttning. Dessutom erbjuder vi tv\u00e5 s\u00e4kra bindningsmetoder f\u00f6r att f\u00e4sta antennen p\u00e5 ditt flygplan: skruvmontering eller montering p\u00e5 bottenplatta. Liksom all v\u00e5r utrustning \u00e4r antennen utformad f\u00f6r att uppfylla branschstandarder. Produkten uppfyller TSOA C91a-kraven och Eurocae ED 62-flamtestet.    <\/p>\n","protected":false},"featured_media":154850,"template":"","meta":{"_acf_changed":false,"om_disable_all_campaigns":false},"product_brand":[],"product_cat":[5553],"product_tag":[10055,10279,10287,10057,10050,10065,10053,10058,10059,10063,10061,10048,10060],"class_list":{"0":"post-154848","1":"product","2":"type-product","3":"status-publish","4":"has-post-thumbnail","6":"product_cat-flyg","7":"product_tag-121-243-antenn","8":"product_tag-121-406-antenn","9":"product_tag-406-antennblad","10":"product_tag-406-antenn","11":"product_tag-antenn-triband","12":"product_tag-bladantenn-elt","13":"product_tag-dubbelfrekvensantenn","14":"product_tag-elt-bladantenn","15":"product_tag-elt-stangsantenn","16":"product_tag-piskantenn-elt","17":"product_tag-rode-antenn-elt","18":"product_tag-tribandantenn","19":"product_tag-whip-elt-antenn","21":"first","22":"instock","23":"taxable","24":"shipping-taxable","25":"product-type-simple"},"acf":[],"_links":{"self":[{"href":"https:\/\/www.acrartex.com\/sv\/wp-json\/wp\/v2\/product\/154848","targetHints":{"allow":["GET"]}}],"collection":[{"href":"https:\/\/www.acrartex.com\/sv\/wp-json\/wp\/v2\/product"}],"about":[{"href":"https:\/\/www.acrartex.com\/sv\/wp-json\/wp\/v2\/types\/product"}],"wp:featuredmedia":[{"embeddable":true,"href":"https:\/\/www.acrartex.com\/sv\/wp-json\/wp\/v2\/media\/154850"}],"wp:attachment":[{"href":"https:\/\/www.acrartex.com\/sv\/wp-json\/wp\/v2\/media?parent=154848"}],"wp:term":[{"taxonomy":"product_brand","embeddable":true,"href":"https:\/\/www.acrartex.com\/sv\/wp-json\/wp\/v2\/product_brand?post=154848"},{"taxonomy":"product_cat","embeddable":true,"href":"https:\/\/www.acrartex.com\/sv\/wp-json\/wp\/v2\/product_cat?post=154848"},{"taxonomy":"product_tag","embeddable":true,"href":"https:\/\/www.acrartex.com\/sv\/wp-json\/wp\/v2\/product_tag?post=154848"}],"curies":[{"name":"wp","href":"https:\/\/api.w.org\/{rel}","templated":true}]}}