{"id":154829,"date":"2021-03-16T08:18:48","date_gmt":"2021-03-16T13:18:48","guid":{"rendered":"https:\/\/www.acrartex.com\/products\/110-775-barbar-antenn-dubbelband-for-me406p\/"},"modified":"2021-03-16T08:18:48","modified_gmt":"2021-03-16T13:18:48","slug":"110-775-barbar-antenn-dubbelband-for-me406p","status":"publish","type":"product","link":"https:\/\/www.acrartex.com\/sv\/products\/110-775-barbar-antenn-dubbelband-for-me406p\/","title":{"rendered":"110-775 B\u00e4rbar antenn, dubbelband f\u00f6r ME406P"},"content":{"rendered":"","protected":false},"excerpt":{"rendered":"<p>B\u00e4rbar antenn, dubbelband f\u00f6r ME406P, 121,5 och 406 MHz<\/p>\n","protected":false},"featured_media":154833,"template":"","meta":{"_acf_changed":false,"om_disable_all_campaigns":false},"product_brand":[],"product_cat":[2927],"product_tag":[10595,10591,10593,10057,10050,10065,5557,10590,10058,10059,10063,10061,10048,10060],"class_list":{"0":"post-154829","1":"product","2":"type-product","3":"status-publish","4":"has-post-thumbnail","6":"product_cat-okategoriserad","7":"product_tag-110-775-sv","8":"product_tag-121-antenn","9":"product_tag-121-5-antenn","10":"product_tag-406-antenn","11":"product_tag-antenn-triband","12":"product_tag-bladantenn-elt","13":"product_tag-elt-sv","14":"product_tag-elt-antenn","15":"product_tag-elt-bladantenn","16":"product_tag-elt-stangsantenn","17":"product_tag-piskantenn-elt","18":"product_tag-rode-antenn-elt","19":"product_tag-tribandantenn","20":"product_tag-whip-elt-antenn","22":"first","23":"instock","24":"taxable","25":"shipping-taxable","26":"product-type-simple"},"acf":[],"_links":{"self":[{"href":"https:\/\/www.acrartex.com\/sv\/wp-json\/wp\/v2\/product\/154829","targetHints":{"allow":["GET"]}}],"collection":[{"href":"https:\/\/www.acrartex.com\/sv\/wp-json\/wp\/v2\/product"}],"about":[{"href":"https:\/\/www.acrartex.com\/sv\/wp-json\/wp\/v2\/types\/product"}],"wp:featuredmedia":[{"embeddable":true,"href":"https:\/\/www.acrartex.com\/sv\/wp-json\/wp\/v2\/media\/154833"}],"wp:attachment":[{"href":"https:\/\/www.acrartex.com\/sv\/wp-json\/wp\/v2\/media?parent=154829"}],"wp:term":[{"taxonomy":"product_brand","embeddable":true,"href":"https:\/\/www.acrartex.com\/sv\/wp-json\/wp\/v2\/product_brand?post=154829"},{"taxonomy":"product_cat","embeddable":true,"href":"https:\/\/www.acrartex.com\/sv\/wp-json\/wp\/v2\/product_cat?post=154829"},{"taxonomy":"product_tag","embeddable":true,"href":"https:\/\/www.acrartex.com\/sv\/wp-json\/wp\/v2\/product_tag?post=154829"}],"curies":[{"name":"wp","href":"https:\/\/api.w.org\/{rel}","templated":true}]}}