{"id":154797,"date":"2021-03-16T08:18:59","date_gmt":"2021-03-16T13:18:59","guid":{"rendered":"https:\/\/www.acrartex.com\/products\/110-343-sprotantenn-tri-band\/"},"modified":"2021-03-16T08:18:59","modified_gmt":"2021-03-16T13:18:59","slug":"110-343-sprotantenn-tri-band","status":"publish","type":"product","link":"https:\/\/www.acrartex.com\/sv\/products\/110-343-sprotantenn-tri-band\/","title":{"rendered":"110-343 Spr\u00f6tantenn, Tri-band"},"content":{"rendered":"<p>Tv\u00e5 modeller tillg\u00e4ngliga:<br \/>\n \u2013 110-343 (vit)<br \/>\n \u2013 110-343-01 (svart)<\/p>\n","protected":false},"excerpt":{"rendered":"<p>Whip-antenn, trippelband, 121,5, 243 och 406 MHz Finns i tv\u00e5 modeller: \u2013 110-343 (vit) \u2013 110-343-01 (svart)<\/p>\n","protected":false},"featured_media":154801,"template":"","meta":{"_acf_changed":false,"om_disable_all_campaigns":false},"product_brand":[],"product_cat":[5834,5553],"product_tag":[10534,10055,10279,10057,10050,10065,10053,10058,10059,10012,10063,10061,10502,10048,10060],"class_list":{"0":"post-154797","1":"product","2":"type-product","3":"status-publish","4":"has-post-thumbnail","6":"product_cat-allmanflyg","7":"product_cat-flyg","8":"product_tag-110-343-sv","9":"product_tag-121-243-antenn","10":"product_tag-121-406-antenn","11":"product_tag-406-antenn","12":"product_tag-antenn-triband","13":"product_tag-bladantenn-elt","14":"product_tag-dubbelfrekvensantenn","15":"product_tag-elt-bladantenn","16":"product_tag-elt-stangsantenn","17":"product_tag-piskantenn","18":"product_tag-piskantenn-elt","19":"product_tag-rode-antenn-elt","20":"product_tag-tremarken","21":"product_tag-tribandantenn","22":"product_tag-whip-elt-antenn","23":"pa_aircraft-type-enmotorig","24":"pa_aircraft-type-experimentell","25":"pa_aircraft-type-turboprop-sv","26":"pa_product-elt-losningar","27":"pa_product-sakerhetstillbehor","29":"first","30":"instock","31":"taxable","32":"shipping-taxable","33":"product-type-simple"},"acf":[],"_links":{"self":[{"href":"https:\/\/www.acrartex.com\/sv\/wp-json\/wp\/v2\/product\/154797","targetHints":{"allow":["GET"]}}],"collection":[{"href":"https:\/\/www.acrartex.com\/sv\/wp-json\/wp\/v2\/product"}],"about":[{"href":"https:\/\/www.acrartex.com\/sv\/wp-json\/wp\/v2\/types\/product"}],"wp:featuredmedia":[{"embeddable":true,"href":"https:\/\/www.acrartex.com\/sv\/wp-json\/wp\/v2\/media\/154801"}],"wp:attachment":[{"href":"https:\/\/www.acrartex.com\/sv\/wp-json\/wp\/v2\/media?parent=154797"}],"wp:term":[{"taxonomy":"product_brand","embeddable":true,"href":"https:\/\/www.acrartex.com\/sv\/wp-json\/wp\/v2\/product_brand?post=154797"},{"taxonomy":"product_cat","embeddable":true,"href":"https:\/\/www.acrartex.com\/sv\/wp-json\/wp\/v2\/product_cat?post=154797"},{"taxonomy":"product_tag","embeddable":true,"href":"https:\/\/www.acrartex.com\/sv\/wp-json\/wp\/v2\/product_tag?post=154797"}],"curies":[{"name":"wp","href":"https:\/\/api.w.org\/{rel}","templated":true}]}}