{"id":154795,"date":"2021-03-16T08:19:07","date_gmt":"2021-03-16T13:19:07","guid":{"rendered":"https:\/\/www.acrartex.com\/products\/110-340-bladantenn\/"},"modified":"2021-03-16T08:19:07","modified_gmt":"2021-03-16T13:19:07","slug":"110-340-bladantenn","status":"publish","type":"product","link":"https:\/\/www.acrartex.com\/sv\/products\/110-340-bladantenn\/","title":{"rendered":"110-340 bladantenn"},"content":{"rendered":"<p>Tri-Band Blade h\u00f6ghastighetsantennen erbjuder v\u00e5r innovativa Tri-Band-teknik, som kombinerar frekvenserna 121,5, 243 och 406 MHz i ett kompakt paket. 110-340 erbjuder en enda kontakt f\u00f6r de installationer som kr\u00e4ver denna upps\u00e4ttning. <\/p>\n<p>Tv\u00e5 modeller tillg\u00e4ngliga:<\/p>\n<ul>\n<li>110-340<\/li>\n<li>110-340-01 (skyddskant)<\/li>\n<\/ul>\n","protected":false},"excerpt":{"rendered":"<p>Trippelband, 121,5, 243 och 406 MHz<\/p>\n","protected":false},"featured_media":154805,"template":"","meta":{"_acf_changed":false,"om_disable_all_campaigns":false},"product_brand":[],"product_cat":[5835,5553,8624],"product_tag":[10533,10055,10279,10287,10057,10050,10530,10538,10543,10550,10065,10053,10546,10048],"class_list":{"0":"post-154795","1":"product","2":"type-product","3":"status-publish","4":"has-post-thumbnail","6":"product_cat-affarsjet","7":"product_cat-flyg","8":"product_cat-kommersiella-flygplan","9":"product_tag-110-340-sv","10":"product_tag-121-243-antenn","11":"product_tag-121-406-antenn","12":"product_tag-406-antennblad","13":"product_tag-406-antenn","14":"product_tag-antenn-triband","15":"product_tag-artikelnummer-110-340","16":"product_tag-artikelnummer-110-340-sv","17":"product_tag-artikelnummer-110-340-sv-2","18":"product_tag-artikelnummer-110-340-sv-3","19":"product_tag-bladantenn-elt","20":"product_tag-dubbelfrekvensantenn","21":"product_tag-pn110-340-sv","22":"product_tag-tribandantenn","23":"pa_aircraft-speed-200-350-knop","24":"pa_aircraft-speed-350-knop","25":"pa_aircraft-type-flermotorig","26":"pa_aircraft-type-flygplan","27":"pa_aircraft-type-latta-stralar","28":"pa_aircraft-type-medelstora-jetplan","29":"pa_aircraft-type-passagerarjet","30":"pa_aircraft-type-stora-jetstralar","31":"pa_product-elt-losningar","32":"pa_product-sakerhetstillbehor","34":"first","35":"instock","36":"taxable","37":"shipping-taxable","38":"product-type-simple"},"acf":[],"_links":{"self":[{"href":"https:\/\/www.acrartex.com\/sv\/wp-json\/wp\/v2\/product\/154795","targetHints":{"allow":["GET"]}}],"collection":[{"href":"https:\/\/www.acrartex.com\/sv\/wp-json\/wp\/v2\/product"}],"about":[{"href":"https:\/\/www.acrartex.com\/sv\/wp-json\/wp\/v2\/types\/product"}],"wp:featuredmedia":[{"embeddable":true,"href":"https:\/\/www.acrartex.com\/sv\/wp-json\/wp\/v2\/media\/154805"}],"wp:attachment":[{"href":"https:\/\/www.acrartex.com\/sv\/wp-json\/wp\/v2\/media?parent=154795"}],"wp:term":[{"taxonomy":"product_brand","embeddable":true,"href":"https:\/\/www.acrartex.com\/sv\/wp-json\/wp\/v2\/product_brand?post=154795"},{"taxonomy":"product_cat","embeddable":true,"href":"https:\/\/www.acrartex.com\/sv\/wp-json\/wp\/v2\/product_cat?post=154795"},{"taxonomy":"product_tag","embeddable":true,"href":"https:\/\/www.acrartex.com\/sv\/wp-json\/wp\/v2\/product_tag?post=154795"}],"curies":[{"name":"wp","href":"https:\/\/api.w.org\/{rel}","templated":true}]}}