{"id":154737,"date":"2021-03-16T08:19:11","date_gmt":"2021-03-16T13:19:11","guid":{"rendered":"https:\/\/www.acrartex.com\/products\/110-338-stangantenn\/"},"modified":"2021-03-16T08:19:11","modified_gmt":"2021-03-16T13:19:11","slug":"110-338-stangantenn","status":"publish","type":"product","link":"https:\/\/www.acrartex.com\/sv\/products\/110-338-stangantenn\/","title":{"rendered":"110-338 St\u00e5ngantenn"},"content":{"rendered":"<p>Ett robust, glasf\u00f6rst\u00e4rkt polyesterh\u00f6lje t\u00e4cker v\u00e5r innovativa Tri-Band-teknik, som kombinerar 121,5, 243 och 406 MHz i ett kompakt paket. Denna h\u00f6geffektiva antenn har en enda BNC-kontakt f\u00f6r de installationer som kr\u00e4ver en enda kontakt. Utformad f\u00f6r att klara Eurocae ED 62 flamtest.  <\/p>\n<p>Tv\u00e5 modeller tillg\u00e4ngliga:<br \/>\n \u2013 110-338 (vit)<br \/>\n \u2013 110-338-01 (svart)<\/p>\n","protected":false},"excerpt":{"rendered":"<p>Trippelband, 121,5, 243 och 406 MHz<\/p>\n","protected":false},"featured_media":154742,"template":"","meta":{"_acf_changed":false,"om_disable_all_campaigns":false},"product_brand":[],"product_cat":[5834,5553,5556],"product_tag":[10300,10290,10055,10279,10287,10283,10281,10288,10013,10298,10301,10302,10289,10291,10292,10296,10294,10285,9934,10303],"class_list":{"0":"post-154737","1":"product","2":"type-product","3":"status-publish","4":"has-post-thumbnail","6":"product_cat-allmanflyg","7":"product_cat-flyg","8":"product_cat-rotocraft-sv","9":"product_tag-110-338-sv-2","10":"product_tag-110-338-sv","11":"product_tag-121-243-antenn","12":"product_tag-121-406-antenn","13":"product_tag-406-antennblad","14":"product_tag-406-antennpisk","15":"product_tag-406-antennstav","16":"product_tag-al-frekvensantenn","17":"product_tag-antenn","18":"product_tag-artikelnummer-110-338-sv-4","19":"product_tag-artikelnummer-110-338-sv-5","20":"product_tag-artikelnummer-110-338-sv-6","21":"product_tag-artikelnummer-110-338","22":"product_tag-artikelnummer-110-338-sv","23":"product_tag-artikelnummer-110-338-sv-2","24":"product_tag-artikelnummer-110-338-sv-3","25":"product_tag-pn110-338-sv","26":"product_tag-stang","27":"product_tag-stangantenn","28":"product_tag-trippelband-110-338","29":"pa_aircraft-type-enmotorig","30":"pa_aircraft-type-experimentell","31":"pa_aircraft-type-flermotorig","32":"pa_aircraft-type-turboprop-sv","33":"pa_product-elt-losningar","34":"pa_product-sakerhetstillbehor","36":"first","37":"instock","38":"taxable","39":"shipping-taxable","40":"product-type-simple"},"acf":[],"_links":{"self":[{"href":"https:\/\/www.acrartex.com\/sv\/wp-json\/wp\/v2\/product\/154737","targetHints":{"allow":["GET"]}}],"collection":[{"href":"https:\/\/www.acrartex.com\/sv\/wp-json\/wp\/v2\/product"}],"about":[{"href":"https:\/\/www.acrartex.com\/sv\/wp-json\/wp\/v2\/types\/product"}],"wp:featuredmedia":[{"embeddable":true,"href":"https:\/\/www.acrartex.com\/sv\/wp-json\/wp\/v2\/media\/154742"}],"wp:attachment":[{"href":"https:\/\/www.acrartex.com\/sv\/wp-json\/wp\/v2\/media?parent=154737"}],"wp:term":[{"taxonomy":"product_brand","embeddable":true,"href":"https:\/\/www.acrartex.com\/sv\/wp-json\/wp\/v2\/product_brand?post=154737"},{"taxonomy":"product_cat","embeddable":true,"href":"https:\/\/www.acrartex.com\/sv\/wp-json\/wp\/v2\/product_cat?post=154737"},{"taxonomy":"product_tag","embeddable":true,"href":"https:\/\/www.acrartex.com\/sv\/wp-json\/wp\/v2\/product_tag?post=154737"}],"curies":[{"name":"wp","href":"https:\/\/api.w.org\/{rel}","templated":true}]}}