{"id":154715,"date":"2021-03-16T08:19:15","date_gmt":"2021-03-16T13:19:15","guid":{"rendered":"https:\/\/www.acrartex.com\/products\/110-337-bladantenn\/"},"modified":"2021-03-16T08:19:15","modified_gmt":"2021-03-16T13:19:15","slug":"110-337-bladantenn","status":"publish","type":"product","link":"https:\/\/www.acrartex.com\/sv\/products\/110-337-bladantenn\/","title":{"rendered":"110-337 Bladantenn"},"content":{"rendered":"<p>Tri-Band Blade h\u00f6ghastighetsantennen erbjuder v\u00e5r innovativa Tri-Band-teknik, som sammanf\u00f6r frekvenserna 121,5, 243 och 406 MHz i ett kompakt paket. 110-337 erbjuder tv\u00e5 kontakter f\u00f6r de installationer som kr\u00e4ver denna upps\u00e4ttning. Utformad f\u00f6r att uppfylla TSOA C91a-kraven, plus Eurocae ED 62 flamtest.  <\/p>\n<p>Tv\u00e5 modeller tillg\u00e4ngliga:<br \/>\n \u2013 110-337<br \/>\n \u2013 110-337-01 (skyddskant)<\/p>\n","protected":false},"excerpt":{"rendered":"<p>Trippelband, dubbel ing\u00e5ng, 121,5, 243 och 406 MHz<\/p>\n","protected":false},"featured_media":154718,"template":"","meta":{"_acf_changed":false,"om_disable_all_campaigns":false},"product_brand":[],"product_cat":[5835,5553,8624],"product_tag":[9932,10246,10249,10253,10251,10067,9936,9929],"class_list":{"0":"post-154715","1":"product","2":"type-product","3":"status-publish","4":"has-post-thumbnail","6":"product_cat-affarsjet","7":"product_cat-flyg","8":"product_cat-kommersiella-flygplan","9":"product_tag-110-sv","10":"product_tag-110-337-sv","11":"product_tag-337-sv","12":"product_tag-acr-antenn","13":"product_tag-band-sv","14":"product_tag-bladantenn","15":"product_tag-dubbel-ingang","16":"product_tag-tri-band-sv","17":"pa_aircraft-type-flermotorig","18":"pa_aircraft-type-latta-stralar","19":"pa_aircraft-type-medelstora-jetplan","20":"pa_aircraft-type-stora-jetstralar","21":"pa_product-elt-losningar","22":"pa_product-sakerhetstillbehor","24":"first","25":"instock","26":"taxable","27":"shipping-taxable","28":"product-type-simple"},"acf":[],"_links":{"self":[{"href":"https:\/\/www.acrartex.com\/sv\/wp-json\/wp\/v2\/product\/154715","targetHints":{"allow":["GET"]}}],"collection":[{"href":"https:\/\/www.acrartex.com\/sv\/wp-json\/wp\/v2\/product"}],"about":[{"href":"https:\/\/www.acrartex.com\/sv\/wp-json\/wp\/v2\/types\/product"}],"wp:featuredmedia":[{"embeddable":true,"href":"https:\/\/www.acrartex.com\/sv\/wp-json\/wp\/v2\/media\/154718"}],"wp:attachment":[{"href":"https:\/\/www.acrartex.com\/sv\/wp-json\/wp\/v2\/media?parent=154715"}],"wp:term":[{"taxonomy":"product_brand","embeddable":true,"href":"https:\/\/www.acrartex.com\/sv\/wp-json\/wp\/v2\/product_brand?post=154715"},{"taxonomy":"product_cat","embeddable":true,"href":"https:\/\/www.acrartex.com\/sv\/wp-json\/wp\/v2\/product_cat?post=154715"},{"taxonomy":"product_tag","embeddable":true,"href":"https:\/\/www.acrartex.com\/sv\/wp-json\/wp\/v2\/product_tag?post=154715"}],"curies":[{"name":"wp","href":"https:\/\/api.w.org\/{rel}","templated":true}]}}