{"id":154568,"date":"2021-03-16T08:19:40","date_gmt":"2021-03-16T13:19:40","guid":{"rendered":"https:\/\/www.acrartex.com\/products\/110-320-stangantenn\/"},"modified":"2021-03-16T08:19:40","modified_gmt":"2021-03-16T13:19:40","slug":"110-320-stangantenn","status":"publish","type":"product","link":"https:\/\/www.acrartex.com\/sv\/products\/110-320-stangantenn\/","title":{"rendered":"110-320 St\u00e5ngantenn"},"content":{"rendered":"<p>Ett robust, glasf\u00f6rst\u00e4rkt polyesterh\u00f6lje t\u00e4cker v\u00e5r innovativa Tri-Band-teknik, vilket ger 121,5, 243 och 406 MHz ett kompakt paket. Denna mycket effektiva antenn erbjuder 10 dB isolering mellan portarna. CI 317 har en dubbel kontaktkonfiguration f\u00f6r de installationer som kr\u00e4ver denna upps\u00e4ttning. Utformad f\u00f6r att klara Eurocae ED 62 flamtest.   <\/p>\n<p>Tv\u00e5 modeller tillg\u00e4ngliga:<\/p>\n<ul>\n<li>110-320 (vit)<\/li>\n<li>110-320-04 (svart)<\/li>\n<\/ul>\n","protected":false},"excerpt":{"rendered":"<p>Trippelband, dubbel ing\u00e5ng, 121,5, 243 och 406 MHz<\/p>\n<p>&nbsp;<\/p>\n","protected":false},"featured_media":154573,"template":"","meta":{"_acf_changed":false,"om_disable_all_campaigns":false},"product_brand":[],"product_cat":[5553],"product_tag":[9932,9942,9938,9940,9936,9934,9929],"class_list":{"0":"post-154568","1":"product","2":"type-product","3":"status-publish","4":"has-post-thumbnail","6":"product_cat-flyg","7":"product_tag-110-sv","8":"product_tag-110-320-sv","9":"product_tag-121-5-sv","10":"product_tag-320-sv","11":"product_tag-dubbel-ingang","12":"product_tag-stangantenn","13":"product_tag-tri-band-sv","15":"first","16":"instock","17":"taxable","18":"shipping-taxable","19":"product-type-simple"},"acf":[],"_links":{"self":[{"href":"https:\/\/www.acrartex.com\/sv\/wp-json\/wp\/v2\/product\/154568","targetHints":{"allow":["GET"]}}],"collection":[{"href":"https:\/\/www.acrartex.com\/sv\/wp-json\/wp\/v2\/product"}],"about":[{"href":"https:\/\/www.acrartex.com\/sv\/wp-json\/wp\/v2\/types\/product"}],"wp:featuredmedia":[{"embeddable":true,"href":"https:\/\/www.acrartex.com\/sv\/wp-json\/wp\/v2\/media\/154573"}],"wp:attachment":[{"href":"https:\/\/www.acrartex.com\/sv\/wp-json\/wp\/v2\/media?parent=154568"}],"wp:term":[{"taxonomy":"product_brand","embeddable":true,"href":"https:\/\/www.acrartex.com\/sv\/wp-json\/wp\/v2\/product_brand?post=154568"},{"taxonomy":"product_cat","embeddable":true,"href":"https:\/\/www.acrartex.com\/sv\/wp-json\/wp\/v2\/product_cat?post=154568"},{"taxonomy":"product_tag","embeddable":true,"href":"https:\/\/www.acrartex.com\/sv\/wp-json\/wp\/v2\/product_tag?post=154568"}],"curies":[{"name":"wp","href":"https:\/\/api.w.org\/{rel}","templated":true}]}}