{"id":154508,"date":"2021-03-16T08:19:54","date_gmt":"2021-03-16T13:19:54","guid":{"rendered":"https:\/\/www.acrartex.com\/products\/megafon\/"},"modified":"2021-03-16T08:19:54","modified_gmt":"2021-03-16T13:19:54","slug":"megafon","status":"publish","type":"product","link":"https:\/\/www.acrartex.com\/sv\/products\/megafon\/","title":{"rendered":"Megafon"},"content":{"rendered":"<p>ACR \/EM-1A, ACR \/EM-2BA och ACR \/EM-1D har utformats f\u00f6r att minimera regenerativ akustisk \u00e5terkoppling som resulterar i visslingar och andra oscillationer av detta slag. De har en 90\u00b0 ljudprojektionsvinkel f\u00f6r att rikta ljudet till personer i deras omedelbara n\u00e4rhet, s\u00e5v\u00e4l som i de bakre delarna av alla flygplan. F\u00f6rst\u00e4rkarens frekvensbandpass har valts f\u00f6r att producera en skarp och tydlig \u00e5tergivning av r\u00f6stsignaler. Driftseffektniv\u00e5n \u00e4r ocks\u00e5 tillr\u00e4cklig f\u00f6r att ge tillr\u00e4ckligt ljud under f\u00f6rh\u00e5llanden med h\u00f6g omgivningsljudniv\u00e5 utan att vara \u00f6verv\u00e4ldigande. S\u00e4rskild uppm\u00e4rksamhet har \u00e4gnats \u00e5t den fysiska storleken s\u00e5 att de kan anv\u00e4ndas effektivt i en tr\u00e5ng milj\u00f6. Endast tillg\u00e4nglig via Kellstrom Aerospace.     <\/p>\n","protected":false},"excerpt":{"rendered":"<p>De b\u00e4rbara s\u00e4kerhetsmegafonerna ACR EM-1A, EM-2BA och EM-1D har utformats f\u00f6r att minimera akustisk \u00e5terkoppling som resulterar i visslingar och andra liknande ljud. Varje megafon har en 90\u00b0 ljudprojektionsvinkel s\u00e5 att personer i megafonens omedelbara n\u00e4rhet, s\u00e5v\u00e4l som de som befinner sig i flygplanets bakre delar, kan h\u00f6ra meddelandet. Dessutom har f\u00f6rst\u00e4rkarens frekvensbandpass valts f\u00f6r att producera en skarp och tydlig \u00e5tergivning av r\u00f6stsignaler. S\u00e4rskild uppm\u00e4rksamhet har \u00e4gnats \u00e5t megafonens fysiska storlek s\u00e5 att varje modell kan anv\u00e4ndas effektivt i en tr\u00e5ng milj\u00f6.   <\/p>\n<p>&nbsp;<\/p>\n","protected":false},"featured_media":154515,"template":"","meta":{"_acf_changed":false,"om_disable_all_campaigns":false},"product_brand":[],"product_cat":[5835,5553,8624],"product_tag":[9856,9848,9849,9859,9853,9862],"class_list":{"0":"post-154508","1":"product","2":"type-product","3":"status-publish","4":"has-post-thumbnail","6":"product_cat-affarsjet","7":"product_cat-flyg","8":"product_cat-kommersiella-flygplan","9":"product_tag-boeing-megafon","10":"product_tag-em-1a-sv","11":"product_tag-em-1d-sv","12":"product_tag-flygplanskabins-rostmegafon","13":"product_tag-kommersiell-flygmegafon","14":"product_tag-megafon","15":"pa_aircraft-type-flygplan","16":"pa_aircraft-type-medelstora-jetplan","17":"pa_aircraft-type-passagerarjet","18":"pa_product-megafoner","20":"first","21":"instock","22":"taxable","23":"shipping-taxable","24":"product-type-simple"},"acf":[],"_links":{"self":[{"href":"https:\/\/www.acrartex.com\/sv\/wp-json\/wp\/v2\/product\/154508","targetHints":{"allow":["GET"]}}],"collection":[{"href":"https:\/\/www.acrartex.com\/sv\/wp-json\/wp\/v2\/product"}],"about":[{"href":"https:\/\/www.acrartex.com\/sv\/wp-json\/wp\/v2\/types\/product"}],"wp:featuredmedia":[{"embeddable":true,"href":"https:\/\/www.acrartex.com\/sv\/wp-json\/wp\/v2\/media\/154515"}],"wp:attachment":[{"href":"https:\/\/www.acrartex.com\/sv\/wp-json\/wp\/v2\/media?parent=154508"}],"wp:term":[{"taxonomy":"product_brand","embeddable":true,"href":"https:\/\/www.acrartex.com\/sv\/wp-json\/wp\/v2\/product_brand?post=154508"},{"taxonomy":"product_cat","embeddable":true,"href":"https:\/\/www.acrartex.com\/sv\/wp-json\/wp\/v2\/product_cat?post=154508"},{"taxonomy":"product_tag","embeddable":true,"href":"https:\/\/www.acrartex.com\/sv\/wp-json\/wp\/v2\/product_tag?post=154508"}],"curies":[{"name":"wp","href":"https:\/\/api.w.org\/{rel}","templated":true}]}}