{"id":154487,"date":"2021-03-16T08:19:59","date_gmt":"2021-03-16T13:19:59","guid":{"rendered":"https:\/\/www.acrartex.com\/products\/l8-3\/"},"modified":"2021-03-16T08:19:59","modified_gmt":"2021-03-16T13:19:59","slug":"l8-3","status":"publish","type":"product","link":"https:\/\/www.acrartex.com\/sv\/products\/l8-3\/","title":{"rendered":"L8-3"},"content":{"rendered":"<ul>\n<li>Godk\u00e4nd av kustbevakningen f\u00f6r anv\u00e4ndning p\u00e5 flytv\u00e4star<\/li>\n<li>Kombinationen av lampa och lins ger ett starkt ljus som \u00e4r synligt p\u00e5 \u00f6ver 1,6 km<\/li>\n<li>Fungerar i s\u00f6tvatten eller saltvatten<\/li>\n<li>Standardl\u00e4ngd p\u00e5 ledningstr\u00e5d 46 cm; vissa speciall\u00e4ngder finns tillg\u00e4ngliga (minimim\u00e4ngder g\u00e4ller)<\/li>\n<li>Vattenaktiverat batteri<\/li>\n<li>Driftstid \u00f6verstiger 8 timmar<\/li>\n<li>5 \u00e5rs lagringstid<\/li>\n<\/ul>\n","protected":false},"excerpt":{"rendered":"<p>L8-3 \u00e4r en vattenaktiverad personlig r\u00e4ddningslampa som \u00e4r godk\u00e4nd av kustbevakningen f\u00f6r anv\u00e4ndning p\u00e5 flytv\u00e4star. Lampan och linsen i L8-3 producerar ett kraftfullt ljus som syns i \u00f6ver en mils r\u00e4ckvidd. Denna r\u00e4ddningslampa har ett vattenaktiverat batteri, och n\u00e4r den utl\u00f6ses h\u00e5ller den i 8 timmar.  <\/p>\n<p>&nbsp;<\/p>\n","protected":false},"featured_media":154488,"template":"","meta":{"_acf_changed":false,"om_disable_all_campaigns":false},"product_brand":[],"product_cat":[5826,5583,5823,5825],"product_tag":[9811,9799,9817,9815,9805,9807,9809,9822,9819,9797,9823,9801,9813,9803,7270],"class_list":{"0":"post-154487","1":"product","2":"type-product","3":"status-publish","4":"has-post-thumbnail","6":"product_cat-kommersiell","7":"product_cat-marin","8":"product_cat-nara-stranden","9":"product_cat-till-havs","10":"product_tag-acr-stroboskopljus","11":"product_tag-acr-blixt","12":"product_tag-artex-pfd-sv","13":"product_tag-artex-lampa","14":"product_tag-flyg-flytvast-ljus","15":"product_tag-flyg-pfd-ljus","16":"product_tag-flygbelysning","17":"product_tag-l8-3-sv","18":"product_tag-l8-ljus","19":"product_tag-marint-stroboskopljus","20":"product_tag-nodblixtljus","21":"product_tag-raddningsljus","22":"product_tag-raddningsljus-sv","23":"product_tag-raddningsstroboskopljus","24":"product_tag-stroboskopljus","25":"pa_product-arv","27":"first","28":"outofstock","29":"taxable","30":"shipping-taxable","31":"product-type-simple"},"acf":[],"_links":{"self":[{"href":"https:\/\/www.acrartex.com\/sv\/wp-json\/wp\/v2\/product\/154487","targetHints":{"allow":["GET"]}}],"collection":[{"href":"https:\/\/www.acrartex.com\/sv\/wp-json\/wp\/v2\/product"}],"about":[{"href":"https:\/\/www.acrartex.com\/sv\/wp-json\/wp\/v2\/types\/product"}],"wp:featuredmedia":[{"embeddable":true,"href":"https:\/\/www.acrartex.com\/sv\/wp-json\/wp\/v2\/media\/154488"}],"wp:attachment":[{"href":"https:\/\/www.acrartex.com\/sv\/wp-json\/wp\/v2\/media?parent=154487"}],"wp:term":[{"taxonomy":"product_brand","embeddable":true,"href":"https:\/\/www.acrartex.com\/sv\/wp-json\/wp\/v2\/product_brand?post=154487"},{"taxonomy":"product_cat","embeddable":true,"href":"https:\/\/www.acrartex.com\/sv\/wp-json\/wp\/v2\/product_cat?post=154487"},{"taxonomy":"product_tag","embeddable":true,"href":"https:\/\/www.acrartex.com\/sv\/wp-json\/wp\/v2\/product_tag?post=154487"}],"curies":[{"name":"wp","href":"https:\/\/api.w.org\/{rel}","templated":true}]}}