{"id":154438,"date":"2021-03-16T08:20:16","date_gmt":"2021-03-16T13:20:16","guid":{"rendered":"https:\/\/www.acrartex.com\/products\/pathfinder-pro-sart\/"},"modified":"2026-01-07T14:10:51","modified_gmt":"2026-01-07T19:10:51","slug":"pathfinder-pro-sart","status":"publish","type":"product","link":"https:\/\/www.acrartex.com\/sv\/products\/pathfinder-pro-sart\/","title":{"rendered":"Pathfinder \u2122 PRO SART"},"content":{"rendered":"<p>Pathfinder Pro \u00e4r en fullt godk\u00e4nd s\u00f6k- och r\u00e4ddningstransponder (SART) som uppfyller IMO:s SOLAS-f\u00f6reskrifter. N\u00e4r den avl\u00e4ses via radar returnerar Pathfinder Pro 12 intensiva blinkningar tillbaka till fartygets radarsk\u00e4rm, vilket avsev\u00e4rt f\u00f6rb\u00e4ttrar s\u00f6k- och r\u00e4ddningsinsatserna. Det \u00f6verl\u00e4gsna litiumbatteriet ger \u00f6ver 96 timmars driftstid i standby-l\u00e4ge (i v\u00e4ntan p\u00e5 att bli avlyssad via radar) och 12 timmars aktiv driftstid (medan den avlyssas via radar).  <\/p>\n<p>Pathfinder Pro levereras med ett elegant v\u00e4ggf\u00e4ste f\u00f6r att h\u00e5lla denna kompakta SART ur v\u00e4gen, men \u00e4nd\u00e5 l\u00e4ttillg\u00e4nglig i en n\u00f6dsituation. Den teleskopiska st\u00e5ngen (tillval) ansluts bekv\u00e4mt till botten av SART och ger maximal h\u00f6jd och sikt fr\u00e5n en livr\u00e4ddningsfarkost. SART kan ocks\u00e5 h\u00e4ngas inuti farkosten f\u00f6r handsfree-anv\u00e4ndning.  <\/p>\n<p>En s\u00f6k- och r\u00e4ddningstransponder (SART) \u00e4r obligatorisk f\u00f6r alla kommersiella fartyg som m\u00e5ste uppfylla GMDSS-kraven, och alla fartyg som medf\u00f6r mer \u00e4n en livflotte.<\/p>\n<p>&nbsp;<\/p>\n<p><strong><em>Krav f\u00f6r transport<\/em><\/strong><\/p>\n<ul>\n<li>Alla IMO SOLAS-fartyg p\u00e5 internationella resor \u00e4r skyldiga att medf\u00f6ra en SART-kod.<\/li>\n<li>300\u2013500 bruttoregistertonnage (GRT) m\u00e5ste medf\u00f6ra minst 1 SART<\/li>\n<li>\u00d6ver 500 bruttoregistertonnage (GRT) m\u00e5ste medf\u00f6ra minst 2 SART:er<\/li>\n<li>1 SART f\u00f6r var fj\u00e4rde livflotta p\u00e5 Ro-Ro-passagerarfartyg<\/li>\n<\/ul>\n<p><strong><em>Drag<\/em><\/strong><\/p>\n<ul>\n<li>F\u00f6rb\u00e4ttrar radarreturer med 12 intensiva blinkningar, d\u00e4r det f\u00f6rsta blinket representerar SART:s position<\/li>\n<li>Enheten s\u00e4nder via marinradarn p\u00e5 9,2\u20139,5 GHz-bandet n\u00e4r den avl\u00e4ses av radar<\/li>\n<li>F\u00e4ste f\u00f6r fartyg och hopf\u00e4llbar st\u00e5ng<\/li>\n<li>Kompakt enhet p\u00e5 22,7 x 65 mm (8,94 x 2,56 tum) packas enkelt in i livflotten<\/li>\n<li>Vattent\u00e4t till 10 meter (33 fot)<\/li>\n<li>Litiumbatteri av icke-farligt material (5 \u00e5rs utbytbar livsl\u00e4ngd) fungerar i \u00f6ver 96 timmar i standby-l\u00e4ge plus ytterligare 12 driftstimmar<\/li>\n<li>V\u00e4rldsomsp\u00e4nnande certifieringar; uppfyller IMO-, MED-, FCC- och IEC-standarder<\/li>\n<li>Driftstid \u2013 96 timmar i standby-l\u00e4ge; mer \u00e4n 12 timmar i driftl\u00e4ge<\/li>\n<li>Till\u00e4mpning: obligatoriskt krav f\u00f6r alla fartyg som regleras av GMDSS; alla yachter eller fartyg som medf\u00f6r mer \u00e4n en livflotte f\u00f6r att rymma bes\u00e4ttning och passagerare<\/li>\n<\/ul>\n","protected":false},"excerpt":{"rendered":"<p>H\u00e5ll dig s\u00e4ker till sj\u00f6ss med Pathfinder \u2122 PRO Search and Rescue Transponder (SART). Denna SART uppfyller IMO:s SOLAS-f\u00f6reskrifter och har ett \u00f6verl\u00e4gset litiumbatteri som ger \u00f6ver 96 timmars drifttid i standby-l\u00e4ge och 12 timmars aktiv drifttid. Den kompakta Pathfinder PRO levereras med ett elegant v\u00e4ggf\u00e4ste som h\u00e5ller den ur v\u00e4gen, men \u00e4nd\u00e5 l\u00e4ttillg\u00e4nglig i h\u00e4ndelse av en n\u00f6dsituation. En SART \u00e4r obligatorisk f\u00f6r alla kommersiella fartyg som m\u00e5ste uppfylla GMDSS, och alla fartyg som medf\u00f6r mer \u00e4n en livflotte.   <\/p>\n<p>&nbsp;<\/p>\n<p><a href=\"https:\/\/www.dropbox.com\/s\/fk04stqsp2hgk5f\/Prop%2065%20-%20DEHP.pdf?dl=0\">VARNING: F\u00d6RSLAG 65<\/a><\/p>\n<p>&nbsp;<\/p>\n","protected":false},"featured_media":154439,"template":"","meta":{"_acf_changed":false,"om_disable_all_campaigns":false},"product_brand":[],"product_cat":[5826,5583,5825],"product_tag":[9736,9744,9746,9745,9739,9742,9741,9733,9738,9751,9737,9735,9753,9752,9743,9747,9734,9749,9748,9750,9740],"class_list":{"0":"post-154438","1":"product","2":"type-product","3":"status-publish","4":"has-post-thumbnail","6":"product_cat-kommersiell","7":"product_cat-marin","8":"product_cat-till-havs","9":"product_tag-acr-sart-sv","10":"product_tag-basta-sart","11":"product_tag-epirb-sart-sv","12":"product_tag-gmdss-sart-sv","13":"product_tag-jotron-sart-sv","14":"product_tag-jotron-tron-sart-sv","15":"product_tag-mcmurdo-sart-sv","16":"product_tag-sart-sv","17":"product_tag-sart-fall-sv","18":"product_tag-sart-gmdss-sv","19":"product_tag-sart-ivf-sv","20":"product_tag-sart-batteri","21":"product_tag-sart-godkannanden","22":"product_tag-sart-krav","23":"product_tag-sart-test-sv","24":"product_tag-sart-testare","25":"product_tag-sart-transponder-sv","26":"product_tag-sjomansart","27":"product_tag-testning-sart","28":"product_tag-tron-sart-20-sv","29":"product_tag-tronsart","30":"pa_boat-size-80-sv","31":"pa_boat-type-charter-yacht-sv","32":"pa_boat-type-kommersiellt-fiske","33":"pa_boat-type-lastfartyg","34":"pa_boat-type-segelbat","35":"pa_boat-type-yacht-sv","36":"pa_product-rescue-beacons-vhf-sart-sv","37":"pa_product-sakerhetstillbehor","38":"pa_product-signaleringsprodukter-sv","40":"first","41":"instock","42":"taxable","43":"shipping-taxable","44":"purchasable","45":"product-type-simple"},"acf":[],"_links":{"self":[{"href":"https:\/\/www.acrartex.com\/sv\/wp-json\/wp\/v2\/product\/154438","targetHints":{"allow":["GET"]}}],"collection":[{"href":"https:\/\/www.acrartex.com\/sv\/wp-json\/wp\/v2\/product"}],"about":[{"href":"https:\/\/www.acrartex.com\/sv\/wp-json\/wp\/v2\/types\/product"}],"wp:featuredmedia":[{"embeddable":true,"href":"https:\/\/www.acrartex.com\/sv\/wp-json\/wp\/v2\/media\/154439"}],"wp:attachment":[{"href":"https:\/\/www.acrartex.com\/sv\/wp-json\/wp\/v2\/media?parent=154438"}],"wp:term":[{"taxonomy":"product_brand","embeddable":true,"href":"https:\/\/www.acrartex.com\/sv\/wp-json\/wp\/v2\/product_brand?post=154438"},{"taxonomy":"product_cat","embeddable":true,"href":"https:\/\/www.acrartex.com\/sv\/wp-json\/wp\/v2\/product_cat?post=154438"},{"taxonomy":"product_tag","embeddable":true,"href":"https:\/\/www.acrartex.com\/sv\/wp-json\/wp\/v2\/product_tag?post=154438"}],"curies":[{"name":"wp","href":"https:\/\/api.w.org\/{rel}","templated":true}]}}