{"id":154290,"date":"2021-03-16T08:21:28","date_gmt":"2021-03-16T13:21:28","guid":{"rendered":"https:\/\/www.acrartex.com\/products\/aislink-cb1\/"},"modified":"2021-03-16T08:21:28","modified_gmt":"2021-03-16T13:21:28","slug":"aislink-cb1","status":"publish","type":"product","link":"https:\/\/www.acrartex.com\/sv\/products\/aislink-cb1\/","title":{"rendered":"AISLink CB1"},"content":{"rendered":"<p><strong>Drag:<\/strong><\/p>\n<ul>\n<li>Intern GPS -antenn<\/li>\n<li>Godk\u00e4nd \u00f6ver hela v\u00e4rlden<\/li>\n<li>L\u00e5g str\u00f6mf\u00f6rbrukning<\/li>\n<li>Enkel installation<\/li>\n<li>Tyst l\u00e4ge<\/li>\n<li>Flera gr\u00e4nssnitt<\/li>\n<li>Vattent\u00e4t (IPx7)<\/li>\n<li>Standardfrekvenser: AIS 1 \u2013 161,975 MHz, AIS 2 \u2013 162,025 MHz<\/li>\n<\/ul>\n<p>ACR AISLink CB1 AIS \u00e4r godk\u00e4nd \u00f6ver hela v\u00e4rlden och \u00e4r en extremt p\u00e5litlig transceiver som har ett antal praktiska anv\u00e4ndarfunktioner. Med en intern GPS antenn, vilket g\u00f6r en extern antenn valfri, kan anv\u00e4ndarna spara tid vid installationen samtidigt som de sparar utrymme. Ytterligare designfunktioner som ger ytterligare bekv\u00e4mlighet inkluderar en liten, robust och vattent\u00e4t (IPx7-certifierad) design med l\u00e5g str\u00f6mf\u00f6rbrukning.  <\/p>\n<p>AISLink CB1 har \u00e4ven NMEA0183- och NMEA2000-datautg\u00e5ng vilket m\u00f6jligg\u00f6r s\u00f6ml\u00f6s interaktion med navigationssystem. M\u00f6jligheten att s\u00e4tta transceivern i tyst l\u00e4ge ger ocks\u00e5 b\u00e5de integritet och s\u00e4kerhet eftersom detta g\u00f6r det m\u00f6jligt f\u00f6r anv\u00e4ndare att st\u00e4nga av \u00f6verf\u00f6ringen av identifierande information samtidigt som de fortfarande ser \u00f6verf\u00f6ringar fr\u00e5n andra fartyg med AIS . <\/p>\n<p>&nbsp;<\/p>\n<p><a href=\"https:\/\/www.youtube.com\/watch?v=Q9f4lPY1wCg&amp;feature=youtu.be\" target=\"_blank\" rel=\"noopener\">Klicka h\u00e4r f\u00f6r att se snabbinstallationsvideon ACR AISLink CB1<\/a><\/p>\n","protected":false},"excerpt":{"rendered":"<p>Denna produkt har utg\u00e5tt och s\u00e4ljs inte l\u00e4ngre. Den nya <a href=\"https:\/\/www.acrartex.com\/products\/automatic-identification-system-aislink-cb2\/\">AISLink CB2 klass B+ finns nu tillg\u00e4nglig, l\u00e4s mer<\/a> . <\/p>\n<p>St\u00f6djande dokument f\u00f6r AISLink CB1 finns tillg\u00e4ngliga under fliken Nedladdningar.<\/p>\n<p><span style=\"color: #3366ff;\"><strong>Denna produkt har utg\u00e5tt ur sortimentet.<\/strong><\/span><\/p>\n<p>&nbsp;<\/p>\n<p>&nbsp;<\/p>\n","protected":false},"featured_media":154292,"template":"","meta":{"_acf_changed":false,"om_disable_all_campaigns":false},"product_brand":[],"product_cat":[5583,2927],"product_tag":[9523,9525,9522,9529,9527],"class_list":{"0":"post-154290","1":"product","2":"type-product","3":"status-publish","4":"has-post-thumbnail","6":"product_cat-marin","7":"product_cat-okategoriserad","8":"product_tag-ais-sv","9":"product_tag-ais-klass-b","10":"product_tag-aislank","11":"product_tag-aislink-klass-b","12":"product_tag-klass-b","13":"pa_product-arv","15":"first","16":"outofstock","17":"product-type-simple"},"acf":[],"_links":{"self":[{"href":"https:\/\/www.acrartex.com\/sv\/wp-json\/wp\/v2\/product\/154290","targetHints":{"allow":["GET"]}}],"collection":[{"href":"https:\/\/www.acrartex.com\/sv\/wp-json\/wp\/v2\/product"}],"about":[{"href":"https:\/\/www.acrartex.com\/sv\/wp-json\/wp\/v2\/types\/product"}],"wp:featuredmedia":[{"embeddable":true,"href":"https:\/\/www.acrartex.com\/sv\/wp-json\/wp\/v2\/media\/154292"}],"wp:attachment":[{"href":"https:\/\/www.acrartex.com\/sv\/wp-json\/wp\/v2\/media?parent=154290"}],"wp:term":[{"taxonomy":"product_brand","embeddable":true,"href":"https:\/\/www.acrartex.com\/sv\/wp-json\/wp\/v2\/product_brand?post=154290"},{"taxonomy":"product_cat","embeddable":true,"href":"https:\/\/www.acrartex.com\/sv\/wp-json\/wp\/v2\/product_cat?post=154290"},{"taxonomy":"product_tag","embeddable":true,"href":"https:\/\/www.acrartex.com\/sv\/wp-json\/wp\/v2\/product_tag?post=154290"}],"curies":[{"name":"wp","href":"https:\/\/api.w.org\/{rel}","templated":true}]}}