{"id":154255,"date":"2021-03-16T08:21:43","date_gmt":"2021-03-16T13:21:43","guid":{"rendered":"https:\/\/www.acrartex.com\/products\/hydrofix-hru\/"},"modified":"2025-11-26T03:32:59","modified_gmt":"2025-11-26T08:32:59","slug":"hydrofix-hru","status":"publish","type":"product","link":"https:\/\/www.acrartex.com\/sv\/products\/hydrofix-hru\/","title":{"rendered":"HydroFix \u2122 HRU"},"content":{"rendered":"<p>Ett patenterat st\u00e5ngsystem \u00e4r inte beroende av batteri, blad eller pyroteknisk anordning f\u00f6r att utl\u00f6sa fyrljuset. Denna f\u00f6rdel m\u00f6jligg\u00f6r en snabb, smidig och p\u00e5litlig utl\u00f6sning i en n\u00f6dsituation. <\/p>\n<p>Observera att detta \u00e4r en datumst\u00e4mplad produkt och m\u00e5ste bytas ut vartannat \u00e5r fr\u00e5n installationsdatum eller vart fj\u00e4rde \u00e5r fr\u00e5n tillverkningsdatum.<\/p>\n<ul>\n<li>L\u00e4tt utbytbar<\/li>\n<li>100 % fabrikstestad<\/li>\n<li>Patentnummer: 7 435 148<\/li>\n<\/ul>\n","protected":false},"excerpt":{"rendered":"<p>HydroFix \u2122 hydrostatiska utl\u00f6sningsenhet (HRU) \u00e4r ett patenterat st\u00e5ngsystem som g\u00f6r att en varningslampa snabbt och tillf\u00f6rlitligt kan frig\u00f6ras fr\u00e5n ett kategori I-f\u00e4ste n\u00e4r den \u00e4r neds\u00e4nkt i vatten mellan 1,5\u20134 meter (4,9\u201313,1 fot). Denna enhet \u00e4r utformad f\u00f6r att fungera med varningslampsf\u00e4stena Sea Shelter \u2122, Sea Shelter \u21222, Sea Shelter \u21223 och Sea Shelter \u21224. <\/p>\n<p>&nbsp;<\/p>\n<h4><span style=\"color: #ff0000;\"><strong>Stolt tillverkad i USA!<\/strong><\/span><\/h4>\n","protected":false},"featured_media":164504,"template":"","meta":{"_acf_changed":false,"om_disable_all_campaigns":false},"product_brand":[],"product_cat":[5822,5826,5583,5823,6491,5825],"product_tag":[9470,6742,9461,9465,9463,9459,9457,9455,9466,9467,9468,9469,8175,8174],"class_list":{"0":"post-154255","1":"product","2":"type-product","3":"status-publish","4":"has-post-thumbnail","6":"product_cat-inat-landet","7":"product_cat-kommersiell","8":"product_cat-marin","9":"product_cat-nara-stranden","10":"product_cat-sakerhetstillbehor","11":"product_cat-till-havs","12":"product_tag-automatisk-utplacering-av-epirb","13":"product_tag-cospas-sarsat-sv","14":"product_tag-epirb-hydrostatisk-frisattning","15":"product_tag-hammar-h20-sv","16":"product_tag-hammar-h20-hydrostatisk-utlosning","17":"product_tag-hammar-hydrostatisk-frisattning","18":"product_tag-hydrofix-sv","19":"product_tag-hydrostatisk-frisattning","20":"product_tag-hydrostatisk-frisattning-for-epirb","21":"product_tag-hydrostatisk-frisattning-for-epirobs","22":"product_tag-hydrostatisk-utlosningsenhet","23":"product_tag-kategori-1-epirb-sv","24":"product_tag-lagprofilfaste-for-epirb","25":"product_tag-skottmonterad-epirb","26":"pa_boat-size-0-20-sv","27":"pa_boat-size-21-40-sv","28":"pa_boat-size-40-80-sv","29":"pa_boat-size-80-sv","30":"pa_boat-type-bogserbat","31":"pa_boat-type-charter-yacht-sv","32":"pa_boat-type-kommersiellt-fiske","33":"pa_boat-type-lastfartyg","34":"pa_boat-type-motorbat","35":"pa_boat-type-segelbat","36":"pa_boat-type-sportcraft-sv","37":"pa_boat-type-yacht-sv","38":"pa_product-rescue-beacons-sv","39":"pa_product-rescue-beacons-vhf-sart-el","40":"pa_product-sakerhetstillbehor","42":"first","43":"instock","44":"taxable","45":"shipping-taxable","46":"purchasable","47":"product-type-simple"},"acf":[],"_links":{"self":[{"href":"https:\/\/www.acrartex.com\/sv\/wp-json\/wp\/v2\/product\/154255","targetHints":{"allow":["GET"]}}],"collection":[{"href":"https:\/\/www.acrartex.com\/sv\/wp-json\/wp\/v2\/product"}],"about":[{"href":"https:\/\/www.acrartex.com\/sv\/wp-json\/wp\/v2\/types\/product"}],"wp:featuredmedia":[{"embeddable":true,"href":"https:\/\/www.acrartex.com\/sv\/wp-json\/wp\/v2\/media\/164504"}],"wp:attachment":[{"href":"https:\/\/www.acrartex.com\/sv\/wp-json\/wp\/v2\/media?parent=154255"}],"wp:term":[{"taxonomy":"product_brand","embeddable":true,"href":"https:\/\/www.acrartex.com\/sv\/wp-json\/wp\/v2\/product_brand?post=154255"},{"taxonomy":"product_cat","embeddable":true,"href":"https:\/\/www.acrartex.com\/sv\/wp-json\/wp\/v2\/product_cat?post=154255"},{"taxonomy":"product_tag","embeddable":true,"href":"https:\/\/www.acrartex.com\/sv\/wp-json\/wp\/v2\/product_tag?post=154255"}],"curies":[{"name":"wp","href":"https:\/\/api.w.org\/{rel}","templated":true}]}}