{"id":154142,"date":"2021-03-16T08:11:41","date_gmt":"2021-03-16T13:11:41","guid":{"rendered":"https:\/\/www.acrartex.com\/products\/me406-ace-elt\/"},"modified":"2021-03-16T08:11:41","modified_gmt":"2021-03-16T13:11:41","slug":"me406-ace-elt","status":"publish","type":"product","link":"https:\/\/www.acrartex.com\/sv\/products\/me406-ace-elt\/","title":{"rendered":"ME406 ACE ELT"},"content":{"rendered":"<p>Enkel installation<br \/>\n Monteringsh\u00e5rdvaran f\u00f6r ME406-serien \u00e4r kompatibel med alla tidigare modeller av Artex 406 MHz ELT produkter, s\u00e5v\u00e4l som ELT -200-serien, ACK, Pointer Model 3000 ELT och Narco ELT. Den frist\u00e5ende fj\u00e4rrbrytaren drivs av ett 6-\u00e5rigt litiumbatteri, vilket g\u00f6r den oberoende av flygplansstr\u00f6m. <\/p>\n<p>ARTEX ELT:er \u00e4r valet f\u00f6r allm\u00e4nflygplan, inklusive Cessna, Piper, Cirrus, Beechcraft, Diamond och Quest.<\/p>\n<p>&nbsp;<\/p>\n<p>Kostnadseffektiv uppgradering till Artex Technology<br \/>\n Den nya fj\u00e4rrbrytaren ers\u00e4tter den gamla ACK-brytaren p\u00e5 instrumentpanelen, vilket eliminerar behovet av \u00e4ndringar. En speciell adapter monterad p\u00e5 ME406 ACE ELT tar emot kontakten p\u00e5 ELT sidan av kablarna. Installationstiden minskas ytterligare genom att \u00e5teranv\u00e4nda den befintliga kabelh\u00e4rvan f\u00f6r att ansluta fj\u00e4rrbrytaren till ELT .  <\/p>\n<ul>\n<li>&#8220;ACE&#8221; \u2013 Absolut kostnadseffektivitet<\/li>\n<li>Uppgradera ACK och 2-frekvens ELT:er till Artex 406 MHz-teknik<\/li>\n<li>Ers\u00e4tter ACK-fj\u00e4rrbrytaren i form, passform och funktion<\/li>\n<li>\u00c5teranv\u00e4nd befintlig kabelh\u00e4rva fr\u00e5n fj\u00e4rrbrytaren till ELT<\/li>\n<li>Fj\u00e4rrbrytare oberoende av flygplanets kraft<\/li>\n<li>6 \u00e5rs batteritid, ers\u00e4ttningsbatteri artikelnr. 455-0012<\/li>\n<li>Om du anv\u00e4nder den&#8230;ers\u00e4tter vi den <a href=\"http:\/\/www.survivorclub.com\/\">kostnadsfritt<\/a> . Skicka bara in din ber\u00e4ttelse, skicka tillbaka din begagnade fyr s\u00e5 att vi kan montera den p\u00e5 v\u00e5r Wall of Fame och vi skickar dig en helt ny fyr av samma eller h\u00f6gre v\u00e4rde. <\/li>\n<\/ul>\n<p>Certifieringar<\/p>\n<ul>\n<li>TSO C126<\/li>\n<li>ETSO 2C126<\/li>\n<li>Godk\u00e4nd av Cospas\/Sarsat<\/li>\n<li>Godk\u00e4nd av Transport &amp; Industry Canada<\/li>\n<\/ul>\n<p>Eftermontering<\/p>\n<p>Artex ME406 ELT i kombination med eftermonteringssystemet ACK-fj\u00e4rrbrytare m\u00f6jligg\u00f6r \u00e5teranv\u00e4ndning av den befintliga kabelh\u00e4rvan mellan ELT och fj\u00e4rrbrytaren i sittbrunnen.<\/p>\n<p>&nbsp;<\/p>\n<p>ELT -paketlista<\/p>\n<table style=\"border-collapse: collapse; width: 745pt; border: none;\" width=\"994\">\n<colgroup>\n<col style=\"width: 140pt;\" width=\"187\">\n<col style=\"width: 219pt;\" width=\"292\">\n<col style=\"width: 197pt;\" width=\"263\">\n<col style=\"width: 189pt;\" width=\"252\"> <\/colgroup>\n<tbody>\n<tr style=\"height: 20.0pt;\">\n<td class=\"xl66\" style=\"border: none; height: 20.0pt; width: 140pt; text-align: center; vertical-align: middle; padding-top: 1px; padding-right: 1px; padding-left: 1px;\" width=\"187\" height=\"27\"><\/td>\n<td class=\"xl69\" style=\"border: none; border-bottom: 0.5pt solid gray; background: #3c404a; width: 219pt; text-align: center; vertical-align: middle; border-top: none; border-right: 0.5pt solid gray; border-left: none; padding-top: 1px; padding-right: 1px; padding-left: 1px;\" width=\"292\"><span style=\"font-size: 11pt;\"><span style=\"color: #b0e40a;\"><span style=\"font-weight: bold;\"><span style=\"font-style: normal;\"><span style=\"text-decoration: none;\"><span style=\"font-family: Calibri,sans-serif;\">Antenn<\/span><\/span><\/span><\/span><\/span><\/span><\/td>\n<td class=\"xl67\" style=\"border: none; border-bottom: 0.5pt solid gray; background: #3c404a; border-left: none; width: 197pt; text-align: center; vertical-align: middle; border-top: none; border-right: 0.5pt solid gray; padding-top: 1px; padding-right: 1px; padding-left: 1px;\" width=\"263\"><span style=\"font-size: 11pt;\"><span style=\"color: #b0e40a;\"><span style=\"font-weight: bold;\"><span style=\"font-style: normal;\"><span style=\"text-decoration: none;\"><span style=\"font-family: Calibri,sans-serif;\">Fj\u00e4rrbrytare och tillbeh\u00f6r<\/span><\/span><\/span><\/span><\/span><\/span><\/td>\n<td class=\"xl68\" style=\"border: none; border-bottom: 0.5pt solid gray; background: #3c404a; border-left: none; width: 189pt; text-align: center; vertical-align: middle; border-top: none; border-right: 0.5pt solid windowtext; padding-top: 1px; padding-right: 1px; padding-left: 1px;\" width=\"252\"><span style=\"font-size: 11pt;\"><span style=\"color: #b0e40a;\"><span style=\"font-weight: bold;\"><span style=\"font-style: normal;\"><span style=\"text-decoration: none;\"><span style=\"font-family: Calibri,sans-serif;\">Manualer\/Godk\u00e4nnanden\/Nedladdningar<\/span><\/span><\/span><\/span><\/span><\/span><\/td>\n<\/tr>\n<tr style=\"height: 20.0pt;\">\n<td class=\"xl72\" style=\"border: none; border-bottom: 0.5pt solid gray; background: #b0e40a; height: 20.0pt; text-align: center; vertical-align: middle; border-top: none; border-right: 0.5pt solid gray; border-left: 0.5pt solid gray; padding-top: 1px; padding-right: 1px; padding-left: 1px;\" height=\"27\"><span style=\"font-size: 11pt;\"><span style=\"font-weight: 400;\"><span style=\"font-style: normal;\"><span style=\"text-decoration: none;\"><span style=\"font-family: Calibri,sans-serif;\">ELT ME406 ACE 455-6614<\/span><\/span><\/span><\/span><\/span><\/td>\n<td class=\"xl70\" style=\"border: none; text-align: center; vertical-align: middle; padding-top: 1px; padding-right: 1px; padding-left: 1px;\"><span style=\"font-size: 11pt;\"><span style=\"font-weight: 400;\"><span style=\"font-style: normal;\"><span style=\"text-decoration: none;\"><span style=\"font-family: Calibri,sans-serif;\">110-773<\/span><\/span><\/span><\/span><\/span><\/td>\n<td class=\"xl71\" style=\"border: none; text-align: center; vertical-align: middle; padding-top: 1px; padding-right: 1px; padding-left: 1px;\"><span style=\"font-size: 11pt;\"><span style=\"font-weight: 400;\"><span style=\"font-style: normal;\"><span style=\"text-decoration: none;\"><span style=\"font-family: Calibri,sans-serif;\">455-0023<\/span><\/span><\/span><\/span><\/span><\/td>\n<td class=\"xl66\" style=\"border: none; text-align: center; vertical-align: middle; padding-top: 1px; padding-right: 1px; padding-left: 1px;\"><a href=\"https:\/\/www.dropbox.com\/s\/kbp9y4ygk4pzhpj\/455-6614_packlist.pdf?dl=1\"><span style=\"font-size: 11pt;\"><span style=\"font-weight: 400;\"><span style=\"font-style: normal;\"><span style=\"text-decoration: none;\"><span style=\"font-family: Calibri,sans-serif;\">Packlista<\/span><\/span><\/span><\/span><\/span><\/a><\/td>\n<\/tr>\n<tr style=\"height: 20.0pt;\">\n<td class=\"xl73\" style=\"border: none; border-bottom: none; background: #b0e40a; height: 20.0pt; text-align: center; vertical-align: middle; border-top: none; border-right: 0.5pt solid gray; border-left: 0.5pt solid gray; padding-top: 1px; padding-right: 1px; padding-left: 1px;\" height=\"27\"><span style=\"font-size: 11pt;\"><span style=\"font-weight: 400;\"><span style=\"font-style: normal;\"><span style=\"text-decoration: none;\"><span style=\"font-family: Calibri,sans-serif;\">ELT ME406 ACE 455-6608<\/span><\/span><\/span><\/span><\/span><\/td>\n<td class=\"xl66\" style=\"border: none; text-align: center; vertical-align: middle; padding-top: 1px; padding-right: 1px; padding-left: 1px;\"><\/td>\n<td class=\"xl66\" style=\"border: none; text-align: center; vertical-align: middle; padding-top: 1px; padding-right: 1px; padding-left: 1px;\"><\/td>\n<td class=\"xl66\" style=\"border: none; text-align: center; vertical-align: middle; padding-top: 1px; padding-right: 1px; padding-left: 1px;\"><a href=\"https:\/\/www.dropbox.com\/s\/7zi1f60khftihqz\/455-6608_packlist.pdf?dl=1\"><span style=\"font-size: 11pt;\"><span style=\"font-weight: 400;\"><span style=\"font-style: normal;\"><span style=\"text-decoration: none;\"><span style=\"font-family: Calibri,sans-serif;\">Packlista<\/span><\/span><\/span><\/span><\/span><\/a><\/td>\n<\/tr>\n<\/tbody>\n<\/table>\n","protected":false},"excerpt":{"rendered":"<p>K\u00e4nn dig trygg med en Emergency Locator Transmitter ( ELT ) vid din sida. ME406 ACE \u00e4r en ELT med en utg\u00e5ng som \u00e4r utformad f\u00f6r att g\u00f6ra installationen enkel. ME406 ACE st\u00f6ds av ett batteri med 6 \u00e5rs livsl\u00e4ngd och \u00e4r en ELT som du kan lita p\u00e5 om du skulle hamna i en n\u00f6dsituation. Om du n\u00e5gonsin skulle beh\u00f6va aktivera ELT skickar 406 MHz-s\u00e4ndaren en kodad signal var 50:e sekund f\u00f6r att varna s\u00f6k- och r\u00e4ddningsteam om din plats, s\u00e5 att de l\u00e4ttare kan ta dig hem.   <\/p>\n<p>&nbsp;<\/p>\n<p>&nbsp;<\/p>\n<p><img decoding=\"async\" style=\"width: 300px; height: 41px;\" src=\"https:\/\/dk2ztu5ooimmu.cloudfront.net\/ckeditor_assets\/pictures\/146\/406Test_with_desc_-_Tag.gif\" alt=\"\"><\/p>\n","protected":false},"featured_media":154144,"template":"","meta":{"_acf_changed":false,"om_disable_all_campaigns":false},"product_brand":[],"product_cat":[5834,5553],"product_tag":[8877,5557,9389,9391,9393,9387,8805,6386],"class_list":{"0":"post-154142","1":"product","2":"type-product","3":"status-publish","4":"has-post-thumbnail","6":"product_cat-allmanflyg","7":"product_cat-flyg","8":"product_tag-elektronisk-lokaliseringssandare-sv","9":"product_tag-elt-sv","10":"product_tag-ess","11":"product_tag-ess-elt","12":"product_tag-m406-elt-ace-sv","13":"product_tag-me406-elt-sv","14":"product_tag-mig-406","15":"product_tag-mig-406-elt","16":"pa_product-arv","18":"first","19":"outofstock","20":"taxable","21":"shipping-taxable","22":"product-type-simple"},"acf":[],"_links":{"self":[{"href":"https:\/\/www.acrartex.com\/sv\/wp-json\/wp\/v2\/product\/154142","targetHints":{"allow":["GET"]}}],"collection":[{"href":"https:\/\/www.acrartex.com\/sv\/wp-json\/wp\/v2\/product"}],"about":[{"href":"https:\/\/www.acrartex.com\/sv\/wp-json\/wp\/v2\/types\/product"}],"wp:featuredmedia":[{"embeddable":true,"href":"https:\/\/www.acrartex.com\/sv\/wp-json\/wp\/v2\/media\/154144"}],"wp:attachment":[{"href":"https:\/\/www.acrartex.com\/sv\/wp-json\/wp\/v2\/media?parent=154142"}],"wp:term":[{"taxonomy":"product_brand","embeddable":true,"href":"https:\/\/www.acrartex.com\/sv\/wp-json\/wp\/v2\/product_brand?post=154142"},{"taxonomy":"product_cat","embeddable":true,"href":"https:\/\/www.acrartex.com\/sv\/wp-json\/wp\/v2\/product_cat?post=154142"},{"taxonomy":"product_tag","embeddable":true,"href":"https:\/\/www.acrartex.com\/sv\/wp-json\/wp\/v2\/product_tag?post=154142"}],"curies":[{"name":"wp","href":"https:\/\/api.w.org\/{rel}","templated":true}]}}