{"id":153864,"date":"2021-03-16T08:09:00","date_gmt":"2021-03-16T13:09:00","guid":{"rendered":"https:\/\/www.acrartex.com\/products\/elt-345\/"},"modified":"2021-03-16T08:09:00","modified_gmt":"2021-03-16T13:09:00","slug":"elt-345","status":"publish","type":"product","link":"https:\/\/www.acrartex.com\/sv\/products\/elt-345\/","title":{"rendered":"ELT 345"},"content":{"rendered":"<p><span style=\"font-size: 10pt;\">ARTEX ELT 345 kan aktiveras manuellt (via fj\u00e4rrkontroll i cockpit eller ELT brytare) eller automatiskt (G-Switch k\u00e4nner av en st\u00f6t p\u00e5 2,3 G eller h\u00f6gre) och s\u00e4nder ut en unik digital signal p\u00e5 406 MHz-n\u00f6dfrekvensen som varnar n\u00e4rmaste s\u00f6k- och r\u00e4ddningstj\u00e4nst f\u00f6r din n\u00f6dsituation. 406 MHz-signalen, som inneh\u00e5ller dina GPS koordinater, s\u00e4nds till Cospas-Sarsat -satelliterna och vidarebefordras till Mission Control Center d\u00e4r den omedelbart dirigeras till n\u00e4rmaste s\u00f6k- och r\u00e4ddningstj\u00e4nst. Din beacon-registrering kommer att ber\u00e4tta f\u00f6r f\u00f6rsta hj\u00e4lpen <b><u>vem<\/u><\/b> du \u00e4r och sj\u00e4lva beaconen l\u00e5ter dem veta <b><u>var<\/u><\/b> du befinner dig inom 100 meter. Slutligen hj\u00e4lper den lokala 121,5 MHz-m\u00e5ls\u00f6karsignalen s\u00f6k- och r\u00e4ddningstj\u00e4nster att identifiera din exakta plats.   <\/span><\/p>\n<p>&nbsp;<\/p>\n<p style=\"margin: 0in 0in 0.0001pt;\"><span style=\"font-size: 10pt;\"><b>Enkel installation<\/b><br \/>\n<\/span><\/p>\n<p>&nbsp;<\/p>\n<p style=\"margin: 0in 0in 0.0001pt;\"><span style=\"font-size: 10pt;\">ARTEX ELT 345 erbjuder en snabb och enkel eftermonteringsm\u00f6jlighet med flexibla installationsalternativ, s\u00e5som v\u00e5r standard- eller smala tv\u00e5tr\u00e5dsfj\u00e4rrbrytare som inte kr\u00e4ver n\u00e5gon flygplansstr\u00f6m. ELT 345 anv\u00e4nder samma RF-utg\u00e5ng med endast en koaxialkabel f\u00f6r att \u00f6verf\u00f6ra b\u00e5de 406 MHz- och 121,5 MHz-signaler genom antingen v\u00e5ra 15- eller 23-tums whipantenner. Det inbyggda navigationsgr\u00e4nssnittet kr\u00e4ver ingen flygplansstr\u00f6m f\u00f6r att fungera, vilket avsev\u00e4rt minskar installationskostnaden. Monteringsf\u00e4stet i rostfritt st\u00e5l har en flerh\u00e5lskonfiguration som g\u00f6r det snabbt och enkelt att byta ut \u00e4ldre ARTEX ELT:er eller ACK-, Kannad- och AmeriKing ELT:er.   <\/span><\/p>\n<p>&nbsp;<\/p>\n<p style=\"margin: 0in 0in 0.0001pt;\"><span style=\"font-size: 10pt;\"><b>ELT 345-satser<\/b><\/span><\/p>\n<p>&nbsp;<\/p>\n<p style=\"margin: 0in 0in 0.0001pt;\"><span style=\"font-size: 10pt;\">Det finns nu tre omfattande kitalternativ tillg\u00e4ngliga som ger anv\u00e4ndare tillg\u00e5ng till ELT 345, v\u00e4rldens mest popul\u00e4ra ELT . Varje alternativ har en 2-tr\u00e5ds fj\u00e4rrbrytare, koaxialkabel, antenn och ELT installationskit.  Den prim\u00e4ra skillnaden mellan satserna g\u00e4ller antennen och\/eller brytarutbudet. V\u00e5rt mest ekonomiska alternativ (artikelnummer 8102) levereras med v\u00e5r standard svarta whip-antenn och standard 2-tr\u00e5ds fj\u00e4rrbrytare. De andra tv\u00e5 satserna inkluderar ett antennalternativ med l\u00e4gre profil med en svart whip-antenn, utformad f\u00f6r installationer d\u00e4r en kortare formfaktor kr\u00e4vs. Slutligen, medan 8102- och 8107-satserna inkluderar standard 2-tr\u00e5ds fj\u00e4rrbrytaren, har 8108-satsen en ny tunn profilbrytare. Den nya tunna brytaren \u00e4r perfekt f\u00f6r eftermontering av ACK- och Ameri-King ELT radioer eftersom den inte kr\u00e4ver n\u00e5gon modifiering av brytarpanelens utsk\u00e4rning n\u00e4r man byter ut en \u00e4ldre telefonsladdsbrytare. Som en extra f\u00f6rdel kr\u00e4ver den tunna brytaren inga batterier och fungerar med 2-tr\u00e5dsanslutning f\u00f6r p\u00e5litlig drift av cockpitpanelen.     <\/span><\/p>\n<p>&nbsp;<\/p>\n<table class=\"Table\" style=\"border-collapse: collapse; border: solid windowtext 1.0pt;\">\n<tbody>\n<tr>\n<td style=\"border: solid windowtext 1.0pt; background: black; width: 99.9pt; padding: 0in 5.4pt 0in 5.4pt;\" width=\"133\">\n<p style=\"margin: 0in 0in 0.0001pt;\"><span style=\"font-size: 10pt;\">ARTEX <span style=\"color: white;\">artikelnummer<\/span><\/span><\/p>\n<\/td>\n<td style=\"border: solid windowtext 1.0pt; background: black; width: 120.4pt; border-left: none; padding: 0in 5.4pt 0in 5.4pt;\" width=\"161\">\n<p style=\"margin: 0in 0in 0.0001pt;\"><span style=\"font-size: 10pt;\"><span style=\"color: white;\">Produktbeskrivning<\/span><\/span><\/p>\n<\/td>\n<td style=\"border: solid windowtext 1.0pt; background: black; width: 110.15pt; border-left: none; padding: 0in 5.4pt 0in 5.4pt;\" width=\"147\">\n<p style=\"margin: 0in 0in 0.0001pt;\"><span style=\"font-size: 10pt;\"><span style=\"color: white;\">Antenn ing\u00e5r<\/span><\/span><\/p>\n<\/td>\n<td style=\"border: solid windowtext 1.0pt; background: black; width: 110.15pt; border-left: none; padding: 0in 5.4pt 0in 5.4pt;\" width=\"147\">\n<p style=\"margin: 0in 0in 0.0001pt;\"><span style=\"font-size: 10pt;\"><span style=\"color: white;\">Fj\u00e4rrbrytare ing\u00e5r<\/span><\/span><\/p>\n<\/td>\n<\/tr>\n<tr>\n<td style=\"border: solid windowtext 1.0pt; width: 99.9pt; border-top: none; padding: 0in 5.4pt 0in 5.4pt;\" width=\"133\">\n<p style=\"margin: 0in 0in 0.0001pt;\"><span style=\"font-size: 10pt;\">8102 ( <a href=\"https:\/\/www.dropbox.com\/s\/zbhlmu7i6zokav2\/8102D.pdf?dl=1\">packlista<\/a> )<\/span><\/p>\n<\/td>\n<td style=\"border-bottom: solid windowtext 1.0pt; width: 120.4pt; border-top: none; border-left: none; border-right: solid windowtext 1.0pt; padding: 0in 5.4pt 0in 5.4pt;\" width=\"161\">\n<p style=\"margin: 0in 0in 0.0001pt;\"><span style=\"font-size: 10pt;\">ARTEX ELT 345 standardkit med GA-installationssats, svart whip-antenn och standard fj\u00e4rrbrytare<\/span><\/p>\n<\/td>\n<td style=\"border-bottom: solid windowtext 1.0pt; width: 110.15pt; border-top: none; border-left: none; border-right: solid windowtext 1.0pt; padding: 0in 5.4pt 0in 5.4pt;\" width=\"147\">\n<p style=\"margin: 0in 0in 0.0001pt;\"><span style=\"font-size: 10pt;\">63,5 cm h\u00f6g svart piskantenn<\/span><\/p>\n<\/td>\n<td style=\"border-bottom: solid windowtext 1.0pt; width: 110.15pt; border-top: none; border-left: none; border-right: solid windowtext 1.0pt; padding: 0in 5.4pt 0in 5.4pt;\" width=\"147\">\n<p style=\"margin: 0in 0in 0.0001pt;\"><span style=\"font-size: 10pt;\">ARTEX Standard 2-tr\u00e5ds fj\u00e4rrbrytare<\/span><br \/>\n <span style=\"font-size: 11pt;\"><span style=\"font-family: Calibri,sans-serif;\">(2,00 x 1,30 tum)<\/span><\/span><\/p>\n<\/td>\n<\/tr>\n<tr>\n<td style=\"border: solid windowtext 1.0pt; width: 99.9pt; border-top: none; padding: 0in 5.4pt 0in 5.4pt;\" width=\"133\">\n<p style=\"margin: 0in 0in 0.0001pt;\"><span style=\"font-size: 10pt;\">8107 ( <a href=\"https:\/\/www.dropbox.com\/s\/1lrv6abtjdezrdd\/8107B.pdf?dl=1\">packlista<\/a> )<\/span><\/p>\n<\/td>\n<td style=\"border-bottom: solid windowtext 1.0pt; width: 120.4pt; border-top: none; border-left: none; border-right: solid windowtext 1.0pt; padding: 0in 5.4pt 0in 5.4pt;\" width=\"161\">\n<p style=\"margin: 0in 0in 0.0001pt;\"><span style=\"font-size: 10pt;\">ARTEX ELT 345 kompakt kit med GA-installationssats, kompakt svart whip-antenn och standard fj\u00e4rrbrytare<\/span><\/p>\n<\/td>\n<td style=\"border-bottom: solid windowtext 1.0pt; width: 110.15pt; border-top: none; border-left: none; border-right: solid windowtext 1.0pt; padding: 0in 5.4pt 0in 5.4pt;\" width=\"147\">\n<p style=\"margin: 0in 0in 0.0001pt;\"><span style=\"font-size: 10pt;\">15\u201d h\u00f6g svart piskantenn<\/span><\/p>\n<\/td>\n<td style=\"border-bottom: solid windowtext 1.0pt; width: 110.15pt; border-top: none; border-left: none; border-right: solid windowtext 1.0pt; padding: 0in 5.4pt 0in 5.4pt;\" width=\"147\">\n<p style=\"margin: 0in 0in 0.0001pt;\"><span style=\"font-size: 10pt;\">ARTEX Standard 2-tr\u00e5ds fj\u00e4rrbrytare<\/span><\/p>\n<p style=\"margin: 0in 0in 0.0001pt;\"><span style=\"font-size: 10pt;\">(2,00 x 1,30 tum)<\/span><\/p>\n<\/td>\n<\/tr>\n<tr>\n<td style=\"border: solid windowtext 1.0pt; width: 99.9pt; border-top: none; padding: 0in 5.4pt 0in 5.4pt;\" width=\"133\">\n<p style=\"margin: 0in 0in 0.0001pt;\"><span style=\"font-size: 10pt;\">8108 ( <a href=\"https:\/\/www.dropbox.com\/s\/y3uphs2javap1qk\/8108B.pdf?dl=1\">packlista<\/a> )<\/span><\/p>\n<\/td>\n<td style=\"border-bottom: solid windowtext 1.0pt; width: 120.4pt; border-top: none; border-left: none; border-right: solid windowtext 1.0pt; padding: 0in 5.4pt 0in 5.4pt;\" width=\"161\">\n<p style=\"margin: 0in 0in 0.0001pt;\"><span style=\"font-size: 10pt;\">ARTEX ELT 345 Slim Kit med GA-installationssats, kompakt svart whip-antenn och smal fj\u00e4rrbrytare<\/span><\/p>\n<\/td>\n<td style=\"border-bottom: solid windowtext 1.0pt; width: 110.15pt; border-top: none; border-left: none; border-right: solid windowtext 1.0pt; padding: 0in 5.4pt 0in 5.4pt;\" width=\"147\">\n<p style=\"margin: 0in 0in 0.0001pt;\"><span style=\"font-size: 10pt;\">15\u201d h\u00f6g svart piskantenn<\/span><\/p>\n<\/td>\n<td style=\"border-bottom: solid windowtext 1.0pt; width: 110.15pt; border-top: none; border-left: none; border-right: solid windowtext 1.0pt; padding: 0in 5.4pt 0in 5.4pt;\" width=\"147\">\n<p style=\"margin: 0in 0in 0.0001pt;\"><span style=\"font-size: 10pt;\">Slimline 2-tr\u00e5ds fj\u00e4rrbrytare<br \/>\n (Passar ACK och Ameriking)<\/span><\/p>\n<p style=\"margin: 0in 0in 0.0001pt;\"><span style=\"font-size: 10pt;\">(2,08 x 0,75 tum)<\/span><\/p>\n<\/td>\n<\/tr>\n<\/tbody>\n<\/table>\n<p>&nbsp;<\/p>\n<p>Intresserad av ett komplett s\u00e4kerhetskit f\u00f6r \u00f6verlevnad? Det nya <a href=\"https:\/\/www.acrartex.com\/sv\/products\/artex-elt-345-pilotkit\/\">ARTEX ELT 345\u2122 Pilot Kit<\/a> \u00e4r den perfekta kombinationen av s\u00e4kerhets- och \u00f6verlevnadsprodukter utformade f\u00f6r att h\u00e5lla flygare s\u00e4kra i en n\u00f6dsituation.  Pilotkitet ger flygare ett praktiskt kit f\u00f6r att utrusta sina flygplan med den senaste 406 MHz Emergency Locator Transmitter ( ELT ) tillsammans med personlig \u00f6verlevnadsutrustning f\u00f6r att tillhandah\u00e5lla ett redundant system f\u00f6r att varna s\u00f6k- och r\u00e4ddningspersonal om deras position.<\/p>\n<p>Detta kit inneh\u00e5ller f\u00f6ljande viktiga \u00f6verlevnadsprodukter:<\/p>\n<ul>\n<li>ELT 345\u2122 (inkluderar antenn, fj\u00e4rrbrytare + installation av h\u00e5rdvara)<\/li>\n<li>ResQLink +\u2122 Personal Locator Beacon<\/li>\n<li>C-Light H\u2082O\u2122 n\u00f6dljus<\/li>\n<li>Signalspegel<\/li>\n<li>WW-3 Res-Q\u2122 visselpipa<\/li>\n<\/ul>\n<p>&nbsp;<\/p>\n<p>Det finns en anledning till att ARTEX ELT:er \u00e4r fler flygplanstillverkares f\u00f6rstahandsval \u00e4n n\u00e5gon annan; de litar p\u00e5 att ARTEX bygger produkter av h\u00f6gsta kvalitet med vetskapen om att de anv\u00e4nds f\u00f6r att r\u00e4dda liv.<\/p>\n","protected":false},"excerpt":{"rendered":"<p>Stig till luften med f\u00f6rtroende med ELT 345. N\u00e4r en n\u00f6dsituation intr\u00e4ffar kan du lita p\u00e5 samma m\u00e4rke som ledande kommersiella flygplanstillverkare litar p\u00e5 f\u00f6r f\u00f6rstklassig kvalitet, \u00f6verl\u00e4gsen teknik och enast\u00e5ende kundservice. Den b\u00e4sts\u00e4ljande ARTEX ELT 345 \u00e4r byggd enligt branschens str\u00e4ngaste kvalitetsstandarder f\u00f6r att s\u00e4kerst\u00e4lla att ELT fungerar f\u00f6rsta g\u00e5ngen, varje g\u00e5ng. ARTEX ELT 345 s\u00e4nder p\u00e5 frekvenserna 406 MHz och 121,5 MHz samtidigt som den ger positionsnoggrannhet tack vare det inbyggda GPS navigationsgr\u00e4nssnittet. ELT 345 har ett branschl\u00e5gt pris f\u00f6r en ELT som erbjuder samma kvalitet och prestanda som ARTEX varum\u00e4rket byggdes p\u00e5.    <\/p>\n<p>&nbsp;<\/p>\n<p><a href=\"https:\/\/www.acrartex.com\/canada-elt-mandate\/\">Klicka h\u00e4r f\u00f6r information om det kanadensiska ELT mandatet<\/a><\/p>\n","protected":false},"featured_media":12137,"template":"","meta":{"_acf_changed":false,"om_disable_all_campaigns":false},"product_brand":[],"product_cat":[5834,5553],"product_tag":[8881,8278,7094,7096,5557,9319,5773,5564,8880,5591],"class_list":{"0":"post-153864","1":"product","2":"type-product","3":"status-publish","4":"has-post-thumbnail","6":"product_cat-allmanflyg","7":"product_cat-flyg","8":"product_tag-121-5-elt-uppgradering","9":"product_tag-406-mhz-elt-sv","10":"product_tag-acr-sv","11":"product_tag-artex-sv","12":"product_tag-elt-sv","13":"product_tag-elt-345-sv","14":"product_tag-gps-sv","15":"product_tag-nodlokaliseringssandare","16":"product_tag-nodpositionssandare","17":"product_tag-nodsignal","18":"pa_aircraft-type-enmotorig","19":"pa_aircraft-type-experimentell","20":"pa_aircraft-type-flermotorig","21":"pa_aircraft-type-turboprop-sv","22":"pa_product-elt-losningar","24":"first","25":"instock","26":"taxable","27":"shipping-taxable","28":"product-type-simple"},"acf":[],"_links":{"self":[{"href":"https:\/\/www.acrartex.com\/sv\/wp-json\/wp\/v2\/product\/153864","targetHints":{"allow":["GET"]}}],"collection":[{"href":"https:\/\/www.acrartex.com\/sv\/wp-json\/wp\/v2\/product"}],"about":[{"href":"https:\/\/www.acrartex.com\/sv\/wp-json\/wp\/v2\/types\/product"}],"wp:featuredmedia":[{"embeddable":true,"href":"https:\/\/www.acrartex.com\/sv\/wp-json\/wp\/v2\/media\/12137"}],"wp:attachment":[{"href":"https:\/\/www.acrartex.com\/sv\/wp-json\/wp\/v2\/media?parent=153864"}],"wp:term":[{"taxonomy":"product_brand","embeddable":true,"href":"https:\/\/www.acrartex.com\/sv\/wp-json\/wp\/v2\/product_brand?post=153864"},{"taxonomy":"product_cat","embeddable":true,"href":"https:\/\/www.acrartex.com\/sv\/wp-json\/wp\/v2\/product_cat?post=153864"},{"taxonomy":"product_tag","embeddable":true,"href":"https:\/\/www.acrartex.com\/sv\/wp-json\/wp\/v2\/product_tag?post=153864"}],"curies":[{"name":"wp","href":"https:\/\/api.w.org\/{rel}","templated":true}]}}