{"id":153536,"date":"2021-03-16T08:09:37","date_gmt":"2021-03-16T13:09:37","guid":{"rendered":"https:\/\/www.acrartex.com\/products\/rapidditch-express-vaska\/"},"modified":"2025-11-26T03:24:46","modified_gmt":"2025-11-26T08:24:46","slug":"rapidditch-express-vaska","status":"publish","type":"product","link":"https:\/\/www.acrartex.com\/sv\/products\/rapidditch-express-vaska\/","title":{"rendered":"RapidDitch Express-v\u00e4ska"},"content":{"rendered":"<p>F\u00f6rvara alla dina viktiga personliga tillh\u00f6righeter och \u00f6verlevnadsutrustning i den nya ACR RapidDitch \u2122 Express-v\u00e4skan f\u00f6r \u00f6vergivna fartyg. Denna kompakta och flytande s\u00e4kerhetsv\u00e4ska h\u00e5ller all din viktiga s\u00e4kerhetsutrustning organiserad och samlad, vilket g\u00f6r den snabb \u00e5tkomst i en n\u00f6dsituation. Denna robusta v\u00e4ska har alla fickor, f\u00e4sten och \u00f6glor du beh\u00f6ver f\u00f6r att ha s\u00e4kerhetsutrustningen till hands.  <\/p>\n<p>Med extra flytkraft klarar RapidDitch upp till 7 kg utrustning och det nya reflekterande materialet g\u00f6r det l\u00e4ttare att uppt\u00e4cka den av r\u00e4ddningstj\u00e4nsten. Det t\u00e5liga vattenavvisande tyget och de sj\u00e4lvreparerande, korrosionsbest\u00e4ndiga dragkedjorna t\u00e5l de tuffaste elementen. RapidDitch Express g\u00f6r all din s\u00e4kerhetsutrustning portabel s\u00e5 att du enkelt kan transportera allt fr\u00e5n b\u00e5t till b\u00e5t.  <\/p>\n<p>H\u00e5ll dig samman och inom arml\u00e4ngds avst\u00e5nd fr\u00e5n RapidDitch Express med det nya innovativa axelremsf\u00f6rankringssystemet. Haka bara loss remmarna s\u00e5 f\u00f6rvandlas de snabbt till tv\u00e5 1,2 meter l\u00e5nga s\u00e4kerhetsselar utformade f\u00f6r att h\u00e5lla alla uppkopplade i vattnet. <\/p>\n","protected":false},"excerpt":{"rendered":"<p>Var beredd p\u00e5 det ov\u00e4ntade med RapidDitch Express-v\u00e4skan. Denna kompakta \u00f6verlevnadsv\u00e4ska har fickor, f\u00e4sten och \u00f6glor f\u00f6r att enkelt organisera och f\u00f6rvara all din viktiga s\u00e4kerhetsutrustning p\u00e5 ett och samma st\u00e4lle. <\/p>\n<p>Tillverkad av vattenavvisande, reflekterande material, \u00e4r denna v\u00e4ska byggd f\u00f6r att motst\u00e5 elementen och g\u00f6ra det l\u00e4ttare f\u00f6r r\u00e4ddningstj\u00e4nsten att uppt\u00e4cka dig i n\u00f6dsituationer. Dessutom, med sin flytande design, kommer RapidDitch Express att flyta med upp till 7 kg utrustning, om den skulle hamna i vattnet. <\/p>\n<p>V\u00e4skans innovativa axelrem hakar av och omvandlas enkelt till tv\u00e5 1,2 meter l\u00e5nga s\u00e4kerhetsselar som kan f\u00e4stas p\u00e5 din flytv\u00e4st och anv\u00e4ndas f\u00f6r att h\u00e5lla alla uppkopplade i vattnet.<\/p>\n<p style=\"margin-left: 0in; margin-right: 0in;\"><span style=\"font-size: 11pt;\"><span style=\"font-family: Calibri,sans-serif;\"><a style=\"color: blue; text-decoration: underline;\" href=\"https:\/\/www.dropbox.com\/s\/fk04stqsp2hgk5f\/Prop%2065%20-%20DEHP.pdf?dl=0\"><span style=\"color: #000000;\">VARNING: F\u00d6RSLAG 65<\/span><\/a><\/span><\/span><\/p>\n","protected":false},"featured_media":164306,"template":"","meta":{"_acf_changed":false,"om_disable_all_campaigns":false},"product_brand":[],"product_cat":[5822,5583,5823,6491,5825,5769],"product_tag":[9097,9095,9148,9152,9151,9088,9149,9090,9150,9084,9086],"class_list":{"0":"post-153536","1":"product","2":"type-product","3":"status-publish","4":"has-post-thumbnail","6":"product_cat-inat-landet","7":"product_cat-marin","8":"product_cat-nara-stranden","9":"product_cat-sakerhetstillbehor","10":"product_cat-till-havs","11":"product_cat-utomhus","12":"product_tag-bug-out-vaska","13":"product_tag-dikevaska","14":"product_tag-expressvaska","15":"product_tag-flytande-vaska","16":"product_tag-marin-dikevaska","17":"product_tag-overlevnad","18":"product_tag-overlevnadsutrustning","19":"product_tag-overlevnadsvaska","20":"product_tag-overlevnadsvaska-sv","21":"product_tag-snabbdyk","22":"product_tag-vaska","23":"pa_activity-fiske-sv","24":"pa_boat-size-0-20-sv","25":"pa_boat-size-21-40-sv","26":"pa_boat-size-40-80-sv","27":"pa_boat-size-80-sv","28":"pa_boat-type-charter-yacht-sv","29":"pa_boat-type-kommersiellt-fiske","30":"pa_boat-type-motorbat","31":"pa_boat-type-segelbat","32":"pa_boat-type-sportcraft-sv","33":"pa_boat-type-yacht-sv","34":"pa_boat-type-6480","35":"pa_product-sakerhetstillbehor","36":"pa_terrain-floder-vatmarker-sjoar","38":"first","39":"instock","40":"taxable","41":"shipping-taxable","42":"purchasable","43":"product-type-simple"},"acf":[],"_links":{"self":[{"href":"https:\/\/www.acrartex.com\/sv\/wp-json\/wp\/v2\/product\/153536","targetHints":{"allow":["GET"]}}],"collection":[{"href":"https:\/\/www.acrartex.com\/sv\/wp-json\/wp\/v2\/product"}],"about":[{"href":"https:\/\/www.acrartex.com\/sv\/wp-json\/wp\/v2\/types\/product"}],"wp:featuredmedia":[{"embeddable":true,"href":"https:\/\/www.acrartex.com\/sv\/wp-json\/wp\/v2\/media\/164306"}],"wp:attachment":[{"href":"https:\/\/www.acrartex.com\/sv\/wp-json\/wp\/v2\/media?parent=153536"}],"wp:term":[{"taxonomy":"product_brand","embeddable":true,"href":"https:\/\/www.acrartex.com\/sv\/wp-json\/wp\/v2\/product_brand?post=153536"},{"taxonomy":"product_cat","embeddable":true,"href":"https:\/\/www.acrartex.com\/sv\/wp-json\/wp\/v2\/product_cat?post=153536"},{"taxonomy":"product_tag","embeddable":true,"href":"https:\/\/www.acrartex.com\/sv\/wp-json\/wp\/v2\/product_tag?post=153536"}],"curies":[{"name":"wp","href":"https:\/\/api.w.org\/{rel}","templated":true}]}}