{"id":153530,"date":"2021-03-16T08:09:42","date_gmt":"2021-03-16T13:09:42","guid":{"rendered":"https:\/\/www.acrartex.com\/products\/rapidditch-vaska\/"},"modified":"2021-03-16T08:09:42","modified_gmt":"2021-03-16T13:09:42","slug":"rapidditch-vaska","status":"publish","type":"product","link":"https:\/\/www.acrartex.com\/sv\/products\/rapidditch-vaska\/","title":{"rendered":"RapidDitch -v\u00e4ska"},"content":{"rendered":"<p>Det t\u00e5liga vattenavvisande tyget och de sj\u00e4lvreparerande, korrosionsbest\u00e4ndiga dragkedjorna t\u00e5l de tuffaste elementen. Med extra flytkraft kan RapidDitch flyta upp till 11 kg utrustning och det nya reflekterande materialet g\u00f6r det l\u00e4ttare att uppt\u00e4cka den av r\u00e4ddningstj\u00e4nsten. <\/p>\n<p>H\u00e5ll ihop med det nya innovativa axelremmen som enkelt kan f\u00e4stas och omvandlas till tv\u00e5 1,2 meter l\u00e5nga s\u00e4kerhetsselar som \u00e4r utformade f\u00f6r att f\u00e4stas p\u00e5 dina flytv\u00e4star f\u00f6r att h\u00e5lla alla uppkopplade i vattnet. H\u00e5ll dig inom arml\u00e4ngds avst\u00e5nd fr\u00e5n RapidDitch v\u00e4skan f\u00f6r att s\u00e4kerst\u00e4lla att all din s\u00e4kerhets- och signalutrustning \u00e4r tillg\u00e4nglig p\u00e5 ett \u00f6gonblick. <\/p>\n","protected":false},"excerpt":{"rendered":"<p>Oavsett vad ditt \u00e4ventyr inneb\u00e4r, var f\u00f6rberedd med RapidDitch v\u00e4skan. Denna t\u00e5liga \u00f6verlevnadsv\u00e4ska har fickor, f\u00e4sten och \u00f6glor som enkelt organiserar och f\u00f6rvarar all din viktiga s\u00e4kerhetsutrustning p\u00e5 ett och samma st\u00e4lle. Om RapidDitch v\u00e4skan skulle hamna i vattnet flyter den med upp till 11 kg utrustning.  <\/p>\n<p>&nbsp;<\/p>\n<p>Denna v\u00e4ska \u00e4r tillverkad av vattent\u00e5ligt, reflekterande material och \u00e4r byggd f\u00f6r att motst\u00e5 v\u00e4der och vind och g\u00f6ra det l\u00e4ttare f\u00f6r r\u00e4ddningstj\u00e4nsten att uppt\u00e4cka dig i n\u00f6dsituationer. Dessutom kan v\u00e4skans innovativa axelrem enkelt lossas och omvandlas till tv\u00e5 1,2 meter l\u00e5nga s\u00e4kerhetsselar som kan f\u00e4stas p\u00e5 din flytv\u00e4st och anv\u00e4ndas f\u00f6r att h\u00e5lla alla uppkopplade i vattnet. <\/p>\n<p>&nbsp;<\/p>\n<p style=\"margin-left: 0in; margin-right: 0in;\"><span style=\"font-size: 11pt;\"><span style=\"font-family: Calibri,sans-serif;\"><a style=\"color: blue; text-decoration: underline;\" href=\"https:\/\/www.dropbox.com\/s\/fk04stqsp2hgk5f\/Prop%2065%20-%20DEHP.pdf?dl=0\"><span style=\"color: #000000;\">VARNING: F\u00d6RSLAG 65<\/span><\/a><\/span><\/span><\/p>\n","protected":false},"featured_media":12152,"template":"","meta":{"_acf_changed":false,"om_disable_all_campaigns":false},"product_brand":[],"product_cat":[5822,5826,5583,5823,6491,5825,5769],"product_tag":[9104,9097,9095,9099,9102,9088,9090,9092,9094,9084,9086],"class_list":{"0":"post-153530","1":"product","2":"type-product","3":"status-publish","4":"has-post-thumbnail","6":"product_cat-inat-landet","7":"product_cat-kommersiell","8":"product_cat-marin","9":"product_cat-nara-stranden","10":"product_cat-sakerhetstillbehor","11":"product_cat-till-havs","12":"product_cat-utomhus","13":"product_tag-batsakerhetsvaska","14":"product_tag-bug-out-vaska","15":"product_tag-dikevaska","16":"product_tag-overge-fartygets-vaska","17":"product_tag-overge-skeppet","18":"product_tag-overlevnad","19":"product_tag-overlevnadsvaska","20":"product_tag-snabb-dike","21":"product_tag-snabb-dikepase","22":"product_tag-snabbdyk","23":"product_tag-vaska","24":"pa_activity-fiske-sv","25":"pa_boat-size-0-20-sv","26":"pa_boat-size-21-40-sv","27":"pa_boat-size-40-80-sv","28":"pa_boat-size-80-sv","29":"pa_boat-type-bogserbat","30":"pa_boat-type-charter-yacht-sv","31":"pa_boat-type-kommersiellt-fiske","32":"pa_boat-type-motorbat","33":"pa_boat-type-segelbat","34":"pa_boat-type-sportcraft-sv","35":"pa_boat-type-yacht-sv","36":"pa_product-sakerhetstillbehor","37":"pa_terrain-floder-vatmarker-sjoar","39":"first","40":"instock","41":"taxable","42":"shipping-taxable","43":"purchasable","44":"product-type-simple"},"acf":[],"_links":{"self":[{"href":"https:\/\/www.acrartex.com\/sv\/wp-json\/wp\/v2\/product\/153530","targetHints":{"allow":["GET"]}}],"collection":[{"href":"https:\/\/www.acrartex.com\/sv\/wp-json\/wp\/v2\/product"}],"about":[{"href":"https:\/\/www.acrartex.com\/sv\/wp-json\/wp\/v2\/types\/product"}],"wp:featuredmedia":[{"embeddable":true,"href":"https:\/\/www.acrartex.com\/sv\/wp-json\/wp\/v2\/media\/12152"}],"wp:attachment":[{"href":"https:\/\/www.acrartex.com\/sv\/wp-json\/wp\/v2\/media?parent=153530"}],"wp:term":[{"taxonomy":"product_brand","embeddable":true,"href":"https:\/\/www.acrartex.com\/sv\/wp-json\/wp\/v2\/product_brand?post=153530"},{"taxonomy":"product_cat","embeddable":true,"href":"https:\/\/www.acrartex.com\/sv\/wp-json\/wp\/v2\/product_cat?post=153530"},{"taxonomy":"product_tag","embeddable":true,"href":"https:\/\/www.acrartex.com\/sv\/wp-json\/wp\/v2\/product_tag?post=153530"}],"curies":[{"name":"wp","href":"https:\/\/api.w.org\/{rel}","templated":true}]}}