{"id":153479,"date":"2021-03-16T08:10:42","date_gmt":"2021-03-16T13:10:42","guid":{"rendered":"https:\/\/www.acrartex.com\/products\/elt-3000\/"},"modified":"2021-03-16T08:10:42","modified_gmt":"2021-03-16T13:10:42","slug":"elt-3000","status":"publish","type":"product","link":"https:\/\/www.acrartex.com\/sv\/products\/elt-3000\/","title":{"rendered":"ELT 3000"},"content":{"rendered":"<p>Med flygplanets NAV-Data s\u00f6ml\u00f6st integrerade s\u00e4nds latitud\/longitud automatiskt var 50:e sekund i 24 timmar p\u00e5 n\u00f6dfrekvensen 406 MHz. Detta g\u00f6r det m\u00f6jligt f\u00f6r r\u00e4ddningspersonal att exakt fastst\u00e4lla flygplanets position inom n\u00e5gra minuter efter att fyren aktiverats. <\/p>\n<p>ARTEX ELT 3000 \u00e4r utformad f\u00f6r att minska ELT -systemets storlek och vikt i ett l\u00e4ttinstallerat paket. F\u00f6r att f\u00f6renkla installationen anv\u00e4nder ARTEX ELT 3000 en enda RF-utg\u00e5ng som ansluts till en trippelbandsantenn, vilket reducerar installationen till en enda koaxialkabel.  Antennen med en enda ing\u00e5ng och elimineringen av ett externt NAV-gr\u00e4nssnitt minskar installationskostnaderna avsev\u00e4rt.<\/p>\n<p>ARTEX ELT 3000 \u00e4r kompatibel med ARTEX exklusiva online-satellitbekr\u00e4ftelsesystem, 406Test.com. Detta exklusiva system ger resultat av beacon-testning i realtid via samma satelliter som anv\u00e4nds av Search and Rescue, vilket s\u00e4kerst\u00e4ller att ELT systemet fungerar korrekt.  Det finns en anledning till att ARTEX ELT:er \u00e4r fler flygplanstillverkares f\u00f6rstahandsval \u00e4n n\u00e5gon annan; de litar p\u00e5 att ARTEX bygger produkter av h\u00f6gsta kvalitet med vetskapen om att de anv\u00e4nds f\u00f6r att r\u00e4dda liv.<\/p>\n<p><strong>S\u00e5 fungerar ARTEX ELT 3000<\/strong><\/p>\n<p>ARTEX ELT 3000 kan aktiveras manuellt (via fj\u00e4rrkontrollen i cockpit) eller automatiskt (G-Switch k\u00e4nner av en st\u00f6t p\u00e5 2,3 G eller h\u00f6gre) och varnar n\u00e4rmaste s\u00f6k- och r\u00e4ddningstj\u00e4nst om en n\u00f6dsituation. 406 MHz-signalen, som inneh\u00e5ller flygplanets GPS koordinater, s\u00e4nds till Cospas-Sarsat -satelliterna och vidarebefordras till Mission Control Center d\u00e4r den omedelbart dirigeras till n\u00e4rmaste s\u00f6k- och r\u00e4ddningstj\u00e4nst. Fyren kommer att f\u00f6rse r\u00e4ddningspersonalen med den exakta platsen inom 100 meter. Slutligen hj\u00e4lper 121,5\/243 MHz-m\u00e5ls\u00f6karsignalerna s\u00f6k- och r\u00e4ddningstj\u00e4nstens markstyrkor att hitta platsen f\u00f6r n\u00f6dsituationen.   <\/p>\n<p><strong>Enkel installation<\/strong><\/p>\n<p>ARTEX ELT 3000 erbjuder en snabb och enkel eftermonteringsm\u00f6jlighet med flexibla installationsalternativ, s\u00e5som en tv\u00e5- eller femtr\u00e5dig fj\u00e4rrbrytare som inte kr\u00e4ver n\u00e5gon flygplansstr\u00f6mf\u00f6rs\u00f6rjning. Eftersom det \u00e4r en ELT med en utg\u00e5ng anv\u00e4nder ELT 3000 samma RF-utg\u00e5ng och endast en koaxialkabel f\u00f6r att \u00f6verf\u00f6ra b\u00e5de 406 MHz- och 121,5\/243 MHz-signaler. Det inbyggda navigationsgr\u00e4nssnittet minskar behovet av att montera ett sekund\u00e4rt externt gr\u00e4nssnitt, vilket avsev\u00e4rt minskar installationskostnaden. Det finns tv\u00e5 monteringsbrickor tillg\u00e4ngliga. Den ena m\u00f6jligg\u00f6r minsta m\u00f6jliga utrymmesbehov medan den andra matchar \u00e4ldre ARTEX B- och C-serie ELT installationer, vilket ytterligare minskar tekniska kostnader.    <\/p>\n<p><strong>Produktegenskaper<\/strong><\/p>\n<ul>\n<li>Den minsta 406 MHz ELT som finns och den l\u00e4ttaste transportklassade ELT med ARINC\/ GPS RS232-gr\u00e4nssnitt<\/li>\n<li>Automatisk fast Emergency Locator Transmitter<\/li>\n<li>Trippelfrekvens n\u00f6dsignal, digitala 406 MHz och analoga 121,5\/243 MHz m\u00e5ls\u00f6kande signaler<\/li>\n<li>Automatisk aktivering via intern G-brytare<\/li>\n<li>Trippelbandsantenn med enkel kontakt och kabel till s\u00e4ndaren<\/li>\n<li>Enkelt underh\u00e5ll och installation<\/li>\n<li>M\u00e5nga alternativ f\u00f6r fj\u00e4rrkontroll i cockpit finns tillg\u00e4ngliga<\/li>\n<li>Kan anslutas till inbyggd GPS via integrerat ARINC429- eller RS232-gr\u00e4nssnitt<\/li>\n<li>GPS data \u00e4r inb\u00e4ddad i digital \u00f6verf\u00f6ring vilket minskar s\u00f6kradien ner till 100 meter<\/li>\n<li>V\u00e4rldsomfattande Cospas-Sarsat -t\u00e4ckning<\/li>\n<li>6 \u00e5rs batteritid (utbytbart)<\/li>\n<li>Helikopterversion med 5-axlig G-switch tillg\u00e4nglig<\/li>\n<li>Kompatibel med ARTEX 406Test.com satellitbekr\u00e4ftelsetestsystem<\/li>\n<li>Uppfyller b\u00e5de FAA- och EASA-krav<\/li>\n<\/ul>\n<p>ELT -paketlista<\/p>\n<table style=\"border-collapse: collapse; width: 745pt; border: none;\" width=\"994\">\n<colgroup>\n<col style=\"width: 140pt;\" width=\"187\">\n<col style=\"width: 219pt;\" width=\"292\">\n<col style=\"width: 197pt;\" width=\"263\">\n<col style=\"width: 189pt;\" width=\"252\"> <\/colgroup>\n<tbody>\n<tr style=\"height: 20.0pt;\">\n<td class=\"xl66\" style=\"border: none; height: 20.0pt; width: 140pt; text-align: center; vertical-align: middle; padding-top: 1px; padding-right: 1px; padding-left: 1px;\" width=\"187\" height=\"27\"><\/td>\n<td class=\"xl68\" style=\"border: 0.5pt solid gray; background: #3c404a; width: 219pt; text-align: center; vertical-align: middle; padding-top: 1px; padding-right: 1px; padding-left: 1px;\" width=\"292\"><span style=\"font-size: 11pt;\"><span style=\"color: #b0e40a;\"><span style=\"font-weight: bold;\"><span style=\"font-style: normal;\"><span style=\"text-decoration: none;\"><span style=\"font-family: Calibri,sans-serif;\">Antenn<\/span><\/span><\/span><\/span><\/span><\/span><\/td>\n<td class=\"xl68\" style=\"border: 0.5pt solid gray; background: #3c404a; border-left: none; width: 197pt; text-align: center; vertical-align: middle; padding-top: 1px; padding-right: 1px; padding-left: 1px;\" width=\"263\"><span style=\"font-size: 11pt;\"><span style=\"color: #b0e40a;\"><span style=\"font-weight: bold;\"><span style=\"font-style: normal;\"><span style=\"text-decoration: none;\"><span style=\"font-family: Calibri,sans-serif;\">Fj\u00e4rrbrytare och tillbeh\u00f6r<\/span><\/span><\/span><\/span><\/span><\/span><\/td>\n<td class=\"xl67\" style=\"border: none; background: #3c404a; border-left: none; width: 189pt; text-align: center; vertical-align: middle; border-width: 0.5pt; border-style: solid; border-color: gray windowtext gray gray; padding-top: 1px; padding-right: 1px; padding-left: 1px;\" width=\"252\"><span style=\"font-size: 11pt;\"><span style=\"color: #b0e40a;\"><span style=\"font-weight: bold;\"><span style=\"font-style: normal;\"><span style=\"text-decoration: none;\"><span style=\"font-family: Calibri,sans-serif;\">Manualer\/Godk\u00e4nnanden\/Nedladdningar<\/span><\/span><\/span><\/span><\/span><\/span><\/td>\n<\/tr>\n<tr style=\"height: 20.0pt;\">\n<td class=\"xl70\" style=\"border: 0.5pt solid gray; background: #b0e40a; height: 20.0pt; text-align: center; vertical-align: middle; padding-top: 1px; padding-right: 1px; padding-left: 1px;\" height=\"27\"><span style=\"font-size: 11pt;\"><span style=\"font-weight: 400;\"><span style=\"font-style: normal;\"><span style=\"text-decoration: none;\"><span style=\"font-family: Calibri,sans-serif;\">ELT 3000 8221<\/span><\/span><\/span><\/span><\/span><\/td>\n<td class=\"xl69\" style=\"border: none; padding-top: 1px; padding-right: 1px; padding-left: 1px; vertical-align: bottom;\"><span style=\"font-size: 11pt;\"><span style=\"font-weight: 400;\"><span style=\"font-style: normal;\"><span style=\"text-decoration: none;\"><span style=\"font-family: Calibri,sans-serif;\"> <\/span><\/span><\/span><\/span><\/span><\/td>\n<td class=\"xl66\" style=\"border: none; text-align: center; vertical-align: middle; padding-top: 1px; padding-right: 1px; padding-left: 1px;\"><\/td>\n<td class=\"xl66\" style=\"border: none; text-align: center; vertical-align: middle; padding-top: 1px; padding-right: 1px; padding-left: 1px;\"><a href=\"https:\/\/www.dropbox.com\/s\/xbba3p4g5qxvgid\/8221d.pdf?dl=1\"><span style=\"font-size: 11pt;\"><span style=\"font-weight: 400;\"><span style=\"font-style: normal;\"><span style=\"text-decoration: none;\"><span style=\"font-family: Calibri,sans-serif;\">Packlista<\/span><\/span><\/span><\/span><\/span><\/a><\/td>\n<\/tr>\n<tr style=\"height: 20.0pt;\">\n<td class=\"xl70\" style=\"border: 0.5pt solid gray; background: #b0e40a; height: 20.0pt; border-top: none; text-align: center; vertical-align: middle; padding-top: 1px; padding-right: 1px; padding-left: 1px;\" height=\"27\"><span style=\"font-size: 11pt;\"><span style=\"font-weight: 400;\"><span style=\"font-style: normal;\"><span style=\"text-decoration: none;\"><span style=\"font-family: Calibri,sans-serif;\">ELT 3000 8222<\/span><\/span><\/span><\/span><\/span><\/td>\n<td class=\"xl66\" style=\"border: none; text-align: center; vertical-align: middle; padding-top: 1px; padding-right: 1px; padding-left: 1px;\"><\/td>\n<td class=\"xl66\" style=\"border: none; text-align: center; vertical-align: middle; padding-top: 1px; padding-right: 1px; padding-left: 1px;\"><\/td>\n<td class=\"xl66\" style=\"border: none; text-align: center; vertical-align: middle; padding-top: 1px; padding-right: 1px; padding-left: 1px;\"><a href=\"https:\/\/www.dropbox.com\/s\/q04di0l0nlga6ql\/8222b.pdf?dl=1\"><span style=\"font-size: 11pt;\"><span style=\"font-weight: 400;\"><span style=\"font-style: normal;\"><span style=\"text-decoration: none;\"><span style=\"font-family: Calibri,sans-serif;\">Packlista<\/span><\/span><\/span><\/span><\/span><\/a><\/td>\n<\/tr>\n<tr style=\"height: 20.0pt;\">\n<td class=\"xl70\" style=\"border: 0.5pt solid gray; background: #b0e40a; height: 20.0pt; border-top: none; text-align: center; vertical-align: middle; padding-top: 1px; padding-right: 1px; padding-left: 1px;\" height=\"27\"><span style=\"font-size: 11pt;\"><span style=\"font-weight: 400;\"><span style=\"font-style: normal;\"><span style=\"text-decoration: none;\"><span style=\"font-family: Calibri,sans-serif;\">ELT 3000 8223<\/span><\/span><\/span><\/span><\/span><\/td>\n<td class=\"xl66\" style=\"border: none; text-align: center; vertical-align: middle; padding-top: 1px; padding-right: 1px; padding-left: 1px;\"><span style=\"font-size: 11pt;\"><span style=\"font-weight: 400;\"><span style=\"font-style: normal;\"><span style=\"text-decoration: none;\"><span style=\"font-family: Calibri,sans-serif;\">110-338 (Vit) och 110-338-01 (Svart)<\/span><\/span><\/span><\/span><\/span><\/td>\n<td class=\"xl66\" style=\"border: none; text-align: center; vertical-align: middle; padding-top: 1px; padding-right: 1px; padding-left: 1px;\"><span style=\"font-size: 11pt;\"><span style=\"font-weight: 400;\"><span style=\"font-style: normal;\"><span style=\"text-decoration: none;\"><span style=\"font-family: Calibri,sans-serif;\">8304<\/span><\/span><\/span><\/span><\/span><\/td>\n<td class=\"xl66\" style=\"border: none; text-align: center; vertical-align: middle; padding-top: 1px; padding-right: 1px; padding-left: 1px;\"><a href=\"https:\/\/www.dropbox.com\/s\/1ugrlpsd9nqpknt\/8223b.pdf?dl=1\"><span style=\"font-size: 11pt;\"><span style=\"font-weight: 400;\"><span style=\"font-style: normal;\"><span style=\"text-decoration: none;\"><span style=\"font-family: Calibri,sans-serif;\">Packlista<\/span><\/span><\/span><\/span><\/span><\/a><\/td>\n<\/tr>\n<tr style=\"height: 20.0pt;\">\n<td class=\"xl70\" style=\"border: 0.5pt solid gray; background: #b0e40a; height: 20.0pt; border-top: none; text-align: center; vertical-align: middle; padding-top: 1px; padding-right: 1px; padding-left: 1px;\" height=\"27\"><span style=\"font-size: 11pt;\"><span style=\"font-weight: 400;\"><span style=\"font-style: normal;\"><span style=\"text-decoration: none;\"><span style=\"font-family: Calibri,sans-serif;\">ELT 3000 8224<\/span><\/span><\/span><\/span><\/span><\/td>\n<td class=\"xl66\" style=\"border: none; text-align: center; vertical-align: middle; padding-top: 1px; padding-right: 1px; padding-left: 1px;\"><span style=\"font-size: 11pt;\"><span style=\"font-weight: 400;\"><span style=\"font-style: normal;\"><span style=\"text-decoration: none;\"><span style=\"font-family: Calibri,sans-serif;\">110-340 och 110-340-01 (Skyddskant)<\/span><\/span><\/span><\/span><\/span><\/td>\n<td class=\"xl66\" style=\"border: none; text-align: center; vertical-align: middle; padding-top: 1px; padding-right: 1px; padding-left: 1px;\"><span style=\"font-size: 11pt;\"><span style=\"font-weight: 400;\"><span style=\"font-style: normal;\"><span style=\"text-decoration: none;\"><span style=\"font-family: Calibri,sans-serif;\">8304<\/span><\/span><\/span><\/span><\/span><\/td>\n<td class=\"xl66\" style=\"border: none; text-align: center; vertical-align: middle; padding-top: 1px; padding-right: 1px; padding-left: 1px;\"><a href=\"https:\/\/www.dropbox.com\/s\/8hg8d7dglsuvqxu\/8224b.pdf?dl=1\"><span style=\"font-size: 11pt;\"><span style=\"font-weight: 400;\"><span style=\"font-style: normal;\"><span style=\"text-decoration: none;\"><span style=\"font-family: Calibri,sans-serif;\">Packlista<\/span><\/span><\/span><\/span><\/span><\/a><\/td>\n<\/tr>\n<\/tbody>\n<\/table>\n","protected":false},"excerpt":{"rendered":"<p>Du \u00e4r aldrig helt f\u00f6rberedd utan en Emergency Locator Transmitter ( ELT ) ombord. ELT 3000\u2122 \u00e4r en verkligt integrerad s\u00e4kerhetsanordning. Dess kompakta design och navigationsgr\u00e4nssnitt s\u00e4kerst\u00e4ller att installationen \u00e4r enkel och att s\u00f6k- och r\u00e4ddningsteam alltid kan lokalisera ditt flygplan. Dessutom s\u00e4nder ELT3000 automatiskt din latitud\/longitud var 50:e sekund i 24 timmar p\u00e5 n\u00f6dfrekvensen 406 MHz. Detta g\u00f6r det m\u00f6jligt f\u00f6r lokala r\u00e4ddningstj\u00e4nstpersonal att exakt fastst\u00e4lla flygplanets position inom n\u00e5gra minuter efter att fyren aktiverats, om du skulle st\u00f6ta p\u00e5 en n\u00f6dsituation. Var beredd p\u00e5 det of\u00f6ruts\u00e4gbara: \u2013 Manuell och automatisk aktivering \u2013 Tv\u00e5tr\u00e5ds fj\u00e4rrbrytare \u2013 Flexibel installation \u2013 Monteringsf\u00e4ste i rostfritt st\u00e5l \u2013 Inbyggt navigationsgr\u00e4nssnitt     <\/p>\n<p><span style=\"color: #3366ff;\"><strong>Denna produkt har utg\u00e5tt<\/strong><\/span><\/p>\n<p><a href=\"https:\/\/www.acrartex.com\/survival-products\/406test\"><img decoding=\"async\" style=\"width: 300px; height: 41px;\" src=\"https:\/\/dk2ztu5ooimmu.cloudfront.net\/ckeditor_assets\/pictures\/146\/406Test_with_desc_-_Tag.gif\" alt=\"\"><\/a><\/p>\n","protected":false},"featured_media":153487,"template":"","meta":{"_acf_changed":false,"om_disable_all_campaigns":false},"product_brand":[],"product_cat":[5835,5553,8624],"product_tag":[7094,7096,8845,5557,5562,9039,9038],"class_list":{"0":"post-153479","1":"product","2":"type-product","3":"status-publish","4":"has-post-thumbnail","6":"product_cat-affarsjet","7":"product_cat-flyg","8":"product_cat-kommersiella-flygplan","9":"product_tag-acr-sv","10":"product_tag-artex-sv","11":"product_tag-elektronisk-lokaliseringssandare","12":"product_tag-elt-sv","13":"product_tag-elt-3000-sv","14":"product_tag-elt3000-sv","15":"product_tag-sandare","16":"pa_aircraft-speed-200-350-knop","17":"pa_aircraft-speed-350-knop","18":"pa_aircraft-type-latta-stralar","19":"pa_aircraft-type-medelstora-jetplan","20":"pa_product-arv","21":"pa_product-elt-losningar","23":"first","24":"outofstock","25":"taxable","26":"shipping-taxable","27":"product-type-simple"},"acf":[],"_links":{"self":[{"href":"https:\/\/www.acrartex.com\/sv\/wp-json\/wp\/v2\/product\/153479","targetHints":{"allow":["GET"]}}],"collection":[{"href":"https:\/\/www.acrartex.com\/sv\/wp-json\/wp\/v2\/product"}],"about":[{"href":"https:\/\/www.acrartex.com\/sv\/wp-json\/wp\/v2\/types\/product"}],"wp:featuredmedia":[{"embeddable":true,"href":"https:\/\/www.acrartex.com\/sv\/wp-json\/wp\/v2\/media\/153487"}],"wp:attachment":[{"href":"https:\/\/www.acrartex.com\/sv\/wp-json\/wp\/v2\/media?parent=153479"}],"wp:term":[{"taxonomy":"product_brand","embeddable":true,"href":"https:\/\/www.acrartex.com\/sv\/wp-json\/wp\/v2\/product_brand?post=153479"},{"taxonomy":"product_cat","embeddable":true,"href":"https:\/\/www.acrartex.com\/sv\/wp-json\/wp\/v2\/product_cat?post=153479"},{"taxonomy":"product_tag","embeddable":true,"href":"https:\/\/www.acrartex.com\/sv\/wp-json\/wp\/v2\/product_tag?post=153479"}],"curies":[{"name":"wp","href":"https:\/\/api.w.org\/{rel}","templated":true}]}}