{"id":153336,"date":"2021-03-16T08:11:50","date_gmt":"2021-03-16T13:11:50","guid":{"rendered":"https:\/\/www.acrartex.com\/products\/me406-elt\/"},"modified":"2021-03-16T08:11:50","modified_gmt":"2021-03-16T13:11:50","slug":"me406-elt","status":"publish","type":"product","link":"https:\/\/www.acrartex.com\/sv\/products\/me406-elt\/","title":{"rendered":"ME406 ELT"},"content":{"rendered":"<p>Enkel installation<\/p>\n<p>Monteringsh\u00e5rdvaran f\u00f6r ME406-serien \u00e4r kompatibel med alla tidigare modeller av Artex 406 MHz ELT produkter, s\u00e5v\u00e4l som ELT -200-serien, ACK, Pointer Model 3000 och Narco ELT:er. Nuvarande \u00e4gare av Artex 2-frekvens TSO C91a ELT:er kan \u00e5teranv\u00e4nda fj\u00e4rrbrytaren i cockpiten, s\u00e5v\u00e4l som kablaget fr\u00e5n cockpiten till ELT . Detta minskar installationskostnaderna avsev\u00e4rt.  <\/p>\n<p>ARTEX ELT:er \u00e4r valet f\u00f6r allm\u00e4nflygplan, inklusive Cessna, Piper, Cirrus, Beechcraft, Diamond och Quest.<\/p>\n<p>&nbsp;<\/p>\n<ul>\n<li>Automatisk fast Emergency Locator Transmitter<\/li>\n<li>Fasta vingar och helikopterapplikationer<\/li>\n<li>Enkel antennutg\u00e5ng f\u00f6r b\u00e5de 121,5 och 406 MHz-frekvenser<\/li>\n<li>V\u00e4rldsomsp\u00e4nnande t\u00e4ckning<\/li>\n<li>6 \u00e5rs batteritid (ers\u00e4ttningsbatteri artikelnr. 455-0012)<\/li>\n<li>Om du anv\u00e4nder den&#8230;ers\u00e4tter vi den <a href=\"http:\/\/www.survivorclub.com\/\">kostnadsfritt<\/a> . Skicka bara in din ber\u00e4ttelse, skicka tillbaka din begagnade fyr s\u00e5 att vi kan montera den p\u00e5 v\u00e5r Wall of Fame och vi skickar dig en helt ny fyr av samma eller h\u00f6gre v\u00e4rde. <\/li>\n<\/ul>\n<p>&nbsp;<\/p>\n<p>Certifieringar<\/p>\n<ul>\n<li>TSO C126<\/li>\n<li>ETSO 2C126<\/li>\n<li>Godk\u00e4nd av Cospas\/Sarsat<\/li>\n<li>Godk\u00e4nd av Transport &amp; Industry Canada<\/li>\n<\/ul>\n<p>&nbsp;<\/p>\n<p>ELT -paketlista<\/p>\n<table style=\"border-collapse: collapse; width: 745pt; border: none;\" width=\"994\">\n<colgroup>\n<col style=\"width: 140pt;\" width=\"187\">\n<col style=\"width: 219pt;\" width=\"292\">\n<col style=\"width: 197pt;\" width=\"263\">\n<col style=\"width: 189pt;\" width=\"252\"> <\/colgroup>\n<tbody>\n<tr style=\"height: 20.0pt;\">\n<td class=\"xl66\" style=\"border: none; height: 20.0pt; width: 140pt; text-align: center; vertical-align: middle; padding-top: 1px; padding-right: 1px; padding-left: 1px;\" width=\"187\" height=\"27\"><\/td>\n<td class=\"xl69\" style=\"border: none; border-bottom: 0.5pt solid gray; background: #3c404a; width: 219pt; text-align: center; vertical-align: middle; border-top: none; border-right: 0.5pt solid gray; border-left: 0.5pt solid gray; padding-top: 1px; padding-right: 1px; padding-left: 1px;\" width=\"292\"><span style=\"font-size: 11pt;\"><span style=\"color: #b0e40a;\"><span style=\"font-weight: bold;\"><span style=\"font-style: normal;\"><span style=\"text-decoration: none;\"><span style=\"font-family: Calibri,sans-serif;\">Antenn<\/span><\/span><\/span><\/span><\/span><\/span><\/td>\n<td class=\"xl69\" style=\"border: none; border-bottom: 0.5pt solid gray; background: #3c404a; border-left: none; width: 197pt; text-align: center; vertical-align: middle; border-top: none; border-right: 0.5pt solid gray; padding-top: 1px; padding-right: 1px; padding-left: 1px;\" width=\"263\"><span style=\"font-size: 11pt;\"><span style=\"color: #b0e40a;\"><span style=\"font-weight: bold;\"><span style=\"font-style: normal;\"><span style=\"text-decoration: none;\"><span style=\"font-family: Calibri,sans-serif;\">Fj\u00e4rrbrytare och tillbeh\u00f6r<\/span><\/span><\/span><\/span><\/span><\/span><\/td>\n<td class=\"xl70\" style=\"border: none; border-bottom: 0.5pt solid gray; background: #3c404a; border-left: none; width: 189pt; text-align: center; vertical-align: middle; border-top: none; border-right: 0.5pt solid windowtext; padding-top: 1px; padding-right: 1px; padding-left: 1px;\" width=\"252\"><span style=\"font-size: 11pt;\"><span style=\"color: #b0e40a;\"><span style=\"font-weight: bold;\"><span style=\"font-style: normal;\"><span style=\"text-decoration: none;\"><span style=\"font-family: Calibri,sans-serif;\">Manualer\/Godk\u00e4nnanden\/Nedladdningar<\/span><\/span><\/span><\/span><\/span><\/span><\/td>\n<\/tr>\n<tr style=\"height: 20.0pt;\">\n<td class=\"xl71\" style=\"border: 0.5pt solid gray; background: #b0e40a; height: 20.0pt; text-align: center; vertical-align: middle; padding-top: 1px; padding-right: 1px; padding-left: 1px;\" height=\"27\"><span style=\"font-size: 11pt;\"><span style=\"font-weight: 400;\"><span style=\"font-style: normal;\"><span style=\"text-decoration: none;\"><span style=\"font-family: Calibri,sans-serif;\">ELT ME406 455-6603<\/span><\/span><\/span><\/span><\/span><\/td>\n<td class=\"xl68\" style=\"border: none; padding-top: 1px; padding-right: 1px; padding-left: 1px; vertical-align: bottom;\"><span style=\"font-size: 11pt;\"><span style=\"font-weight: 400;\"><span style=\"font-style: normal;\"><span style=\"text-decoration: none;\"><span style=\"font-family: Calibri,sans-serif;\"> <\/span><\/span><\/span><\/span><\/span><\/td>\n<td class=\"xl67\" style=\"border: none; padding-top: 1px; padding-right: 1px; padding-left: 1px; vertical-align: bottom;\"><span style=\"font-size: 11pt;\"><span style=\"font-weight: 400;\"><span style=\"font-style: normal;\"><span style=\"text-decoration: none;\"><span style=\"font-family: Calibri,sans-serif;\"> <\/span><\/span><\/span><\/span><\/span><\/td>\n<td class=\"xl66\" style=\"border: none; text-align: center; vertical-align: middle; padding-top: 1px; padding-right: 1px; padding-left: 1px;\"><a href=\"https:\/\/www.dropbox.com\/s\/qtth26kghd02qyu\/455-6603_packlist.pdf?dl=1\"><span style=\"font-size: 11pt;\"><span style=\"font-weight: 400;\"><span style=\"font-style: normal;\"><span style=\"text-decoration: none;\"><span style=\"font-family: Calibri,sans-serif;\">Packlista<\/span><\/span><\/span><\/span><\/span><\/a><\/td>\n<\/tr>\n<tr style=\"height: 20.0pt;\">\n<td class=\"xl71\" style=\"border: 0.5pt solid gray; background: #b0e40a; height: 20.0pt; border-top: none; text-align: center; vertical-align: middle; padding-top: 1px; padding-right: 1px; padding-left: 1px;\" height=\"27\"><span style=\"font-size: 11pt;\"><span style=\"font-weight: 400;\"><span style=\"font-style: normal;\"><span style=\"text-decoration: none;\"><span style=\"font-family: Calibri,sans-serif;\">ELT ME406 455-6605<\/span><\/span><\/span><\/span><\/span><\/td>\n<td class=\"xl66\" style=\"border: none; text-align: center; vertical-align: middle; padding-top: 1px; padding-right: 1px; padding-left: 1px;\"><span style=\"font-size: 11pt;\"><span style=\"font-weight: 400;\"><span style=\"font-style: normal;\"><span style=\"text-decoration: none;\"><span style=\"font-family: Calibri,sans-serif;\">110-773<\/span><\/span><\/span><\/span><\/span><\/td>\n<td class=\"xl66\" style=\"border: none; text-align: center; vertical-align: middle; padding-top: 1px; padding-right: 1px; padding-left: 1px;\"><span style=\"font-size: 11pt;\"><span style=\"font-weight: 400;\"><span style=\"font-style: normal;\"><span style=\"text-decoration: none;\"><span style=\"font-family: Calibri,sans-serif;\">455-6196<\/span><\/span><\/span><\/span><\/span><\/td>\n<td class=\"xl66\" style=\"border: none; text-align: center; vertical-align: middle; padding-top: 1px; padding-right: 1px; padding-left: 1px;\"><a href=\"https:\/\/www.dropbox.com\/s\/42h7r40nrd99vy1\/455-6605_packlist.pdf?dl=1\"><span style=\"font-size: 11pt;\"><span style=\"font-weight: 400;\"><span style=\"font-style: normal;\"><span style=\"text-decoration: none;\"><span style=\"font-family: Calibri,sans-serif;\">Packlista<\/span><\/span><\/span><\/span><\/span><\/a><\/td>\n<\/tr>\n<tr style=\"height: 20.0pt;\">\n<td class=\"xl72\" style=\"border: none; border-bottom: none; background: #b0e40a; height: 20.0pt; border-top: none; text-align: center; vertical-align: middle; border-right: 0.5pt solid gray; border-left: 0.5pt solid gray; padding-top: 1px; padding-right: 1px; padding-left: 1px;\" height=\"27\"><span style=\"font-size: 11pt;\"><span style=\"font-weight: 400;\"><span style=\"font-style: normal;\"><span style=\"text-decoration: none;\"><span style=\"font-family: Calibri,sans-serif;\">ELT ME406 455-6607<\/span><\/span><\/span><\/span><\/span><\/td>\n<td class=\"xl66\" style=\"border: none; text-align: center; vertical-align: middle; padding-top: 1px; padding-right: 1px; padding-left: 1px;\"><span style=\"font-size: 11pt;\"><span style=\"font-weight: 400;\"><span style=\"font-style: normal;\"><span style=\"text-decoration: none;\"><span style=\"font-family: Calibri,sans-serif;\">110-338 (Vit) och 110-338-01 (Svart)<\/span><\/span><\/span><\/span><\/span><\/td>\n<td class=\"xl66\" style=\"border: none; text-align: center; vertical-align: middle; padding-top: 1px; padding-right: 1px; padding-left: 1px;\"><span style=\"font-size: 11pt;\"><span style=\"font-weight: 400;\"><span style=\"font-style: normal;\"><span style=\"text-decoration: none;\"><span style=\"font-family: Calibri,sans-serif;\">455-6196<\/span><\/span><\/span><\/span><\/span><\/td>\n<td class=\"xl66\" style=\"border: none; text-align: center; vertical-align: middle; padding-top: 1px; padding-right: 1px; padding-left: 1px;\"><a href=\"https:\/\/www.dropbox.com\/s\/o6uq4naqo9e41t6\/455-6607_packlist.pdf?dl=1\"><span style=\"font-size: 11pt;\"><span style=\"font-weight: 400;\"><span style=\"font-style: normal;\"><span style=\"text-decoration: none;\"><span style=\"font-family: Calibri,sans-serif;\">Packlista<\/span><\/span><\/span><\/span><\/span><\/a><\/td>\n<\/tr>\n<\/tbody>\n<\/table>\n","protected":false},"excerpt":{"rendered":"<p>K\u00e4nn dig trygg med en n\u00f6ds\u00e4ndare ( ELT ) vid din sida. ME406 \u00e4r en ELT med en utg\u00e5ng som \u00e4r utformad f\u00f6r att g\u00f6ra installationen enkel. ME406 st\u00f6ds av ett batteri med 6 \u00e5rs livsl\u00e4ngd och \u00e4r en ELT som du kan lita p\u00e5 att st\u00e5r bakom dig om du skulle hamna i en n\u00f6dsituation. Om du n\u00e5gonsin skulle beh\u00f6va aktivera ELT skickar 406 MHz-s\u00e4ndaren en kodad signal var 50:e sekund f\u00f6r att varna s\u00f6k- och r\u00e4ddningsteam om din plats, s\u00e5 att de l\u00e4ttare kan ta dig hem.   <\/p>\n<p><span style=\"color: #3366ff;\"><strong>Denna produkt har utg\u00e5tt ur sortimentet.<\/strong><\/span><\/p>\n<p><img decoding=\"async\" style=\"width: 300px; height: 41px;\" src=\"https:\/\/dk2ztu5ooimmu.cloudfront.net\/ckeditor_assets\/pictures\/146\/406Test_with_desc_-_Tag.gif\" alt=\"\"><\/p>\n","protected":false},"featured_media":153341,"template":"","meta":{"_acf_changed":false,"om_disable_all_campaigns":false},"product_brand":[],"product_cat":[5835,5553],"product_tag":[5560,8272,8807,5557,8805,8804],"class_list":{"0":"post-153336","1":"product","2":"type-product","3":"status-publish","4":"has-post-thumbnail","6":"product_cat-affarsjet","7":"product_cat-flyg","8":"product_tag-406-sv","9":"product_tag-406-elt-sv","10":"product_tag-elektronisk-lokal-sandare-sv","11":"product_tag-elt-sv","12":"product_tag-mig-406","13":"product_tag-mig406","14":"pa_product-arv","16":"first","17":"outofstock","18":"taxable","19":"shipping-taxable","20":"product-type-simple"},"acf":[],"_links":{"self":[{"href":"https:\/\/www.acrartex.com\/sv\/wp-json\/wp\/v2\/product\/153336","targetHints":{"allow":["GET"]}}],"collection":[{"href":"https:\/\/www.acrartex.com\/sv\/wp-json\/wp\/v2\/product"}],"about":[{"href":"https:\/\/www.acrartex.com\/sv\/wp-json\/wp\/v2\/types\/product"}],"wp:featuredmedia":[{"embeddable":true,"href":"https:\/\/www.acrartex.com\/sv\/wp-json\/wp\/v2\/media\/153341"}],"wp:attachment":[{"href":"https:\/\/www.acrartex.com\/sv\/wp-json\/wp\/v2\/media?parent=153336"}],"wp:term":[{"taxonomy":"product_brand","embeddable":true,"href":"https:\/\/www.acrartex.com\/sv\/wp-json\/wp\/v2\/product_brand?post=153336"},{"taxonomy":"product_cat","embeddable":true,"href":"https:\/\/www.acrartex.com\/sv\/wp-json\/wp\/v2\/product_cat?post=153336"},{"taxonomy":"product_tag","embeddable":true,"href":"https:\/\/www.acrartex.com\/sv\/wp-json\/wp\/v2\/product_tag?post=153336"}],"curies":[{"name":"wp","href":"https:\/\/api.w.org\/{rel}","templated":true}]}}