{"id":153300,"date":"2021-03-16T08:11:52","date_gmt":"2021-03-16T13:11:52","guid":{"rendered":"https:\/\/www.acrartex.com\/products\/elt-till-navigeringsgranssnitt-boeing\/"},"modified":"2021-03-16T08:11:52","modified_gmt":"2021-03-16T13:11:52","slug":"elt-till-navigeringsgranssnitt-boeing","status":"publish","type":"product","link":"https:\/\/www.acrartex.com\/sv\/products\/elt-till-navigeringsgranssnitt-boeing\/","title":{"rendered":"ELT till navigeringsgr\u00e4nssnitt Boeing"},"content":{"rendered":"<p>Artex &#8221; ELT \/NAV Interface -B&#8221; \u00e4r utformat f\u00f6r att ansluta mellan Boeings flygledningsdator (FMC) och Artex B406-4 ELT . Dess funktion \u00e4r att ta emot kontinuerliga positionsuppdateringar fr\u00e5n flygplanets navigationssystem och \u00f6vers\u00e4tta dem till r\u00e4tt format f\u00f6r anv\u00e4ndning av ELT . Vid aktivering \u00f6verf\u00f6r ELT flygplanets latitud och longitud till satellitsystemet COSPAS\/SARSAT. Kunskap om positionsinformationen g\u00f6r det m\u00f6jligt f\u00f6r r\u00e4ddningstj\u00e4nsten att omedelbart inleda ett uppdrag till flygplanets senast k\u00e4nda position. ELT \/NAV Interface -B \u00e4r ocks\u00e5 testat f\u00f6r att uppfylla Boeings str\u00e4nga krav f\u00f6r anv\u00e4ndning i deras flygplan samt uppfylla TSO C126- och JTSO-2C126-kraven som en B406-4 ELT systemkomponent. ELT \/NAV Interface -B finns tillg\u00e4ngligt som ett komplett kit (artikelnummer 455-6501). Kittet inneh\u00e5ller all n\u00f6dv\u00e4ndig installationsh\u00e5rdvara (skruvar, brickor etc.), kabelkontakter med stift\/hylsor och en manual.      <\/p>\n<p>N\u00e4r tekniken \u00e4r korrekt registrerad kan den ge f\u00f6ljande information till r\u00e4ddningsteam: 1) Flygplanstyp, 2) \u00c4gare(r), 3) N\u00f6dkontakt(er), 4) Landskod, 5) Flygplans-ID eller serienummer f\u00f6r ELT , 6) Tillverkare av ELT , 7) Position i latitud\/longitud.       <\/p>\n<p>En annan avancerad funktion i gr\u00e4nssnittet \u00e4r m\u00f6jligheten att specialprogrammera ELT till den &#8220;24-bitarsadress&#8221; (Mode S-nummer) som tilldelats ett flygplan. Detta \u00e4r extremt anv\u00e4ndbart f\u00f6r flottoperat\u00f6rer som kan finna det n\u00f6dv\u00e4ndigt att byta ELT :er i flygplan f\u00f6r underh\u00e5lls\u00e4ndam\u00e5l eftersom det eliminerar behovet av att omprogrammera ELT varje g\u00e5ng den flyttas. <\/p>\n","protected":false},"excerpt":{"rendered":"<p>N\u00e4r du befinner dig i en n\u00f6dsituation kan du vara trygg i vetskapen om att med ELT till Nav-B-gr\u00e4nssnittet kommer s\u00f6k- och r\u00e4ddningsteam att ha kunskap om din position (inom 100 meter). ELT till Nav-B-gr\u00e4nssnittet \u00e4r utformat f\u00f6r att anslutas mellan flygplanets flygledningsdator (FMC) eller GPS mottagare och B406-4 (Boeing) ELT . Den h\u00e4r enheten tar emot kontinuerliga positionsuppdateringar fr\u00e5n flygplanets navigationssystem och \u00f6vers\u00e4tter dem sedan f\u00f6r anv\u00e4ndning av ELT . Om du skulle beh\u00f6va aktivera din ELT kommer ditt flygplans latitud och longitud att \u00f6verf\u00f6ras till ett v\u00e4rldsomsp\u00e4nnande n\u00e4tverk av s\u00f6k- och r\u00e4ddningssatelliter.   <\/p>\n","protected":false},"featured_media":153302,"template":"","meta":{"_acf_changed":false,"om_disable_all_campaigns":false},"product_brand":[],"product_cat":[5553],"product_tag":[8775,5557,8772,8668,8770,8670,8774],"class_list":{"0":"post-153300","1":"product","2":"type-product","3":"status-publish","4":"has-post-thumbnail","6":"product_cat-flyg","7":"product_tag-boeing-sv","8":"product_tag-elt-sv","9":"product_tag-elt-2-nav-sv","10":"product_tag-elt-till-navigering","11":"product_tag-elttonav-sv","12":"product_tag-navigering","13":"product_tag-navigeringsgranssnitt","15":"first","16":"instock","17":"taxable","18":"shipping-taxable","19":"product-type-simple"},"acf":[],"_links":{"self":[{"href":"https:\/\/www.acrartex.com\/sv\/wp-json\/wp\/v2\/product\/153300","targetHints":{"allow":["GET"]}}],"collection":[{"href":"https:\/\/www.acrartex.com\/sv\/wp-json\/wp\/v2\/product"}],"about":[{"href":"https:\/\/www.acrartex.com\/sv\/wp-json\/wp\/v2\/types\/product"}],"wp:featuredmedia":[{"embeddable":true,"href":"https:\/\/www.acrartex.com\/sv\/wp-json\/wp\/v2\/media\/153302"}],"wp:attachment":[{"href":"https:\/\/www.acrartex.com\/sv\/wp-json\/wp\/v2\/media?parent=153300"}],"wp:term":[{"taxonomy":"product_brand","embeddable":true,"href":"https:\/\/www.acrartex.com\/sv\/wp-json\/wp\/v2\/product_brand?post=153300"},{"taxonomy":"product_cat","embeddable":true,"href":"https:\/\/www.acrartex.com\/sv\/wp-json\/wp\/v2\/product_cat?post=153300"},{"taxonomy":"product_tag","embeddable":true,"href":"https:\/\/www.acrartex.com\/sv\/wp-json\/wp\/v2\/product_tag?post=153300"}],"curies":[{"name":"wp","href":"https:\/\/api.w.org\/{rel}","templated":true}]}}