{"id":153263,"date":"2021-03-16T08:11:56","date_gmt":"2021-03-16T13:11:56","guid":{"rendered":"https:\/\/www.acrartex.com\/products\/2-trads-elt-rswt-granssnitt\/"},"modified":"2021-03-16T08:11:56","modified_gmt":"2021-03-16T13:11:56","slug":"2-trads-elt-rswt-granssnitt","status":"publish","type":"product","link":"https:\/\/www.acrartex.com\/sv\/products\/2-trads-elt-rswt-granssnitt\/","title":{"rendered":"2-tr\u00e5ds ELT \/RSWT-gr\u00e4nssnitt"},"content":{"rendered":"<p>M\u00e5nga av de befintliga TSO C91a-installationerna med Joliet, Pointer och Narco 121,5 MHz ELT:er anv\u00e4nder endast 2 ledningar mellan cockpitfj\u00e4rrbrytaren och ELT . Andra tillverkare av 121,5 MHz ELT:er anv\u00e4nder 3 eller 4 ledningar. Artex 2-tr\u00e5ds fj\u00e4rrgr\u00e4nssnitt anv\u00e4nder bara 2 av de befintliga ledningarna fr\u00e5n kablaget f\u00f6r att ansluta den nya cockpitfj\u00e4rrbrytaren till en Artex 406 MHz ELT f\u00f6r en f\u00f6renklad och kostnadseffektiv uppgradering.  <\/p>\n<ul>\n<li>Uppgradera alla befintliga C91a ELT installationer till Artex 406 MHz-teknik<\/li>\n<li>Ansluts mellan den nya fj\u00e4rrkontrollen i cockpiten och 406 MHz ELT<\/li>\n<li>F\u00f6renkla installationen och minska kostnaderna genom att anv\u00e4nda befintliga 2-, 3- eller 4-tr\u00e5dskonfigurationer<\/li>\n<li>En packlista inneh\u00e5ller alla delar som beh\u00f6vs f\u00f6r installationen<\/li>\n<li>Godk\u00e4nd av TSO C-126<\/li>\n<li>\u00c4nnu en eftermonteringsl\u00f6sning fr\u00e5n Artex Products, som bevisar v\u00e5rt engagemang f\u00f6r att minska installationskostnaderna f\u00f6r flygplans\u00e4gare<\/li>\n<\/ul>\n","protected":false},"excerpt":{"rendered":"<p>2-tr\u00e5ds fj\u00e4rrgr\u00e4nssnittet \u00e4r en uppf\u00f6ljare till ME406 ACE ELT . ME406 ACE n\u00f6dlokaliseringss\u00e4ndaren ers\u00e4tter nuvarande ACK- eller Ameri-King 121,5 MHz-ELT:er och levereras komplett med en fj\u00e4rrbrytare och adaptrar f\u00f6r att anv\u00e4nda befintlig kablage. 2-tr\u00e5ds ELT \/RSWT-gr\u00e4nssnittet anv\u00e4nder bara tv\u00e5 av de befintliga kablarna fr\u00e5n kablaget f\u00f6r att ansluta den nya fj\u00e4rrbrytaren i cockpiten till n\u00e5gon av 406 MHz-serien av ELT:er.  <\/p>\n","protected":false},"featured_media":153271,"template":"","meta":{"_acf_changed":false,"om_disable_all_campaigns":false},"product_brand":[],"product_cat":[5553],"product_tag":[8723,8731,8729,8727,8733,8725],"class_list":{"0":"post-153263","1":"product","2":"type-product","3":"status-publish","4":"has-post-thumbnail","6":"product_cat-flyg","7":"product_tag-2-tradar","8":"product_tag-2-tradig","9":"product_tag-2-tradig-rswt","10":"product_tag-2-trads-el","11":"product_tag-rswt-granssnitt","12":"product_tag-tva-tradar","14":"first","15":"instock","16":"taxable","17":"shipping-taxable","18":"product-type-simple"},"acf":[],"_links":{"self":[{"href":"https:\/\/www.acrartex.com\/sv\/wp-json\/wp\/v2\/product\/153263","targetHints":{"allow":["GET"]}}],"collection":[{"href":"https:\/\/www.acrartex.com\/sv\/wp-json\/wp\/v2\/product"}],"about":[{"href":"https:\/\/www.acrartex.com\/sv\/wp-json\/wp\/v2\/types\/product"}],"wp:featuredmedia":[{"embeddable":true,"href":"https:\/\/www.acrartex.com\/sv\/wp-json\/wp\/v2\/media\/153271"}],"wp:attachment":[{"href":"https:\/\/www.acrartex.com\/sv\/wp-json\/wp\/v2\/media?parent=153263"}],"wp:term":[{"taxonomy":"product_brand","embeddable":true,"href":"https:\/\/www.acrartex.com\/sv\/wp-json\/wp\/v2\/product_brand?post=153263"},{"taxonomy":"product_cat","embeddable":true,"href":"https:\/\/www.acrartex.com\/sv\/wp-json\/wp\/v2\/product_cat?post=153263"},{"taxonomy":"product_tag","embeddable":true,"href":"https:\/\/www.acrartex.com\/sv\/wp-json\/wp\/v2\/product_tag?post=153263"}],"curies":[{"name":"wp","href":"https:\/\/api.w.org\/{rel}","templated":true}]}}