{"id":153234,"date":"2021-03-16T08:12:00","date_gmt":"2021-03-16T13:12:00","guid":{"rendered":"https:\/\/www.acrartex.com\/products\/elt-till-navigeringsgranssnitt\/"},"modified":"2021-03-16T08:12:00","modified_gmt":"2021-03-16T13:12:00","slug":"elt-till-navigeringsgranssnitt","status":"publish","type":"product","link":"https:\/\/www.acrartex.com\/sv\/products\/elt-till-navigeringsgranssnitt\/","title":{"rendered":"ELT till navigeringsgr\u00e4nssnitt"},"content":{"rendered":"<p>Kunskapen om positionen (ned till 1 meter) g\u00f6r det m\u00f6jligt f\u00f6r r\u00e4ddningstj\u00e4nsten att omedelbart inleda ett uppdrag till flygplanets senast k\u00e4nda position. ELT \/NAV-gr\u00e4nssnittet uppfyller kraven i TSO C126 och JTSO-2C126 som en 406 MHz ELT systemkomponent. N\u00e4r tekniken \u00e4r korrekt registrerad kan den ge f\u00f6ljande information till r\u00e4ddningstj\u00e4nsten: 1) Flygplanstyp, 2) \u00c4gare(r), 3) N\u00f6dkontakt(er), 4) Landskod, 5) Flygplans-ID eller serienummer f\u00f6r ELT , 6) ELT -tillverkare och 7) Latitud\/Longitud-position.         <\/p>\n<p>En avancerad funktion i navigeringsgr\u00e4nssnittet \u00e4r m\u00f6jligheten att specialprogrammera ELT till den &#8220;24-bitarsadress&#8221; (Mode S-nummer) som tilldelats ett flygplan. Detta \u00e4r extremt anv\u00e4ndbart f\u00f6r flottoperat\u00f6rer som byter ut ELT:er eftersom det eliminerar behovet av att omprogrammera en ELT innan den installeras i ett annat flygplan. <\/p>\n<ul>\n<li>G\u00f6r att ELT kan s\u00e4nda flygplanets latitud och longitud<\/li>\n<li>Ansluter C406- och G406-seriens ELT:er till flygplanets flygstyrdator eller GPS mottagare<\/li>\n<li>Programmerar ELT med flygplanets 24-bitarsadress<\/li>\n<li>Kompatibel med system som: Garmin, UNSD, ARNAV, IIMorrow, Bendix King<\/li>\n<\/ul>\n","protected":false},"excerpt":{"rendered":"<p>N\u00e4r du befinner dig i en n\u00f6dsituation kan du vara trygg i vetskapen om att med ELT till-navigeringsgr\u00e4nssnittet kommer s\u00f6k- och r\u00e4ddningsteam att ha k\u00e4nnedom om din position inom 100 meter. ELT till-navigeringsgr\u00e4nssnittet \u00e4r utformat f\u00f6r att anslutas mellan flygplanets flygdator (FMC) eller GPS mottagare och vilken som helst av 406 MHz-serien av ELT:er. Detta g\u00f6r att din position kan s\u00e4ndas tillsammans med din n\u00f6dsignal.  <\/p>\n","protected":false},"featured_media":153238,"template":"","meta":{"_acf_changed":false,"om_disable_all_campaigns":false},"product_brand":[],"product_cat":[5835,5553,8624,5556],"product_tag":[5557,8671,8668,8678,8676,8673,8670],"class_list":{"0":"post-153234","1":"product","2":"type-product","3":"status-publish","4":"has-post-thumbnail","6":"product_cat-affarsjet","7":"product_cat-flyg","8":"product_cat-kommersiella-flygplan","9":"product_cat-rotocraft-sv","10":"product_tag-elt-sv","11":"product_tag-elt-till-navigationsgranssnitt","12":"product_tag-elt-till-navigering","13":"product_tag-flyg","14":"product_tag-flygplan","15":"product_tag-navigationsgranssnitt","16":"product_tag-navigering","17":"pa_aircraft-type-flygplan","18":"pa_aircraft-type-passagerarjet","19":"pa_aircraft-type-rotocraft-sv","20":"pa_aircraft-type-stora-jetstralar","21":"pa_product-elt-losningar","23":"first","24":"instock","25":"taxable","26":"shipping-taxable","27":"product-type-simple"},"acf":[],"_links":{"self":[{"href":"https:\/\/www.acrartex.com\/sv\/wp-json\/wp\/v2\/product\/153234","targetHints":{"allow":["GET"]}}],"collection":[{"href":"https:\/\/www.acrartex.com\/sv\/wp-json\/wp\/v2\/product"}],"about":[{"href":"https:\/\/www.acrartex.com\/sv\/wp-json\/wp\/v2\/types\/product"}],"wp:featuredmedia":[{"embeddable":true,"href":"https:\/\/www.acrartex.com\/sv\/wp-json\/wp\/v2\/media\/153238"}],"wp:attachment":[{"href":"https:\/\/www.acrartex.com\/sv\/wp-json\/wp\/v2\/media?parent=153234"}],"wp:term":[{"taxonomy":"product_brand","embeddable":true,"href":"https:\/\/www.acrartex.com\/sv\/wp-json\/wp\/v2\/product_brand?post=153234"},{"taxonomy":"product_cat","embeddable":true,"href":"https:\/\/www.acrartex.com\/sv\/wp-json\/wp\/v2\/product_cat?post=153234"},{"taxonomy":"product_tag","embeddable":true,"href":"https:\/\/www.acrartex.com\/sv\/wp-json\/wp\/v2\/product_tag?post=153234"}],"curies":[{"name":"wp","href":"https:\/\/api.w.org\/{rel}","templated":true}]}}