{"id":152908,"date":"2021-03-16T08:12:46","date_gmt":"2021-03-16T13:12:46","guid":{"rendered":"https:\/\/www.acrartex.com\/products\/lowpro3-cat-ii-epirb-faste\/"},"modified":"2021-03-16T08:12:46","modified_gmt":"2021-03-16T13:12:46","slug":"lowpro3-cat-ii-epirb-faste","status":"publish","type":"product","link":"https:\/\/www.acrartex.com\/sv\/products\/lowpro3-cat-ii-epirb-faste\/","title":{"rendered":"LowPro\u21223 Cat II EPIRB -f\u00e4ste"},"content":{"rendered":"<ul>\n<li>Env\u00e4gsmontering eliminerar m\u00f6jligheten att installera EPIRB bakv\u00e4nt<\/li>\n<li>Integrerad avaktiveringsmagnet f\u00f6rhindrar att EPIRB s\u00e4nder f\u00f6rr\u00e4n den \u00e4r utl\u00f6st<\/li>\n<li>Tv\u00e5delad design g\u00f6r att deaktiveringsmagneten kan lossas fr\u00e5n f\u00e4stet f\u00f6r f\u00f6rvaring p\u00e5 EPIRB i en dikesp\u00e5se f\u00f6r att f\u00f6rhindra falsklarm.<\/li>\n<\/ul>\n<p>Fungerar med GlobalFix \u2122 iPRO (RLB-36), GlobalFix \u2122 PRO (RLB-37), SATELLITE 3 406\u2122 (RLB-38)<\/p>\n","protected":false},"excerpt":{"rendered":"<p>LowPro\u21223 \u00e4r tillverkad av ett h\u00f6gdensitetsmaterial som s\u00e4kert f\u00f6rvarar din GlobalFix \u2122 iPRO\/PRO \u00e4ven efter \u00e5ratal av \u00e4ventyr.<\/p>\n<p> Denna EPIRB h\u00e5llare fungerar med f\u00f6ljande produkter:<\/p>\n<p> \u2022 GlobalFix \u2122 iPRO<\/p>\n<p> \u2022 GlobalFix \u2122 PRO<\/p>\n<p> \u2022 SATELLIT 3 406\u2122<\/p>\n<p>&nbsp;<\/p>\n<p>&nbsp;<\/p>\n","protected":false},"featured_media":152910,"template":"","meta":{"_acf_changed":false,"om_disable_all_campaigns":false},"product_brand":[],"product_cat":[5822,5826,5583,5823,5825],"product_tag":[8219,7094,8220,8222,7096,5585,5613,5602,8224,8228,8230,8226,5772],"class_list":{"0":"post-152908","1":"product","2":"type-product","3":"status-publish","4":"has-post-thumbnail","6":"product_cat-inat-landet","7":"product_cat-kommersiell","8":"product_cat-marin","9":"product_cat-nara-stranden","10":"product_cat-till-havs","11":"product_tag-406-epirb-sv","12":"product_tag-acr-sv","13":"product_tag-acr-globalfix-sv","14":"product_tag-acr-globalfix-406-sv","15":"product_tag-artex-sv","16":"product_tag-epirb-sv","17":"product_tag-global-losning","18":"product_tag-globalfix-sv","19":"product_tag-globalfix-406-epirb-sv","20":"product_tag-kategori-ii","21":"product_tag-lagt-proffs","22":"product_tag-lowpro-3-sv","23":"product_tag-personlig-lokaliseringsfyr-sv","24":"pa_boat-size-0-20-sv","25":"pa_boat-size-21-40-sv","26":"pa_boat-size-40-80-sv","27":"pa_boat-size-80-sv","28":"pa_boat-type-bogserbat","29":"pa_boat-type-charter-yacht-sv","30":"pa_boat-type-kommersiellt-fiske","31":"pa_boat-type-lastfartyg","32":"pa_boat-type-motorbat","33":"pa_boat-type-segelbat","34":"pa_boat-type-sportcraft-sv","35":"pa_boat-type-yacht-sv","36":"pa_product-arv","37":"pa_product-rescue-beacons-sv","38":"pa_product-rescue-beacons-vhf-sart-sv","39":"pa_product-sakerhetstillbehor","41":"first","42":"instock","43":"taxable","44":"shipping-taxable","45":"product-type-simple"},"acf":[],"_links":{"self":[{"href":"https:\/\/www.acrartex.com\/sv\/wp-json\/wp\/v2\/product\/152908","targetHints":{"allow":["GET"]}}],"collection":[{"href":"https:\/\/www.acrartex.com\/sv\/wp-json\/wp\/v2\/product"}],"about":[{"href":"https:\/\/www.acrartex.com\/sv\/wp-json\/wp\/v2\/types\/product"}],"wp:featuredmedia":[{"embeddable":true,"href":"https:\/\/www.acrartex.com\/sv\/wp-json\/wp\/v2\/media\/152910"}],"wp:attachment":[{"href":"https:\/\/www.acrartex.com\/sv\/wp-json\/wp\/v2\/media?parent=152908"}],"wp:term":[{"taxonomy":"product_brand","embeddable":true,"href":"https:\/\/www.acrartex.com\/sv\/wp-json\/wp\/v2\/product_brand?post=152908"},{"taxonomy":"product_cat","embeddable":true,"href":"https:\/\/www.acrartex.com\/sv\/wp-json\/wp\/v2\/product_cat?post=152908"},{"taxonomy":"product_tag","embeddable":true,"href":"https:\/\/www.acrartex.com\/sv\/wp-json\/wp\/v2\/product_tag?post=152908"}],"curies":[{"name":"wp","href":"https:\/\/api.w.org\/{rel}","templated":true}]}}