{"id":152896,"date":"2021-03-16T08:12:52","date_gmt":"2021-03-16T13:12:52","guid":{"rendered":"https:\/\/www.acrartex.com\/products\/quickdraw-cat-ii-epirb-faste\/"},"modified":"2021-03-16T08:12:52","modified_gmt":"2021-03-16T13:12:52","slug":"quickdraw-cat-ii-epirb-faste","status":"publish","type":"product","link":"https:\/\/www.acrartex.com\/sv\/products\/quickdraw-cat-ii-epirb-faste\/","title":{"rendered":"QuickDraw\u2122 Cat II EPIRB f\u00e4ste"},"content":{"rendered":"<ul>\n<li>Env\u00e4gsmontering eliminerar m\u00f6jligheten att installera EPIRB bakv\u00e4nt<\/li>\n<li>Integrerad avaktiveringsmagnet f\u00f6rhindrar att EPIRB s\u00e4nder f\u00f6rr\u00e4n den \u00e4r utl\u00f6st<\/li>\n<li>Fungerar med ACR GlobalFix \u2122 iPRO (RLB-36), GlobalFix \u2122 PRO (RLB-37), SATELLITE 3 406\u2122 (RLB-38), ResQmate G (RLB-39A) och ResQmate (RLB-40)<\/li>\n<\/ul>\n","protected":false},"excerpt":{"rendered":"<p>QuickDraw\u2122 Cat II \u00e4r tillverkad av ett h\u00f6gdensitetsmaterial som s\u00e4kert f\u00f6rvarar din GlobalFix \u2122 iPRO\/PRO \u00e4ven efter flera \u00e5rs \u00e4ventyr.<\/p>\n<p>Denna EPIRB h\u00e5llare fungerar med f\u00f6ljande produkter:<\/p>\n<p>\u2022 GlobalFix \u2122 iPRO (RLB-36)<\/p>\n<p>\u2022 GlobalFix \u2122 PRO (RLB-37)<\/p>\n<p>\u2022 SATELLITE 3 406\u2122 (RLB-38)<\/p>\n<p>\u2022 ResQmate G (RLB-39A)<\/p>\n<p>\u2022 ResQmate (RLB-40)<\/p>\n<p>&nbsp;<\/p>\n<p><span style=\"color: #e74c3c;\">KOD: <strong>SHIPFREE19<\/strong> Fri markfrakt p\u00e5 best\u00e4llningar \u00f6ver 30 U$. G\u00e4ller ej Hawaii och Alaska <\/span><\/p>\n<p>&nbsp;<\/p>\n","protected":false},"featured_media":152897,"template":"","meta":{"_acf_changed":false,"om_disable_all_campaigns":false},"product_brand":[],"product_cat":[5822,5826,5583,5823,5825],"product_tag":[7094,8171,8172,8173,6722,8175,8174,8176,8177,8178],"class_list":{"0":"post-152896","1":"product","2":"type-product","3":"status-publish","4":"has-post-thumbnail","6":"product_cat-inat-landet","7":"product_cat-kommersiell","8":"product_cat-marin","9":"product_cat-nara-stranden","10":"product_cat-till-havs","11":"product_tag-acr-sv","12":"product_tag-epirb-kat-2","13":"product_tag-kategori-2-klassificering","14":"product_tag-kategori-ii-klass","15":"product_tag-katt-i","16":"product_tag-lagprofilfaste-for-epirb","17":"product_tag-skottmonterad-epirb","18":"product_tag-snabb-dragning","19":"product_tag-snabbdragning","20":"product_tag-snabbt","21":"pa_boat-size-0-20-sv","22":"pa_boat-size-21-40-sv","23":"pa_boat-size-40-80-sv","24":"pa_boat-size-80-sv","25":"pa_boat-type-bogserbat","26":"pa_boat-type-charter-yacht-sv","27":"pa_boat-type-kommersiellt-fiske","28":"pa_boat-type-lastfartyg","29":"pa_boat-type-motorbat","30":"pa_boat-type-segelbat","31":"pa_boat-type-sportcraft-sv","32":"pa_boat-type-yacht-sv","33":"pa_product-arv","34":"pa_product-rescue-beacons-sv","35":"pa_product-rescue-beacons-vhf-sart-sv","36":"pa_product-sakerhetstillbehor","38":"first","39":"outofstock","40":"taxable","41":"shipping-taxable","42":"product-type-simple"},"acf":[],"_links":{"self":[{"href":"https:\/\/www.acrartex.com\/sv\/wp-json\/wp\/v2\/product\/152896","targetHints":{"allow":["GET"]}}],"collection":[{"href":"https:\/\/www.acrartex.com\/sv\/wp-json\/wp\/v2\/product"}],"about":[{"href":"https:\/\/www.acrartex.com\/sv\/wp-json\/wp\/v2\/types\/product"}],"wp:featuredmedia":[{"embeddable":true,"href":"https:\/\/www.acrartex.com\/sv\/wp-json\/wp\/v2\/media\/152897"}],"wp:attachment":[{"href":"https:\/\/www.acrartex.com\/sv\/wp-json\/wp\/v2\/media?parent=152896"}],"wp:term":[{"taxonomy":"product_brand","embeddable":true,"href":"https:\/\/www.acrartex.com\/sv\/wp-json\/wp\/v2\/product_brand?post=152896"},{"taxonomy":"product_cat","embeddable":true,"href":"https:\/\/www.acrartex.com\/sv\/wp-json\/wp\/v2\/product_cat?post=152896"},{"taxonomy":"product_tag","embeddable":true,"href":"https:\/\/www.acrartex.com\/sv\/wp-json\/wp\/v2\/product_tag?post=152896"}],"curies":[{"name":"wp","href":"https:\/\/api.w.org\/{rel}","templated":true}]}}