{"id":152873,"date":"2021-03-16T08:14:06","date_gmt":"2021-03-16T13:14:06","guid":{"rendered":"https:\/\/www.acrartex.com\/products\/fjarrbrytare-lear\/"},"modified":"2021-03-16T08:14:06","modified_gmt":"2021-03-16T13:14:06","slug":"fjarrbrytare-lear","status":"publish","type":"product","link":"https:\/\/www.acrartex.com\/sv\/products\/fjarrbrytare-lear\/","title":{"rendered":"Fj\u00e4rrbrytare \u2013 Lear"},"content":{"rendered":"","protected":false},"excerpt":{"rendered":"<p>Denna fj\u00e4rrbrytare \u00e4r utformad f\u00f6r att uppfylla kraven f\u00f6r Lear-aff\u00e4rsjetplan.<\/p>\n<p>&nbsp;<\/p>\n","protected":false},"featured_media":152874,"template":"","meta":{"_acf_changed":false,"om_disable_all_campaigns":false},"product_brand":[],"product_cat":[2927],"product_tag":[6999,6799,6800,6798,7000,7001,6801,6797,7002],"class_list":{"0":"post-152873","1":"product","2":"type-product","3":"status-publish","4":"has-post-thumbnail","6":"product_cat-okategoriserad","7":"product_tag-boeing-elt-panel-sv","8":"product_tag-fjarrbrytare-cessna","9":"product_tag-fjarrbrytare-lear","10":"product_tag-fjarrbrytare-oem","11":"product_tag-lar-el-brytare","12":"product_tag-larbrytare-elt","13":"product_tag-militar-elt-brytare","14":"product_tag-oem-elt-fjarrbrytare","15":"product_tag-oem-elbrytare","17":"first","18":"instock","19":"taxable","20":"shipping-taxable","21":"product-type-simple"},"acf":[],"_links":{"self":[{"href":"https:\/\/www.acrartex.com\/sv\/wp-json\/wp\/v2\/product\/152873","targetHints":{"allow":["GET"]}}],"collection":[{"href":"https:\/\/www.acrartex.com\/sv\/wp-json\/wp\/v2\/product"}],"about":[{"href":"https:\/\/www.acrartex.com\/sv\/wp-json\/wp\/v2\/types\/product"}],"wp:featuredmedia":[{"embeddable":true,"href":"https:\/\/www.acrartex.com\/sv\/wp-json\/wp\/v2\/media\/152874"}],"wp:attachment":[{"href":"https:\/\/www.acrartex.com\/sv\/wp-json\/wp\/v2\/media?parent=152873"}],"wp:term":[{"taxonomy":"product_brand","embeddable":true,"href":"https:\/\/www.acrartex.com\/sv\/wp-json\/wp\/v2\/product_brand?post=152873"},{"taxonomy":"product_cat","embeddable":true,"href":"https:\/\/www.acrartex.com\/sv\/wp-json\/wp\/v2\/product_cat?post=152873"},{"taxonomy":"product_tag","embeddable":true,"href":"https:\/\/www.acrartex.com\/sv\/wp-json\/wp\/v2\/product_tag?post=152873"}],"curies":[{"name":"wp","href":"https:\/\/api.w.org\/{rel}","templated":true}]}}