{"id":152784,"date":"2021-03-16T08:16:22","date_gmt":"2021-03-16T13:16:22","guid":{"rendered":"https:\/\/www.acrartex.com\/products\/ms-2000m2-vattenbug\/"},"modified":"2021-03-16T08:16:22","modified_gmt":"2021-03-16T13:16:22","slug":"ms-2000m2-vattenbug","status":"publish","type":"product","link":"https:\/\/www.acrartex.com\/sv\/products\/ms-2000m2-vattenbug\/","title":{"rendered":"MS-2000(M2) Vattenbug"},"content":{"rendered":"<p>Liksom v\u00e5ra h\u00f6gt ansedda och p\u00e5litliga SDU-5E och MS-2000(M) \u00e4r MS-2000(M2) utformad f\u00f6r att uppfylla eller \u00f6vertr\u00e4ffa milit\u00e4ra specifikationer, inklusive MIL-L-38217D och CID AA-59176, och den har m\u00e5nga f\u00f6rb\u00e4ttrade livr\u00e4ddande funktioner f\u00f6r att klara flera uppdrag.<\/p>\n<ul>\n<li>Ny vibrationsfunktion varnar dig i hemlighet om aktivering och l\u00e4ges\u00e4ndringar n\u00e4r du anv\u00e4nder IR-sk\u00f6lden<\/li>\n<li>Vattenaktiveringssensorer aktiverar automatiskt ljuset n\u00e4r de \u00e4r aktiverade<\/li>\n<li>4 aktiveringsl\u00e4gen att v\u00e4lja mellan: Tillkopplad, Stroboskop, SOS eller Fast sken<\/li>\n<li>Uppfyller milit\u00e4rens senaste krav och passar praktiskt taget alla till\u00e4mpningar<\/li>\n<li>Ny fl\u00e4tad st\u00e5lh\u00e5llare h\u00e5ller batterilocket p\u00e5 plats<\/li>\n<li>Silikonformad bel\u00e4ggning p\u00e5 elektroniska komponenter skyddar mot fukt<\/li>\n<li>Riktningsriktat bl\u00e5tt filter varnar f\u00f6r v\u00e4nliga styrkor, skiljer stroboskop fr\u00e5n markeld<\/li>\n<li>Upp till 56 timmars drifttid med 2 vanliga alkaliska AA-batterier (anv\u00e4nd litiumbatterier f\u00f6r extremt kalla milj\u00f6er eller l\u00e5ngvarig f\u00f6rvaring)<\/li>\n<li>Bifogat infrar\u00f6tt (IR) filter f\u00f6r m\u00f6rkerseendeglas\u00f6gon (NVG) med filtfoder f\u00f6r att f\u00f6rhindra uppenbart ljusl\u00e4ckage<\/li>\n<li>Toppmodern LED-teknik<\/li>\n<li>Upph\u00f6jda polaritetsindikatorer m\u00f6jligg\u00f6r korrekt batteriplacering<\/li>\n<\/ul>\n","protected":false},"excerpt":{"rendered":"<p>N\u00e4r det g\u00e4ller att r\u00e4dda liv \u00e4r allt annat \u00e4n det b\u00e4sta ett alternativ. Sedan introduktionen av den ursprungliga MS-2000 har den blivit den huvudsakliga s\u00f6k- och r\u00e4ddningslampan (C-SAR) som b\u00e4rs av elitstyrkor runt om i v\u00e4rlden. Denna blixtmarkeringslampa har den senaste LED-tekniken och uppfyller milit\u00e4rens senaste krav. Dess vibrationsfunktion varnar dig f\u00f6r aktivering och l\u00e4ges\u00e4ndringar n\u00e4r du anv\u00e4nder IR-sk\u00f6lden, och dess vattenaktiveringssensorer sl\u00e5r automatiskt p\u00e5 lampan n\u00e4r den kommer i kontakt med s\u00f6t- eller saltvatten. Med fyra aktiveringsl\u00e4gen att v\u00e4lja mellan: Bev\u00e4pnad, Blixt, SOS eller Fast sken, \u00e4r du redo att lysa med ditt ljus i n\u00e4stan alla situationer.    <\/p>\n","protected":false},"featured_media":152787,"template":"","meta":{"_acf_changed":false,"om_disable_all_campaigns":false},"product_brand":[],"product_cat":[5820],"product_tag":[7953,7957,7940,7936,7946,7614,7950,7943],"class_list":{"0":"post-152784","1":"product","2":"type-product","3":"status-publish","4":"has-post-thumbnail","6":"product_cat-militar","7":"product_tag-3991-sv","8":"product_tag-3991-2-sv","9":"product_tag-blixt","10":"product_tag-ljus","11":"product_tag-marknadsljus","12":"product_tag-ms2000-sv","13":"product_tag-vattenkryp","14":"product_tag-waterbug-stroboskoplampa","16":"first","17":"instock","18":"taxable","19":"shipping-taxable","20":"product-type-simple"},"acf":[],"_links":{"self":[{"href":"https:\/\/www.acrartex.com\/sv\/wp-json\/wp\/v2\/product\/152784","targetHints":{"allow":["GET"]}}],"collection":[{"href":"https:\/\/www.acrartex.com\/sv\/wp-json\/wp\/v2\/product"}],"about":[{"href":"https:\/\/www.acrartex.com\/sv\/wp-json\/wp\/v2\/types\/product"}],"wp:featuredmedia":[{"embeddable":true,"href":"https:\/\/www.acrartex.com\/sv\/wp-json\/wp\/v2\/media\/152787"}],"wp:attachment":[{"href":"https:\/\/www.acrartex.com\/sv\/wp-json\/wp\/v2\/media?parent=152784"}],"wp:term":[{"taxonomy":"product_brand","embeddable":true,"href":"https:\/\/www.acrartex.com\/sv\/wp-json\/wp\/v2\/product_brand?post=152784"},{"taxonomy":"product_cat","embeddable":true,"href":"https:\/\/www.acrartex.com\/sv\/wp-json\/wp\/v2\/product_cat?post=152784"},{"taxonomy":"product_tag","embeddable":true,"href":"https:\/\/www.acrartex.com\/sv\/wp-json\/wp\/v2\/product_tag?post=152784"}],"curies":[{"name":"wp","href":"https:\/\/api.w.org\/{rel}","templated":true}]}}