{"id":152651,"date":"2021-03-16T08:15:18","date_gmt":"2021-03-16T13:15:18","guid":{"rendered":"https:\/\/www.acrartex.com\/products\/rcl-100-led-sokarljus\/"},"modified":"2026-03-06T07:03:47","modified_gmt":"2026-03-06T12:03:47","slug":"rcl-100-led-sokarljus","status":"publish","type":"product","link":"https:\/\/www.acrartex.com\/sv\/products\/rcl-100-led-sokarljus\/","title":{"rendered":"RCL -100 LED-s\u00f6karljus"},"content":{"rendered":"<p>LED-str\u00e5lkastaren RCL -100 forts\u00e4tter att anv\u00e4nda samma robusta design som den ursprungliga RCL -100D, men har en ny effektiv 9-LED-upps\u00e4ttning som producerar \u00f6ver 220 000 candela ljus. Det starka och l\u00e4tta aluminiumhuset tillsammans med glaslinsen \u00e4r v\u00e4dert\u00e4tade f\u00f6r \u00e5ratal av problemfri drift. Andra funktioner inkluderar en tr\u00e5dbunden fj\u00e4rrkontroll som m\u00f6jligg\u00f6r kontinuerlig 360 graders rotation med snabb eller l\u00e5ngsam hastighet utan kr\u00e5ngel med ett h\u00e5rt stopp. Med en 7-graders str\u00e5lvinkel ger ljuset \u00e4ven elevationsvinklar p\u00e5 9 grader upp\u00e5t och 17 grader ned\u00e5t f\u00f6r att g\u00f6ra belysning av dragbroar, bojar och bryggor till en barnlek.   <\/p>\n<p>Alla str\u00e5lkastare \u00e4r inte skapade lika och kroppen \u00e4r trippelgrundad och m\u00e5lad med UV-stabilisator f\u00f6r att klara \u00e5ratal i den tuffa marina milj\u00f6n. RCL -100 LED-str\u00e5lkastarens insida \u00e4r helt inkapslad och ger exakt lutningskontroll av str\u00e5len samtidigt som den f\u00f6rblir skyddad. Den effektivt utformade LED-upps\u00e4ttningen ger \u00f6ver 40 000 timmar. Ljuset har ocks\u00e5 v\u00e5r exklusiva XRCiZ\u2122-funktion, som roterar oberoende var 30:e dag fr\u00e5n aktivering f\u00f6r att s\u00e4kerst\u00e4lla att alla lagerytor \u00e4r fria fr\u00e5n korrosion och att alla elektriska kontakter fungerar. RCL -100 LED \u00e4r v\u00e4derbest\u00e4ndig och drivs med 12 eller 24 DC.    <\/p>\n<p>Den nya ACR RCL -100 LED-lampan s\u00e4ljs i ett praktiskt kit konfigurerat enligt f\u00f6ljande.<\/p>\n<ul>\n<li>Kabelanslutet kit: RCL -100 LED-s\u00f6karljus med huvudkontroll och kabelansluten pekplatta (artikelnummer 1951 eller 1951.B)<\/li>\n<\/ul>\n<p>&nbsp;<\/p>\n<h3>Huvudfunktioner hos nya RCL -100 LED:<\/h3>\n<ul>\n<li>Ultraljust 9-LED-upps\u00e4ttning genererar \u00f6ver 220 000 candela per maximal ljusstyrka<\/li>\n<li>Effektiva LED-lampor med l\u00e5ng livsl\u00e4ngd \u2013 40 000 driftstimmar<\/li>\n<li>Minskad str\u00f6mf\u00f6rbrukning med upp till 50 % p\u00e5 12V-fartyg<\/li>\n<li>Styrenheten har toppmodern elektronik f\u00f6r att skydda ljuset fr\u00e5n de flesta str\u00f6mavbrott.<\/li>\n<li>Intern h\u00f6jningsmekanism f\u00f6r exakt lutningskontroll av str\u00e5len; skyddar h\u00f6jningsmekanismen fr\u00e5n v\u00e4der<\/li>\n<li>Robust, trippelprimerat och t\u00e4tat h\u00f6lje i marin aluminium<\/li>\n<li>Inkluderar fingertoppsfj\u00e4rrkontroll f\u00f6r Point Pad; upp till tre fj\u00e4rrstyrda Point Pad-enheter kan installeras i systemet; alternativ f\u00f6r ytmontering\/inf\u00e4lld montering ing\u00e5r<\/li>\n<li>Den exklusiva XRCiZ\u2122-funktionen roterar och flyttar ljusaggregatet var 30:e dag fr\u00e5n aktivering f\u00f6r att h\u00e5lla alla lagerytor fria fr\u00e5n korrosion och alla elektriska kontakter funktionella.<\/li>\n<li>Kabelh\u00e4rvan p\u00e5 4,57 m<\/li>\n<li>Tv\u00e5v\u00e4xlad motor<\/li>\n<\/ul>\n<p>&nbsp;<\/p>\n<h3>Tillg\u00e4ngliga konfigurationer:<\/h3>\n<p>RCL-100 LED finns i ett antal olika praktiska konfigurationer enligt nedan.<\/p>\n<p>&nbsp;<\/p>\n<p><em><strong>Artikelnummer f\u00f6r s\u00f6kljussatser som anv\u00e4nder URP-102-pekplattan och URC-103 huvudkontrollenheten:<\/strong><\/em><\/p>\n<table>\n<tbody>\n<tr>\n<td width=\"103\"><strong>ARTIKELNUMMER<\/strong><\/td>\n<td width=\"619\"><strong>BESKRIVNING<\/strong><\/td>\n<\/tr>\n<tr>\n<td width=\"103\">1951<\/td>\n<td width=\"619\">RCL-100 LED, vit, med URC-103 huvudkontroll och URC-102 pekplatta<\/td>\n<\/tr>\n<tr>\n<td width=\"103\">1951.B<\/td>\n<td width=\"619\">RCL-100 LED, svart, med URC-103 huvudkontroll och URC-102 pekplatta<\/td>\n<\/tr>\n<\/tbody>\n<\/table>\n<p>&nbsp;<\/p>\n<p><em><strong>Artikelnummer f\u00f6r s\u00f6kljussatser som anv\u00e4nder den uppgraderade URP-103-pekplattan och URC-104-huvudkontrollen:<\/strong><\/em><\/p>\n<table>\n<tbody>\n<tr>\n<td width=\"103\"><strong>ARTIKELNUMMER<\/strong><\/td>\n<td width=\"619\"><strong>BESKRIVNING<\/strong><\/td>\n<\/tr>\n<tr>\n<td width=\"103\">1976<\/td>\n<td width=\"619\">RCL-100 LED, vit, med ny URC-104 huvudkontroll, URP-103 pekplatta och URH-103 handh\u00e5llen tr\u00e5dl\u00f6s fj\u00e4rrkontroll<\/td>\n<\/tr>\n<tr>\n<td width=\"103\">1977<\/td>\n<td width=\"619\">RCL-100 LED, svart, med ny URC-104 huvudkontroll, URP-103 pekplatta och URH-103 handh\u00e5llen tr\u00e5dl\u00f6s fj\u00e4rrkontroll<\/td>\n<\/tr>\n<tr>\n<td width=\"103\">1978<\/td>\n<td width=\"619\">RCL-100 LED, vit, med ny URC-104 huvudkontroll och URC-103 pekplatta<\/td>\n<\/tr>\n<tr>\n<td width=\"103\">1979<\/td>\n<td width=\"619\">RCL-100 LED, svart, med ny URC-104 huvudkontroll och URC-103 pekplatta<\/td>\n<\/tr>\n<\/tbody>\n<\/table>\n<h3><\/h3>\n<p>&nbsp;<\/p>\n<p>&nbsp;<\/p>\n<h3>Installationsanvisningar f\u00f6r mobilappen:<\/h3>\n<p>&nbsp;<\/p>\n<p><strong>OBS! S\u00f6kljus-WiFi-modulen, som kr\u00e4vs f\u00f6r att anv\u00e4nda iOS- eller Android-apparna, har nu utg\u00e5tt. Informationen nedan g\u00e4ller tidigare kunder som redan har WiFi-modulen och som d\u00e4rf\u00f6r kan beh\u00f6va anv\u00e4nda appen. <\/strong><\/p>\n<p>&nbsp;<\/p>\n<p><em><strong>iOS \u2013 Bes\u00f6k Apple App Store, s\u00f6k efter \u201d ACR Searchlight\u201d och ladda ner gratisappen<\/strong><\/em><\/p>\n<p><em><strong>Android \u2013 Som visas p\u00e5 sk\u00e4rmbilden nedan, g\u00e5 till inst\u00e4llningssk\u00e4rmen &#8220;L\u00e5ssk\u00e4rm och s\u00e4kerhet&#8221; p\u00e5 din mobila enhet som du vill anv\u00e4nda f\u00f6r att styra din s\u00f6kljuslampa, v\u00e4lj alternativet f\u00f6r att till\u00e5ta installation av appar fr\u00e5n &#8220;Ok\u00e4nda k\u00e4llor&#8221; och klicka p\u00e5 &#8220;OK&#8221;. N\u00e4r du har slutf\u00f6rt dessa steg <a href=\"https:\/\/www.dropbox.com\/scl\/fi\/7vf72mbbatofnee3bw3mx\/ACR_searchlight_release.apk?rlkey=codcu1zvl5yhy7bryqn29e8pv&amp;dl=1\">klickar du h\u00e4r<\/a> f\u00f6r att installera mobilappen ACR Searchlight p\u00e5 din enhet. <\/strong><\/em><\/p>\n<p><a href=\"https:\/\/www.acrartex.com\/wp-content\/uploads\/2021\/03\/Android-Searchlight-App_Download-Instructions.png\"><img loading=\"lazy\" decoding=\"async\" class=\" wp-image-83080 aligncenter\" src=\"https:\/\/www.acrartex.com\/wp-content\/uploads\/2021\/03\/Android-Searchlight-App_Download-Instructions-300x265.png\" alt=\"\" width=\"317\" height=\"280\" srcset=\"https:\/\/www.acrartex.com\/wp-content\/uploads\/2021\/03\/Android-Searchlight-App_Download-Instructions-300x265.png 300w, https:\/\/www.acrartex.com\/wp-content\/uploads\/2021\/03\/Android-Searchlight-App_Download-Instructions.png 446w\" sizes=\"auto, (max-width: 317px) 100vw, 317px\" \/><\/a><\/p>\n","protected":false},"excerpt":{"rendered":"<p>LED-versionen av v\u00e5r mest popul\u00e4ra RCL -100D-str\u00e5lkastare ger h\u00f6gintensiv LED-prestanda som lyser igenom n\u00e4tter och svaga ljusf\u00f6rh\u00e5llanden med en lysande ljusstyrka p\u00e5 220 000 candela. RCL -100 LED:s traditionellt eleganta design g\u00f6r den till ett attraktivt och kostnadseffektivt val f\u00f6r sportyachter, megayachter, sportfiskare och l\u00e4tta kommersiella fartyg. Med effektivare lysdioder har RCL -100 LED minskat str\u00f6mf\u00f6rbrukningen med upp till 50 % p\u00e5 12V-fartyg.  <\/p>\n<p>\u00c4gare av RCL -100 LED-str\u00e5lkastaren och den \u00e4ldre halogenstr\u00e5lkastaren RCL -100D har m\u00f6jlighet att k\u00f6pa <a href=\"https:\/\/www.acrartex.com\/sv\/products\/wi-fi-fjarrkontrollmodul\/\">Wifi-fj\u00e4rrkontrollmodulen<\/a> som ger flexibiliteten att styra din RCL -100 LED och RCL -100D med hj\u00e4lp av den kostnadsfria ACR Searchlight-appen. <a href=\"https:\/\/www.dropbox.com\/s\/68k95jlvicbgmgy\/Privacy%20Policy_ACR%20Searchlight%20App.pdf?dl=1\">Integritetspolicyn f\u00f6r ACR Searchlight-appen kan n\u00e5s via den h\u00e4r l\u00e4nken<\/a> .<\/p>\n<p>&nbsp;<\/p>\n<p style=\"margin-left: 0in; margin-right: 0in;\"><span style=\"font-size: 11pt;\"><span style=\"font-family: Calibri,sans-serif;\"><a style=\"color: blue; text-decoration: underline;\" href=\"https:\/\/www.dropbox.com\/s\/ezakylsa2478sav\/Prop%2065%20-%20DINP%20and%20BPA.pdf?dl=0\"><span style=\"color: #000000;\">VARNING: F\u00d6RSLAG 65<\/span><\/a><\/span><\/span><\/p>\n","protected":false},"featured_media":36738,"template":"","meta":{"_acf_changed":false,"om_disable_all_campaigns":false},"product_brand":[],"product_cat":[5822,5826,5583,5823,7092,5825],"product_tag":[7702,7704,7669,7112,7698,7695,7103,7657,7661,7679,7691,7674,7105,7665,7107,7687,7683,7099,7110,7101],"class_list":{"0":"post-152651","1":"product","2":"type-product","3":"status-publish","4":"has-post-thumbnail","6":"product_cat-inat-landet","7":"product_cat-kommersiell","8":"product_cat-marin","9":"product_cat-nara-stranden","10":"product_cat-stralkastare","11":"product_cat-till-havs","12":"product_tag-1951-sv","13":"product_tag-1951-b-sv","14":"product_tag-acr-rcl-100-led-sv","15":"product_tag-acr-sokljus","16":"product_tag-art-nr-1951","17":"product_tag-artikelnummer-1951","18":"product_tag-batstralkastare","19":"product_tag-led-batstralkastare","20":"product_tag-led-sokljus","21":"product_tag-led-sokljus-sv","22":"product_tag-led-stralkastare-for-bat","23":"product_tag-marin-led-sokarljus","24":"product_tag-marin-sokljus","25":"product_tag-marina-led-stralkastare","26":"product_tag-marina-stralkastare","27":"product_tag-rcl-100-led-sv","28":"product_tag-rcl-100-led-sokljus","29":"product_tag-sokarljus","30":"product_tag-sokljusforetag","31":"product_tag-stralkastare-till-salu","32":"pa_product-sokljus","34":"first","35":"instock","36":"taxable","37":"shipping-taxable","38":"purchasable","39":"product-type-variable"},"acf":[],"_links":{"self":[{"href":"https:\/\/www.acrartex.com\/sv\/wp-json\/wp\/v2\/product\/152651","targetHints":{"allow":["GET"]}}],"collection":[{"href":"https:\/\/www.acrartex.com\/sv\/wp-json\/wp\/v2\/product"}],"about":[{"href":"https:\/\/www.acrartex.com\/sv\/wp-json\/wp\/v2\/types\/product"}],"wp:featuredmedia":[{"embeddable":true,"href":"https:\/\/www.acrartex.com\/sv\/wp-json\/wp\/v2\/media\/36738"}],"wp:attachment":[{"href":"https:\/\/www.acrartex.com\/sv\/wp-json\/wp\/v2\/media?parent=152651"}],"wp:term":[{"taxonomy":"product_brand","embeddable":true,"href":"https:\/\/www.acrartex.com\/sv\/wp-json\/wp\/v2\/product_brand?post=152651"},{"taxonomy":"product_cat","embeddable":true,"href":"https:\/\/www.acrartex.com\/sv\/wp-json\/wp\/v2\/product_cat?post=152651"},{"taxonomy":"product_tag","embeddable":true,"href":"https:\/\/www.acrartex.com\/sv\/wp-json\/wp\/v2\/product_tag?post=152651"}],"curies":[{"name":"wp","href":"https:\/\/api.w.org\/{rel}","templated":true}]}}